{"id":17030,"date":"2024-03-16T16:26:29","date_gmt":"2024-03-16T08:26:29","guid":{"rendered":"https:\/\/firstmold.com\/?page_id=17030"},"modified":"2025-12-01T08:56:53","modified_gmt":"2025-12-01T00:56:53","slug":"terms-and-conditions","status":"publish","type":"page","link":"https:\/\/firstmold.com\/pl\/terms-and-conditions\/","title":{"rendered":"Zasady i warunki"},"content":{"rendered":"<div data-elementor-type=\"wp-page\" data-elementor-id=\"17030\" class=\"elementor elementor-17030\" data-elementor-post-type=\"page\">\n\t\t\t\t<div class=\"elementor-element elementor-element-26dc57b e-con-full fm2-section e-flex e-con e-parent\" data-id=\"26dc57b\" data-element_type=\"container\">\n\t\t<div class=\"elementor-element elementor-element-f5c7e46 e-con-full ho2ho-under-link e-flex e-con e-child\" data-id=\"f5c7e46\" data-element_type=\"container\">\n\t\t\t\t<div class=\"elementor-element elementor-element-22eb25e elementor-widget elementor-widget-heading\" data-id=\"22eb25e\" data-element_type=\"widget\" data-widget_type=\"heading.default\">\n\t\t\t\t<div class=\"elementor-widget-container\">\n\t\t\t\t\t<h1 class=\"elementor-heading-title elementor-size-default\">Zasady i warunki<\/h1>\t\t\t\t<\/div>\n\t\t\t\t<\/div>\n\t\t\t\t<div class=\"elementor-element elementor-element-813be2a elementor-widget elementor-widget-text-editor\" data-id=\"813be2a\" data-element_type=\"widget\" data-widget_type=\"text-editor.default\">\n\t\t\t\t<div class=\"elementor-widget-container\">\n\t\t\t\t\t\t\t\t\t<p>Witamy w FirstMold. Niniejsze Warunki reguluj\u0105 korzystanie z naszej strony internetowej i us\u0142ug. Uzyskuj\u0105c dost\u0119p do naszych us\u0142ug lub korzystaj\u0105c z nich, u\u017cytkownik wyra\u017ca zgod\u0119 na przestrzeganie niniejszych warunk\u00f3w, kt\u00f3re ustanawiaj\u0105 stosunek umowny mi\u0119dzy u\u017cytkownikiem a FirstMold.<\/p>\t\t\t\t\t\t\t\t<\/div>\n\t\t\t\t<\/div>\n\t\t\t\t<div class=\"elementor-element elementor-element-aa637c1 elementor-widget elementor-widget-heading\" data-id=\"aa637c1\" data-element_type=\"widget\" data-widget_type=\"heading.default\">\n\t\t\t\t<div class=\"elementor-widget-container\">\n\t\t\t\t\t<h2 class=\"elementor-heading-title elementor-size-default\">Korzystanie z us\u0142ug<\/h2>\t\t\t\t<\/div>\n\t\t\t\t<\/div>\n\t\t\t\t<div class=\"elementor-element elementor-element-506888f elementor-widget elementor-widget-text-editor\" data-id=\"506888f\" data-element_type=\"widget\" data-widget_type=\"text-editor.default\">\n\t\t\t\t<div class=\"elementor-widget-container\">\n\t\t\t\t\t\t\t\t\t<p>Nasze us\u0142ugi s\u0105 dost\u0119pne dla os\u00f3b fizycznych i firm zdolnych do zawierania prawnie wi\u0105\u017c\u0105cych um\u00f3w zgodnie z obowi\u0105zuj\u0105cym prawem. Je\u015bli nie kwalifikujesz si\u0119, nie korzystaj z naszych us\u0142ug.<\/p>\t\t\t\t\t\t\t\t<\/div>\n\t\t\t\t<\/div>\n\t\t\t\t<div class=\"elementor-element elementor-element-b98ccc8 elementor-widget elementor-widget-heading\" data-id=\"b98ccc8\" data-element_type=\"widget\" data-widget_type=\"heading.default\">\n\t\t\t\t<div class=\"elementor-widget-container\">\n\t\t\t\t\t<h2 class=\"elementor-heading-title elementor-size-default\">Zam\u00f3wienia i produkcja<\/h2>\t\t\t\t<\/div>\n\t\t\t\t<\/div>\n\t\t\t\t<div class=\"elementor-element elementor-element-4b392e7 elementor-widget elementor-widget-text-editor\" data-id=\"4b392e7\" data-element_type=\"widget\" data-widget_type=\"text-editor.default\">\n\t\t\t\t<div class=\"elementor-widget-container\">\n\t\t\t\t\t\t\t\t\t<ul><li>Zam\u00f3wienia z\u0142o\u017cone w FirstMold musz\u0105 okre\u015bla\u0107 wszystkie niezb\u0119dne szczeg\u00f3\u0142y dotycz\u0105ce specyfikacji produktu, ilo\u015bci i termin\u00f3w dostaw.<\/li><li>Zmiany w zam\u00f3wieniach mog\u0105 podlega\u0107 dodatkowym op\u0142atom i zmienionym harmonogramom dostaw.<\/li><li>Anulowanie rezerwacji mo\u017ce zosta\u0107 zaakceptowane w okre\u015blonym terminie, po up\u0142ywie kt\u00f3rego mog\u0105 zosta\u0107 naliczone op\u0142aty.<\/li><\/ul>\t\t\t\t\t\t\t\t<\/div>\n\t\t\t\t<\/div>\n\t\t\t\t<div class=\"elementor-element elementor-element-848d276 elementor-widget elementor-widget-heading\" data-id=\"848d276\" data-element_type=\"widget\" data-widget_type=\"heading.default\">\n\t\t\t\t<div class=\"elementor-widget-container\">\n\t\t\t\t\t<h2 class=\"elementor-heading-title elementor-size-default\">Prawa w\u0142asno\u015bci intelektualnej<\/h2>\t\t\t\t<\/div>\n\t\t\t\t<\/div>\n\t\t\t\t<div class=\"elementor-element elementor-element-ac70874 elementor-widget elementor-widget-text-editor\" data-id=\"ac70874\" data-element_type=\"widget\" data-widget_type=\"text-editor.default\">\n\t\t\t\t<div class=\"elementor-widget-container\">\n\t\t\t\t\t\t\t\t\t<ul><li>FirstMold szanuje prawa w\u0142asno\u015bci intelektualnej i oczekuje tego samego od u\u017cytkownika. Wszelkie projekty lub specyfikacje dostarczone przez klient\u00f3w pozostaj\u0105 ich w\u0142asno\u015bci\u0105. FirstMold zachowuje jednak prawo do wykorzystywania wiedzy i technik zdobytych podczas realizacji projektu do innych cel\u00f3w.<\/li><li>Poufne informacje otrzymane od klient\u00f3w b\u0119d\u0105 chronione i nie b\u0119d\u0105 ujawniane bez zgody, z wyj\u0105tkiem przypadk\u00f3w wymaganych przez prawo.<\/li><\/ul>\t\t\t\t\t\t\t\t<\/div>\n\t\t\t\t<\/div>\n\t\t\t\t<div class=\"elementor-element elementor-element-050f2e5 elementor-widget elementor-widget-heading\" data-id=\"050f2e5\" data-element_type=\"widget\" data-widget_type=\"heading.default\">\n\t\t\t\t<div class=\"elementor-widget-container\">\n\t\t\t\t\t<h2 class=\"elementor-heading-title elementor-size-default\">Ceny, p\u0142atno\u015bci i podatki<\/h2>\t\t\t\t<\/div>\n\t\t\t\t<\/div>\n\t\t\t\t<div class=\"elementor-element elementor-element-5fd009e elementor-widget elementor-widget-text-editor\" data-id=\"5fd009e\" data-element_type=\"widget\" data-widget_type=\"text-editor.default\">\n\t\t\t\t<div class=\"elementor-widget-container\">\n\t\t\t\t\t\t\t\t\t<p>Ceny s\u0105 ustalane na podstawie specyfikacji ka\u017cdego zam\u00f3wienia, a warunki p\u0142atno\u015bci s\u0105 okre\u015blone w indywidualnych umowach.<\/p>\t\t\t\t\t\t\t\t<\/div>\n\t\t\t\t<\/div>\n\t\t\t\t<div class=\"elementor-element elementor-element-745789e elementor-widget elementor-widget-heading\" data-id=\"745789e\" data-element_type=\"widget\" data-widget_type=\"heading.default\">\n\t\t\t\t<div class=\"elementor-widget-container\">\n\t\t\t\t\t<h2 class=\"elementor-heading-title elementor-size-default\">Zapewnienie jako\u015bci i zwroty<\/h2>\t\t\t\t<\/div>\n\t\t\t\t<\/div>\n\t\t\t\t<div class=\"elementor-element elementor-element-3bb5ff0 elementor-widget elementor-widget-text-editor\" data-id=\"3bb5ff0\" data-element_type=\"widget\" data-widget_type=\"text-editor.default\">\n\t\t\t\t<div class=\"elementor-widget-container\">\n\t\t\t\t\t\t\t\t\t<p>FirstMold zobowi\u0105zuje si\u0119 do przestrzegania standard\u00f3w wysokiej jako\u015bci. Produkty uznane za wadliwe podczas normalnego u\u017cytkowania zostan\u0105 wymienione lub naprawione zgodnie z warunkami gwarancji okre\u015blonymi w indywidualnych umowach.<\/p>\t\t\t\t\t\t\t\t<\/div>\n\t\t\t\t<\/div>\n\t\t\t\t<div class=\"elementor-element elementor-element-b4e29ff elementor-widget elementor-widget-heading\" data-id=\"b4e29ff\" data-element_type=\"widget\" data-widget_type=\"heading.default\">\n\t\t\t\t<div class=\"elementor-widget-container\">\n\t\t\t\t\t<h2 class=\"elementor-heading-title elementor-size-default\">Ograniczenie odpowiedzialno\u015bci<\/h2>\t\t\t\t<\/div>\n\t\t\t\t<\/div>\n\t\t\t\t<div class=\"elementor-element elementor-element-e5ae20d elementor-widget elementor-widget-text-editor\" data-id=\"e5ae20d\" data-element_type=\"widget\" data-widget_type=\"text-editor.default\">\n\t\t\t\t<div class=\"elementor-widget-container\">\n\t\t\t\t\t\t\t\t\t<p>Odpowiedzialno\u015b\u0107 FirstMold za straty lub szkody wynikaj\u0105ce z naszych us\u0142ug lub w zwi\u0105zku z nimi jest ograniczona do ca\u0142kowitej warto\u015bci zam\u00f3wienia. Nie ponosimy odpowiedzialno\u015bci za szkody po\u015brednie, przypadkowe lub wt\u00f3rne.<\/p>\t\t\t\t\t\t\t\t<\/div>\n\t\t\t\t<\/div>\n\t\t\t\t<div class=\"elementor-element elementor-element-b89d75d elementor-widget elementor-widget-heading\" data-id=\"b89d75d\" data-element_type=\"widget\" data-widget_type=\"heading.default\">\n\t\t\t\t<div class=\"elementor-widget-container\">\n\t\t\t\t\t<h2 class=\"elementor-heading-title elementor-size-default\">Rozstrzyganie spor\u00f3w<\/h2>\t\t\t\t<\/div>\n\t\t\t\t<\/div>\n\t\t\t\t<div class=\"elementor-element elementor-element-064c1cb elementor-widget elementor-widget-text-editor\" data-id=\"064c1cb\" data-element_type=\"widget\" data-widget_type=\"text-editor.default\">\n\t\t\t\t<div class=\"elementor-widget-container\">\n\t\t\t\t\t\t\t\t\t<p>Wszelkie spory wynikaj\u0105ce z niniejszych Warunk\u00f3w b\u0119d\u0105 rozstrzygane w drodze arbitra\u017cu lub w s\u0105dach jurysdykcji, w kt\u00f3rej znajduje si\u0119 siedziba FirstMold, chyba \u017ce uzgodniono inaczej.<\/p>\t\t\t\t\t\t\t\t<\/div>\n\t\t\t\t<\/div>\n\t\t\t\t<div class=\"elementor-element elementor-element-6400c15 elementor-widget elementor-widget-heading\" data-id=\"6400c15\" data-element_type=\"widget\" data-widget_type=\"heading.default\">\n\t\t\t\t<div class=\"elementor-widget-container\">\n\t\t\t\t\t<h2 class=\"elementor-heading-title elementor-size-default\">Poprawki<\/h2>\t\t\t\t<\/div>\n\t\t\t\t<\/div>\n\t\t\t\t<div class=\"elementor-element elementor-element-387bf5a elementor-widget elementor-widget-text-editor\" data-id=\"387bf5a\" data-element_type=\"widget\" data-widget_type=\"text-editor.default\">\n\t\t\t\t<div class=\"elementor-widget-container\">\n\t\t\t\t\t\t\t\t\t<p>FirstMold zastrzega sobie prawo do zmiany niniejszych Warunk\u00f3w w dowolnym momencie. Takie zmiany wchodz\u0105 w \u017cycie natychmiast po ich opublikowaniu na naszej stronie internetowej. Dalsze korzystanie z naszych us\u0142ug oznacza akceptacj\u0119 nowych warunk\u00f3w.<\/p>\t\t\t\t\t\t\t\t<\/div>\n\t\t\t\t<\/div>\n\t\t\t\t<div class=\"elementor-element elementor-element-e9e3e54 elementor-widget elementor-widget-heading\" data-id=\"e9e3e54\" data-element_type=\"widget\" data-widget_type=\"heading.default\">\n\t\t\t\t<div class=\"elementor-widget-container\">\n\t\t\t\t\t<h2 class=\"elementor-heading-title elementor-size-default\">Informacje kontaktowe<\/h2>\t\t\t\t<\/div>\n\t\t\t\t<\/div>\n\t\t\t\t<div class=\"elementor-element elementor-element-07d0546 elementor-widget elementor-widget-text-editor\" data-id=\"07d0546\" data-element_type=\"widget\" data-widget_type=\"text-editor.default\">\n\t\t\t\t<div class=\"elementor-widget-container\">\n\t\t\t\t\t\t\t\t\t<p>W przypadku pyta\u0144 lub w\u0105tpliwo\u015bci dotycz\u0105cych niniejszego Regulaminu prosimy o kontakt za po\u015brednictwem naszej strony internetowej lub na podane dane kontaktowe. (Uwaga: nasz adres e-mail do kontaktu bez zam\u00f3wienia: <a href=\"mailto:marketing@firstmold.com\">marketing@firstmold.com<\/a>\uff09<\/p>\t\t\t\t\t\t\t\t<\/div>\n\t\t\t\t<\/div>\n\t\t\t\t<div class=\"elementor-element elementor-element-40e383d elementor-widget elementor-widget-heading\" data-id=\"40e383d\" data-element_type=\"widget\" data-widget_type=\"heading.default\">\n\t\t\t\t<div class=\"elementor-widget-container\">\n\t\t\t\t\t<h2 class=\"elementor-heading-title elementor-size-default\">Akceptacja warunk\u00f3w<\/h2>\t\t\t\t<\/div>\n\t\t\t\t<\/div>\n\t\t\t\t<div class=\"elementor-element elementor-element-b588518 elementor-widget elementor-widget-text-editor\" data-id=\"b588518\" data-element_type=\"widget\" data-widget_type=\"text-editor.default\">\n\t\t\t\t<div class=\"elementor-widget-container\">\n\t\t\t\t\t\t\t\t\t<p>Korzystaj\u0105c z us\u0142ug \u015bwiadczonych przez FirstMold, u\u017cytkownik potwierdza, \u017ce przeczyta\u0142, zrozumia\u0142 i zgadza si\u0119 na przestrzeganie niniejszych Warunk\u00f3w.<\/p>\t\t\t\t\t\t\t\t<\/div>\n\t\t\t\t<\/div>\n\t\t\t\t<\/div>\n\t\t\t\t<\/div>\n\t\t\t\t<\/div>","protected":false},"excerpt":{"rendered":"<p>Terms and Conditions Welcome to FirstMold. These Terms and Conditions govern your use of our website and services. By accessing or using our services, you agree to be bound by these terms, which establish a contractual relationship between you and FirstMold. Use of Services Our services are available to individuals and businesses capable of forming [&hellip;]<\/p>\n","protected":false},"author":5,"featured_media":0,"parent":0,"menu_order":0,"comment_status":"closed","ping_status":"closed","template":"","meta":{"_acf_changed":false,"inline_featured_image":false,"footnotes":""},"class_list":["post-17030","page","type-page","status-publish","hentry"],"acf":[],"yoast_head":"<!-- This site is optimized with the Yoast SEO Premium plugin v22.3 (Yoast SEO v27.5) - https:\/\/yoast.com\/product\/yoast-seo-premium-wordpress\/ -->\n<title>Terms and Conditions | First Mold<\/title>\n<meta name=\"description\" content=\"Read FirstMold&#039;s terms and conditions. Learn about our policies and guidelines for our services. Visit our website for more information!\" \/>\n<meta name=\"robots\" content=\"index, follow, max-snippet:-1, max-image-preview:large, max-video-preview:-1\" \/>\n<link rel=\"canonical\" href=\"https:\/\/firstmold.com\/pl\/terms-and-conditions\/\" \/>\n<meta property=\"og:locale\" content=\"pl_PL\" \/>\n<meta property=\"og:type\" content=\"article\" \/>\n<meta property=\"og:title\" content=\"Terms and Conditions\" \/>\n<meta property=\"og:description\" content=\"Read FirstMold&#039;s terms and conditions. Learn about our policies and guidelines for our services. Visit our website for more information!\" \/>\n<meta property=\"og:url\" content=\"https:\/\/firstmold.com\/pl\/terms-and-conditions\/\" \/>\n<meta property=\"og:site_name\" content=\"First Mold\" \/>\n<meta property=\"article:publisher\" content=\"https:\/\/www.youtube.com\/@firstmold\" \/>\n<meta property=\"article:modified_time\" content=\"2025-12-01T00:56:53+00:00\" \/>\n<meta property=\"og:image\" content=\"https:\/\/firstmold.com\/wp-content\/uploads\/2024\/06\/firstmold-featured-image.jpg\" \/>\n\t<meta property=\"og:image:width\" content=\"1200\" \/>\n\t<meta property=\"og:image:height\" content=\"675\" \/>\n\t<meta property=\"og:image:type\" content=\"image\/jpeg\" \/>\n<meta name=\"twitter:card\" content=\"summary_large_image\" \/>\n<meta name=\"twitter:site\" content=\"@firstmold2011\" \/>\n<meta name=\"twitter:label1\" content=\"Szacowany czas czytania\" \/>\n\t<meta name=\"twitter:data1\" content=\"2 minuty\" \/>\n<script type=\"application\/ld+json\" class=\"yoast-schema-graph\">{\"@context\":\"https:\\\/\\\/schema.org\",\"@graph\":[{\"@type\":\"WebPage\",\"@id\":\"https:\\\/\\\/firstmold.com\\\/terms-and-conditions\\\/\",\"url\":\"https:\\\/\\\/firstmold.com\\\/terms-and-conditions\\\/\",\"name\":\"Terms and Conditions | First Mold\",\"isPartOf\":{\"@id\":\"https:\\\/\\\/firstmold.com\\\/#website\"},\"datePublished\":\"2024-03-16T08:26:29+00:00\",\"dateModified\":\"2025-12-01T00:56:53+00:00\",\"description\":\"Read FirstMold's terms and conditions. Learn about our policies and guidelines for our services. Visit our website for more information!\",\"breadcrumb\":{\"@id\":\"https:\\\/\\\/firstmold.com\\\/terms-and-conditions\\\/#breadcrumb\"},\"inLanguage\":\"pl-PL\",\"potentialAction\":[{\"@type\":\"ReadAction\",\"target\":[\"https:\\\/\\\/firstmold.com\\\/terms-and-conditions\\\/\"]}]},{\"@type\":\"BreadcrumbList\",\"@id\":\"https:\\\/\\\/firstmold.com\\\/terms-and-conditions\\\/#breadcrumb\",\"itemListElement\":[{\"@type\":\"ListItem\",\"position\":1,\"name\":\"Home\",\"item\":\"https:\\\/\\\/firstmold.com\\\/pl\\\/\"},{\"@type\":\"ListItem\",\"position\":2,\"name\":\"Terms and Conditions\"}]},{\"@type\":\"WebSite\",\"@id\":\"https:\\\/\\\/firstmold.com\\\/#website\",\"url\":\"https:\\\/\\\/firstmold.com\\\/\",\"name\":\"First Mold Manufacturing Limited | MFG\",\"description\":\"First Mold Official Website\",\"publisher\":{\"@id\":\"https:\\\/\\\/firstmold.com\\\/#organization\"},\"alternateName\":\"Parts Manufacturing Company | First Mold\",\"potentialAction\":[{\"@type\":\"SearchAction\",\"target\":{\"@type\":\"EntryPoint\",\"urlTemplate\":\"https:\\\/\\\/firstmold.com\\\/?s={search_term_string}\"},\"query-input\":{\"@type\":\"PropertyValueSpecification\",\"valueRequired\":true,\"valueName\":\"search_term_string\"}}],\"inLanguage\":\"pl-PL\"},{\"@type\":\"Organization\",\"@id\":\"https:\\\/\\\/firstmold.com\\\/#organization\",\"name\":\"First Mold Manufacturing Limited\",\"alternateName\":\"First Mold\",\"url\":\"https:\\\/\\\/firstmold.com\\\/\",\"logo\":{\"@type\":\"ImageObject\",\"inLanguage\":\"pl-PL\",\"@id\":\"https:\\\/\\\/firstmold.com\\\/#\\\/schema\\\/logo\\\/image\\\/\",\"url\":\"https:\\\/\\\/firstmold.com\\\/wp-content\\\/uploads\\\/2025\\\/06\\\/First-Mold-Manufacturing-Limited-Site-Representation-Logo.png\",\"contentUrl\":\"https:\\\/\\\/firstmold.com\\\/wp-content\\\/uploads\\\/2025\\\/06\\\/First-Mold-Manufacturing-Limited-Site-Representation-Logo.png\",\"width\":696,\"height\":696,\"caption\":\"First Mold Manufacturing Limited\"},\"image\":{\"@id\":\"https:\\\/\\\/firstmold.com\\\/#\\\/schema\\\/logo\\\/image\\\/\"},\"sameAs\":[\"https:\\\/\\\/www.youtube.com\\\/@firstmold\",\"https:\\\/\\\/x.com\\\/firstmold2011\",\"https:\\\/\\\/mastodon.social\\\/@firstmold\"],\"address\":[{\"@type\":\"PostalAddress\",\"name\":\"China Base\",\"streetAddress\":\"88 West Shagang Road, Gangkou Town\",\"addressLocality\":\"Zhongshan City\",\"addressRegion\":\"Guangdong\",\"postalCode\":\"528447\",\"addressCountry\":\"CN\"},{\"@type\":\"PostalAddress\",\"name\":\"Mexico Factory\",\"streetAddress\":\"Nave ISK-8, Parque Industrial y Log\u00edstico Sky Plus, Avenida Mineral de Cinco Se\u00f1ores No.100, del Parque Industrial Santa Fe\",\"addressLocality\":\"Silao de la Victoria\",\"addressRegion\":\"Guanajuato\",\"postalCode\":\"36270\",\"addressCountry\":\"MX\"},{\"@type\":\"PostalAddress\",\"name\":\"France Branch\",\"streetAddress\":\"2 Bis avenue des Cistes\",\"addressLocality\":\"Roquefort -la-Bedoule\",\"postalCode\":\"13830\",\"addressCountry\":\"FR\"},{\"@type\":\"PostalAddress\",\"name\":\"Singapore Branch\",\"streetAddress\":\"60 Paya Lebar Road #08-55\",\"addressLocality\":\"Singapore\",\"postalCode\":\"409051\",\"addressCountry\":\"SG\"}],\"description\":\"First Mold, whose full name is First Mold Manufacturing Limited, is a large-scale manufacturing company specializing in mold manufacturing, injection molding services, CNC machining, and rapid prototyping. With production bases in both China and Mexico, First Mold serves a global clientele.\",\"email\":\"marketing@firstmold.com\",\"telephone\":\"+86 18928160183\",\"legalName\":\"First Mold Manufacturing Limited\",\"foundingDate\":\"2012-02-19\",\"duns\":\"60-139-1218\",\"numberOfEmployees\":{\"@type\":\"QuantitativeValue\",\"minValue\":\"201\",\"maxValue\":\"500\"}}]}<\/script>\n<!-- \/ Yoast SEO Premium plugin. -->","yoast_head_json":{"title":"Regulamin | First Mold","description":"Przeczytaj regulamin FirstMold. Poznaj nasze zasady i wytyczne dotycz\u0105ce naszych us\u0142ug. Odwied\u017a nasz\u0105 stron\u0119 internetow\u0105, aby uzyska\u0107 wi\u0119cej informacji!","robots":{"index":"index","follow":"follow","max-snippet":"max-snippet:-1","max-image-preview":"max-image-preview:large","max-video-preview":"max-video-preview:-1"},"canonical":"https:\/\/firstmold.com\/pl\/terms-and-conditions\/","og_locale":"pl_PL","og_type":"article","og_title":"Terms and Conditions","og_description":"Read FirstMold's terms and conditions. Learn about our policies and guidelines for our services. Visit our website for more information!","og_url":"https:\/\/firstmold.com\/pl\/terms-and-conditions\/","og_site_name":"First Mold","article_publisher":"https:\/\/www.youtube.com\/@firstmold","article_modified_time":"2025-12-01T00:56:53+00:00","og_image":[{"width":1200,"height":675,"url":"https:\/\/firstmold.com\/wp-content\/uploads\/2024\/06\/firstmold-featured-image.jpg","type":"image\/jpeg"}],"twitter_card":"summary_large_image","twitter_site":"@firstmold2011","twitter_misc":{"Szacowany czas czytania":"2 minuty"},"schema":{"@context":"https:\/\/schema.org","@graph":[{"@type":"WebPage","@id":"https:\/\/firstmold.com\/terms-and-conditions\/","url":"https:\/\/firstmold.com\/terms-and-conditions\/","name":"Regulamin | First Mold","isPartOf":{"@id":"https:\/\/firstmold.com\/#website"},"datePublished":"2024-03-16T08:26:29+00:00","dateModified":"2025-12-01T00:56:53+00:00","description":"Przeczytaj regulamin FirstMold. Poznaj nasze zasady i wytyczne dotycz\u0105ce naszych us\u0142ug. Odwied\u017a nasz\u0105 stron\u0119 internetow\u0105, aby uzyska\u0107 wi\u0119cej informacji!","breadcrumb":{"@id":"https:\/\/firstmold.com\/terms-and-conditions\/#breadcrumb"},"inLanguage":"pl-PL","potentialAction":[{"@type":"ReadAction","target":["https:\/\/firstmold.com\/terms-and-conditions\/"]}]},{"@type":"BreadcrumbList","@id":"https:\/\/firstmold.com\/terms-and-conditions\/#breadcrumb","itemListElement":[{"@type":"ListItem","position":1,"name":"Home","item":"https:\/\/firstmold.com\/pl\/"},{"@type":"ListItem","position":2,"name":"Terms and Conditions"}]},{"@type":"WebSite","@id":"https:\/\/firstmold.com\/#website","url":"https:\/\/firstmold.com\/","name":"First Mold Manufacturing Limited | MFG","description":"Oficjalna strona internetowa First Mold","publisher":{"@id":"https:\/\/firstmold.com\/#organization"},"alternateName":"Parts Manufacturing Company | First Mold","potentialAction":[{"@type":"SearchAction","target":{"@type":"EntryPoint","urlTemplate":"https:\/\/firstmold.com\/?s={search_term_string}"},"query-input":{"@type":"PropertyValueSpecification","valueRequired":true,"valueName":"search_term_string"}}],"inLanguage":"pl-PL"},{"@type":"Organization","@id":"https:\/\/firstmold.com\/#organization","name":"First Mold Manufacturing Limited","alternateName":"First Mold","url":"https:\/\/firstmold.com\/","logo":{"@type":"ImageObject","inLanguage":"pl-PL","@id":"https:\/\/firstmold.com\/#\/schema\/logo\/image\/","url":"https:\/\/firstmold.com\/wp-content\/uploads\/2025\/06\/First-Mold-Manufacturing-Limited-Site-Representation-Logo.png","contentUrl":"https:\/\/firstmold.com\/wp-content\/uploads\/2025\/06\/First-Mold-Manufacturing-Limited-Site-Representation-Logo.png","width":696,"height":696,"caption":"First Mold Manufacturing Limited"},"image":{"@id":"https:\/\/firstmold.com\/#\/schema\/logo\/image\/"},"sameAs":["https:\/\/www.youtube.com\/@firstmold","https:\/\/x.com\/firstmold2011","https:\/\/mastodon.social\/@firstmold"],"address":[{"@type":"PostalAddress","name":"China Base","streetAddress":"88 West Shagang Road, Gangkou Town","addressLocality":"Zhongshan City","addressRegion":"Guangdong","postalCode":"528447","addressCountry":"CN"},{"@type":"PostalAddress","name":"Mexico Factory","streetAddress":"Nave ISK-8, Parque Industrial y Log\u00edstico Sky Plus, Avenida Mineral de Cinco Se\u00f1ores No.100, del Parque Industrial Santa Fe","addressLocality":"Silao de la Victoria","addressRegion":"Guanajuato","postalCode":"36270","addressCountry":"MX"},{"@type":"PostalAddress","name":"France Branch","streetAddress":"2 Bis avenue des Cistes","addressLocality":"Roquefort -la-Bedoule","postalCode":"13830","addressCountry":"FR"},{"@type":"PostalAddress","name":"Singapore Branch","streetAddress":"60 Paya Lebar Road #08-55","addressLocality":"Singapore","postalCode":"409051","addressCountry":"SG"}],"description":"First Mold, kt\u00f3rej pe\u0142na nazwa brzmi First Mold Manufacturing Limited, jest du\u017c\u0105 firm\u0105 produkcyjn\u0105 specjalizuj\u0105c\u0105 si\u0119 w produkcji form, us\u0142ugach formowania wtryskowego, obr\u00f3bce CNC i szybkim prototypowaniu. Dzi\u0119ki bazom produkcyjnym w Chinach i Meksyku, First Mold obs\u0142uguje klient\u00f3w na ca\u0142ym \u015bwiecie.","email":"marketing@firstmold.com","telephone":"+86 18928160183","legalName":"First Mold Manufacturing Limited","foundingDate":"2012-02-19","duns":"60-139-1218","numberOfEmployees":{"@type":"QuantitativeValue","minValue":"201","maxValue":"500"}}]}},"_links":{"self":[{"href":"https:\/\/firstmold.com\/pl\/wp-json\/wp\/v2\/pages\/17030","targetHints":{"allow":["GET"]}}],"collection":[{"href":"https:\/\/firstmold.com\/pl\/wp-json\/wp\/v2\/pages"}],"about":[{"href":"https:\/\/firstmold.com\/pl\/wp-json\/wp\/v2\/types\/page"}],"author":[{"embeddable":true,"href":"https:\/\/firstmold.com\/pl\/wp-json\/wp\/v2\/users\/5"}],"replies":[{"embeddable":true,"href":"https:\/\/firstmold.com\/pl\/wp-json\/wp\/v2\/comments?post=17030"}],"version-history":[{"count":7,"href":"https:\/\/firstmold.com\/pl\/wp-json\/wp\/v2\/pages\/17030\/revisions"}],"predecessor-version":[{"id":34765,"href":"https:\/\/firstmold.com\/pl\/wp-json\/wp\/v2\/pages\/17030\/revisions\/34765"}],"wp:attachment":[{"href":"https:\/\/firstmold.com\/pl\/wp-json\/wp\/v2\/media?parent=17030"}],"curies":[{"name":"wp","href":"https:\/\/api.w.org\/{rel}","templated":true}]}}