{"id":702,"date":"2022-07-20T14:55:56","date_gmt":"2022-07-20T06:55:56","guid":{"rendered":"https:\/\/firstmold.com\/?page_id=702"},"modified":"2026-05-07T11:18:30","modified_gmt":"2026-05-07T03:18:30","slug":"faq","status":"publish","type":"page","link":"https:\/\/firstmold.com\/fr\/faq\/","title":{"rendered":"FAQ"},"content":{"rendered":"\t\t<div data-elementor-type=\"wp-page\" data-elementor-id=\"702\" class=\"elementor elementor-702\" data-elementor-post-type=\"page\">\n\t\t\t\t<div class=\"elementor-element elementor-element-7e0bc97 e-con-full e-flex e-con e-parent\" data-id=\"7e0bc97\" data-element_type=\"container\" data-settings=\"{&quot;background_background&quot;:&quot;classic&quot;}\">\n\t\t<div class=\"elementor-element elementor-element-7e25c19 e-con-full e-flex e-con e-child\" data-id=\"7e25c19\" data-element_type=\"container\">\n\t\t\t\t<div class=\"elementor-element elementor-element-9cff493 elementor-widget elementor-widget-breadcrumbs\" data-id=\"9cff493\" data-element_type=\"widget\" data-widget_type=\"breadcrumbs.default\">\n\t\t\t\t<div class=\"elementor-widget-container\">\n\t\t\t\t\t<p id=\"breadcrumbs\"><span><span><a href=\"https:\/\/firstmold.com\/fr\/\">Home<\/a><\/span><\/span><\/p>\t\t\t\t<\/div>\n\t\t\t\t<\/div>\n\t\t\t\t<div class=\"elementor-element elementor-element-d960907 elementor-widget elementor-widget-heading\" data-id=\"d960907\" data-element_type=\"widget\" data-settings=\"{&quot;_animation&quot;:&quot;none&quot;}\" data-widget_type=\"heading.default\">\n\t\t\t\t<div class=\"elementor-widget-container\">\n\t\t\t\t\t<h1 class=\"elementor-heading-title elementor-size-default\">FAQ Center<\/h1>\t\t\t\t<\/div>\n\t\t\t\t<\/div>\n\t\t\t\t<div class=\"elementor-element elementor-element-54772c2 elementor-widget elementor-widget-text-editor\" data-id=\"54772c2\" data-element_type=\"widget\" data-widget_type=\"text-editor.default\">\n\t\t\t\t<div class=\"elementor-widget-container\">\n\t\t\t\t\t\t\t\t\t<p>We have prepared many FAQ for you to have a better understanding of our factory before placing an order. If you would like to get FAQ for a specific service, please move to the corresponding service page and find the information you want at the bottom of that page.\u00a0<\/p>\t\t\t\t\t\t\t\t<\/div>\n\t\t\t\t<\/div>\n\t\t\t\t<\/div>\n\t\t<div class=\"elementor-element elementor-element-6337d3d e-con-full elementor-hidden-tablet e-flex e-con e-child\" data-id=\"6337d3d\" data-element_type=\"container\">\n\t\t\t\t<div class=\"elementor-element elementor-element-8d85717 elementor-widget elementor-widget-image\" data-id=\"8d85717\" data-element_type=\"widget\" data-widget_type=\"image.default\">\n\t\t\t\t<div class=\"elementor-widget-container\">\n\t\t\t\t\t\t\t\t\t\t\t\t\t\t\t<img fetchpriority=\"high\" decoding=\"async\" width=\"605\" height=\"518\" src=\"https:\/\/firstmold.com\/wp-content\/uploads\/2026\/04\/faq-banner-background.webp\" class=\"attachment-full size-full wp-image-37012\" alt=\"faq banner background\" srcset=\"https:\/\/firstmold.com\/wp-content\/uploads\/2026\/04\/faq-banner-background.webp 605w, https:\/\/firstmold.com\/wp-content\/uploads\/2026\/04\/faq-banner-background-300x257.webp 300w, https:\/\/firstmold.com\/wp-content\/uploads\/2026\/04\/faq-banner-background-14x12.webp 14w, https:\/\/firstmold.com\/wp-content\/uploads\/2026\/04\/faq-banner-background-600x514.webp 600w\" sizes=\"(max-width: 605px) 100vw, 605px\" \/>\t\t\t\t\t\t\t\t\t\t\t\t\t\t\t<\/div>\n\t\t\t\t<\/div>\n\t\t\t\t<\/div>\n\t\t\t\t<\/div>\n\t\t<div class=\"elementor-element elementor-element-a81a0f5 e-con-full fm2-section e-flex e-con e-parent\" data-id=\"a81a0f5\" data-element_type=\"container\" data-settings=\"{&quot;background_background&quot;:&quot;classic&quot;}\">\n\t\t\t\t<div class=\"elementor-element elementor-element-4f6918b elementor-widget elementor-widget-html\" data-id=\"4f6918b\" data-element_type=\"widget\" data-widget_type=\"html.default\">\n\t\t\t\t<div class=\"elementor-widget-container\">\n\t\t\t\t\t<div class=\"fm-section-title-center\">\r\n    <div class=\"fm-section-title-wrap\">\r\n        <div class=\"fm-section-title-divider\"><\/div>\r\n        <h2 class=\"fm-section-title-heading\">FAQ Map\r\n        <\/h2>\r\n        <div class=\"fm-section-title-divider\"><\/div>\r\n    <\/div>\r\n<\/div>\t\t\t\t<\/div>\n\t\t\t\t<\/div>\n\t\t\t\t<div class=\"elementor-element elementor-element-363febe elementor-widget elementor-widget-html\" data-id=\"363febe\" data-element_type=\"widget\" data-widget_type=\"html.default\">\n\t\t\t\t<div class=\"elementor-widget-container\">\n\t\t\t\t\t<script>\r\ndocument.addEventListener('DOMContentLoaded', function() {\r\n    function getNextElementSibling(element) {\r\n        let nextSibling = element.nextSibling;\r\n        while (nextSibling && nextSibling.nodeType !== 1) {\r\n            nextSibling = nextSibling.nextSibling;\r\n        }\r\n        return nextSibling;\r\n    }\r\n\r\n    const headers = document.querySelectorAll('.fm-faq-accordion-header');\r\n    headers.forEach(header => {\r\n        header.addEventListener('click', (event) => {\r\n            event.stopPropagation(); \r\n            header.classList.toggle('active');\r\n            const content = getNextElementSibling(header);\r\n            \r\n            if (content.style.maxHeight) {\r\n                content.style.maxHeight = null;\r\n            } else {\r\n                content.style.maxHeight = content.scrollHeight + \"px\";\r\n            }\r\n        });\r\n    });\r\n\r\n    if (headers.length > 0) {\r\n        const firstHeader = headers[0];\r\n        firstHeader.classList.add('active');\r\n        const firstContent = getNextElementSibling(firstHeader);\r\n        firstContent.style.maxHeight = firstContent.scrollHeight + \"px\";\r\n    }\r\n\r\n    const tags = document.querySelectorAll('.fm-faq-tag');\r\n    const items = document.querySelectorAll('.fm-faq-accordion-item');\r\n    tags.forEach(tag => {\r\n        tag.addEventListener('click', () => {\r\n            tags.forEach(t => t.classList.remove('active'));\r\n            tag.classList.add('active');\r\n            const filter = tag.dataset.filter;\r\n            \r\n            items.forEach(item => {\r\n                if (filter === 'all' || item.dataset.category === filter) {\r\n                    item.style.display = 'block';\r\n                } else {\r\n                    item.style.display = 'none';\r\n                }\r\n            });\r\n        });\r\n    });\r\n});\r\n<\/script>\r\n\r\n<div class=\"fm-faq-nav\">\r\n    <div class=\"fm-faq-tags\">\r\n        <div class=\"fm-faq-tag active\" data-filter=\"all\">All<\/div>\r\n        <div class=\"fm-faq-tag\" data-filter=\"material\">Material FAQ<\/div>\r\n    <\/div>\r\n    <div class=\"fm-faq-accordion\">\r\n        <div class=\"fm-faq-accordion-item\" data-category=\"material\">\r\n            <div class=\"fm-faq-accordion-header\">Material FAQ\r\n                <span class=\"fm-faq-accordion-icon\">+<\/span>\r\n            <\/div>\r\n            <div class=\"fm-faq-accordion-content\">\r\n                <div class=\"fm-faq-accordion-inner\">\r\n                    <h4 class=\"fm-faq-sub-title\">ABS Plastic<\/h4>\r\n                    <ul class=\"fm-faq-link-list\">\r\n                        <li class=\"fm-faq-link-item\"><a href=\"\/faq\/abs-basic-faq\/\" class=\"fm-faq-link\">ABS Basic Qustions<\/a><\/li>\r\n                        <li class=\"fm-faq-link-item\"><a href=\"\/faq\/abs-injection-molding-faq\/\" class=\"fm-faq-link\">ABS Injection Molding Qustions<\/a><\/li>\r\n                        <li class=\"fm-faq-link-item\"><a href=\"\/faq\/abs-cnc-machining-faq\/\" class=\"fm-faq-link\">ABS CNC Machining Qustions<\/a><\/li>\r\n                        <li class=\"fm-faq-link-item\"><a href=\"\/faq\/abs-surface-finishing-faq\/\" class=\"fm-faq-link\">ABS Surface Finishing Qustions<\/a><\/li>\r\n                        <li class=\"fm-faq-link-item\"><a href=\"\/faq\/abs-advanced-faq\/\" class=\"fm-faq-link\">ABS Advanced Qustions<\/a><\/li>\r\n                    <\/ul>\r\n                    <h4 class=\"fm-faq-sub-title\">PC Plastic<\/h4>\r\n                    <ul class=\"fm-faq-link-list\">\r\n                        <li class=\"fm-faq-link-item\"><a href=\"\/faq\/PC-basic-faq\/\" class=\"fm-faq-link\">PC Basic Qustions<\/a><\/li>\r\n                        <li class=\"fm-faq-link-item\"><a href=\"\/faq\/PC-injection-molding-faq\/\" class=\"fm-faq-link\">PC Injection Molding  Qustions<\/a><\/li>\r\n                    <\/ul>\r\n                <\/div>\r\n            <\/div>\r\n        <\/div>\r\n    <\/div>\r\n<\/div>\r\n<style>\r\n.fm-faq-tags {\r\n    display: flex;\r\n    flex-wrap: wrap;\r\n    justify-content: center;\r\n    gap: 12px;\r\n    margin-bottom: 40px;\r\n}\r\n.fm-faq-tag {\r\n    padding: 0.4rem 2rem;\r\n    background: var(--fm-first-bg);\r\n    border: 1px solid var(--fm-divider);\r\n    color: var(--fm-first-text);\r\n    cursor: pointer;\r\n    transition: var(--fm-transition);\r\n    font-size: 14px;\r\n}\r\n.fm-faq-tag.active, .fm-faq-tag:hover {\r\n    background: var(--fm-first-color);\r\n    color: var(--fm-third-text);\r\n    border-color: var(--fm-first-color);\r\n}\r\n.fm-faq-accordion {\r\n    background: var(--fm-first-bg);\r\n    overflow: hidden;\r\n    box-shadow: var(--fm-shadow-light);\r\n}\r\n.fm-faq-accordion-item {\r\n    border-bottom: 1px solid var(--fm-divider);\r\n}\r\n.fm-faq-accordion-header {\r\n    padding: 20px 24px;\r\n    background: var(--fm-fourth-bg);\r\n    color: var(--fm-second-color);\r\n    cursor: pointer;\r\n    display: flex;\r\n    justify-content: space-between;\r\n    align-items: center;\r\n    user-select: none; \r\n}\r\n.fm-faq-accordion-header:hover {\r\n    background: var(--fm-third-bg);\r\n}\r\n.fm-faq-accordion-icon {\r\n    transition: var(--fm-transition);\r\n}\r\n.fm-faq-accordion-header.active .fm-faq-accordion-icon {\r\n    transform: rotate(45deg);\r\n}\r\n.fm-faq-accordion-content {\r\n    max-height: 0;\r\n    overflow: hidden;\r\n    transition: max-height 0.4s ease;\r\n}\r\n.fm-faq-accordion-inner {\r\n    padding: 24px;\r\n}\r\n.fm-faq-sub-title {\r\n    font-size: 16px;\r\n    font-weight: 600;\r\n    color: var(--fm-first-text);\r\n    margin: 0 0 16px;\r\n    padding-left: 8px;\r\n    border-left: 3px solid var(--fm-first-color);\r\n}\r\n.fm-faq-link-list {\r\n    list-style: none;\r\n    padding: 0;\r\n    margin: 0 0 24px;\r\n    display: grid;\r\n    grid-template-columns: repeat(auto-fill, minmax(280px, 1fr));\r\n    gap: 12px;\r\n}\r\n.fm-faq-link-item {\r\n    padding: 10px 12px;\r\n    border-radius: 6px;\r\n    will-change: transform;\r\n}\r\n.fm-faq-link-item:hover {\r\n    background: var(--fm-fourth-bg);\r\n    transform: translateX(4px);\r\n}\r\n.fm-faq-link {\r\n    color: var(--fm-second-text);\r\n    text-decoration: none;\r\n    display: block;\r\n    transition: color 0.2s ease;\r\n}\r\n.fm-faq-link:hover {\r\n    color: var(--fm-first-color);\r\n}\r\n@media (max-width: 767px) {\r\n    .fm-faq-link-list {\r\n        grid-template-columns: 1fr;\r\n    }\r\n}\r\n<\/style>\t\t\t\t<\/div>\n\t\t\t\t<\/div>\n\t\t\t\t<\/div>\n\t\t\t\t<\/div>\n\t\t","protected":false},"excerpt":{"rendered":"<p>FAQ sur la fabrication concernant le moulage par injection, l'usinage CNC, la fabrication de moules, l'impression 3D, le prototypage, le moulage sous pression, etc.<\/p>","protected":false},"author":5,"featured_media":17620,"parent":0,"menu_order":0,"comment_status":"closed","ping_status":"closed","template":"","meta":{"_acf_changed":false,"inline_featured_image":false,"footnotes":""},"class_list":["post-702","page","type-page","status-publish","has-post-thumbnail","hentry"],"acf":[],"yoast_head":"<!-- This site is optimized with the Yoast SEO Premium plugin v22.3 (Yoast SEO v27.5) - https:\/\/yoast.com\/product\/yoast-seo-premium-wordpress\/ -->\n<title>Manufacturing FAQ | Injection Molding &amp; CNC &amp; Prototyping FAQ<\/title>\n<meta name=\"description\" content=\"Manufacturing FAQs related to injection molding, CNC machining, mold making, 3d printing, prototyping, die casting ,etc.\" \/>\n<meta name=\"robots\" content=\"index, follow, max-snippet:-1, max-image-preview:large, max-video-preview:-1\" \/>\n<link rel=\"canonical\" href=\"https:\/\/firstmold.com\/fr\/faq\/\" \/>\n<meta property=\"og:locale\" content=\"fr_FR\" \/>\n<meta property=\"og:type\" content=\"article\" \/>\n<meta property=\"og:title\" content=\"FAQ\" \/>\n<meta property=\"og:description\" content=\"Manufacturing FAQs related to injection molding, CNC machining, mold making, 3d printing, prototyping, die casting ,etc.\" \/>\n<meta property=\"og:url\" content=\"https:\/\/firstmold.com\/fr\/faq\/\" \/>\n<meta property=\"og:site_name\" content=\"First Mold\" \/>\n<meta property=\"article:publisher\" content=\"https:\/\/www.youtube.com\/@firstmold\" \/>\n<meta property=\"article:modified_time\" content=\"2026-05-07T03:18:30+00:00\" \/>\n<meta property=\"og:image\" content=\"https:\/\/firstmold.com\/wp-content\/uploads\/2024\/03\/manufacturing-faq-featured-image.jpg\" \/>\n\t<meta property=\"og:image:width\" content=\"800\" \/>\n\t<meta property=\"og:image:height\" content=\"800\" \/>\n\t<meta property=\"og:image:type\" content=\"image\/jpeg\" \/>\n<meta name=\"twitter:card\" content=\"summary_large_image\" \/>\n<meta name=\"twitter:site\" content=\"@firstmold2011\" \/>\n<meta name=\"twitter:label1\" content=\"Dur\u00e9e de lecture estim\u00e9e\" \/>\n\t<meta name=\"twitter:data1\" content=\"1 minute\" \/>\n<script type=\"application\/ld+json\" class=\"yoast-schema-graph\">{\"@context\":\"https:\\\/\\\/schema.org\",\"@graph\":[{\"@type\":\"WebPage\",\"@id\":\"https:\\\/\\\/firstmold.com\\\/faq\\\/\",\"url\":\"https:\\\/\\\/firstmold.com\\\/faq\\\/\",\"name\":\"Manufacturing FAQ | Injection Molding & CNC & Prototyping FAQ\",\"isPartOf\":{\"@id\":\"https:\\\/\\\/firstmold.com\\\/#website\"},\"primaryImageOfPage\":{\"@id\":\"https:\\\/\\\/firstmold.com\\\/faq\\\/#primaryimage\"},\"image\":{\"@id\":\"https:\\\/\\\/firstmold.com\\\/faq\\\/#primaryimage\"},\"thumbnailUrl\":\"https:\\\/\\\/firstmold.com\\\/wp-content\\\/uploads\\\/2024\\\/03\\\/manufacturing-faq-featured-image.jpg\",\"datePublished\":\"2022-07-20T06:55:56+00:00\",\"dateModified\":\"2026-05-07T03:18:30+00:00\",\"description\":\"Manufacturing FAQs related to injection molding, CNC machining, mold making, 3d printing, prototyping, die casting ,etc.\",\"breadcrumb\":{\"@id\":\"https:\\\/\\\/firstmold.com\\\/faq\\\/#breadcrumb\"},\"inLanguage\":\"fr-FR\",\"potentialAction\":[{\"@type\":\"ReadAction\",\"target\":[\"https:\\\/\\\/firstmold.com\\\/faq\\\/\"]}]},{\"@type\":\"ImageObject\",\"inLanguage\":\"fr-FR\",\"@id\":\"https:\\\/\\\/firstmold.com\\\/faq\\\/#primaryimage\",\"url\":\"https:\\\/\\\/firstmold.com\\\/wp-content\\\/uploads\\\/2024\\\/03\\\/manufacturing-faq-featured-image.jpg\",\"contentUrl\":\"https:\\\/\\\/firstmold.com\\\/wp-content\\\/uploads\\\/2024\\\/03\\\/manufacturing-faq-featured-image.jpg\",\"width\":800,\"height\":800,\"caption\":\"manufacturing faq featured image\"},{\"@type\":\"BreadcrumbList\",\"@id\":\"https:\\\/\\\/firstmold.com\\\/faq\\\/#breadcrumb\",\"itemListElement\":[{\"@type\":\"ListItem\",\"position\":1,\"name\":\"Home\",\"item\":\"https:\\\/\\\/firstmold.com\\\/fr\\\/\"},{\"@type\":\"ListItem\",\"position\":2,\"name\":\"FAQ\"}]},{\"@type\":\"WebSite\",\"@id\":\"https:\\\/\\\/firstmold.com\\\/#website\",\"url\":\"https:\\\/\\\/firstmold.com\\\/\",\"name\":\"First Mold Manufacturing Limited | MFG\",\"description\":\"First Mold Official Website\",\"publisher\":{\"@id\":\"https:\\\/\\\/firstmold.com\\\/#organization\"},\"alternateName\":\"Parts Manufacturing Company | First Mold\",\"potentialAction\":[{\"@type\":\"SearchAction\",\"target\":{\"@type\":\"EntryPoint\",\"urlTemplate\":\"https:\\\/\\\/firstmold.com\\\/?s={search_term_string}\"},\"query-input\":{\"@type\":\"PropertyValueSpecification\",\"valueRequired\":true,\"valueName\":\"search_term_string\"}}],\"inLanguage\":\"fr-FR\"},{\"@type\":\"Organization\",\"@id\":\"https:\\\/\\\/firstmold.com\\\/#organization\",\"name\":\"First Mold Manufacturing Limited\",\"alternateName\":\"First Mold\",\"url\":\"https:\\\/\\\/firstmold.com\\\/\",\"logo\":{\"@type\":\"ImageObject\",\"inLanguage\":\"fr-FR\",\"@id\":\"https:\\\/\\\/firstmold.com\\\/#\\\/schema\\\/logo\\\/image\\\/\",\"url\":\"https:\\\/\\\/firstmold.com\\\/wp-content\\\/uploads\\\/2025\\\/06\\\/First-Mold-Manufacturing-Limited-Site-Representation-Logo.png\",\"contentUrl\":\"https:\\\/\\\/firstmold.com\\\/wp-content\\\/uploads\\\/2025\\\/06\\\/First-Mold-Manufacturing-Limited-Site-Representation-Logo.png\",\"width\":696,\"height\":696,\"caption\":\"First Mold Manufacturing Limited\"},\"image\":{\"@id\":\"https:\\\/\\\/firstmold.com\\\/#\\\/schema\\\/logo\\\/image\\\/\"},\"sameAs\":[\"https:\\\/\\\/www.youtube.com\\\/@firstmold\",\"https:\\\/\\\/x.com\\\/firstmold2011\",\"https:\\\/\\\/mastodon.social\\\/@firstmold\"],\"address\":[{\"@type\":\"PostalAddress\",\"name\":\"China Base\",\"streetAddress\":\"88 West Shagang Road, Gangkou Town\",\"addressLocality\":\"Zhongshan City\",\"addressRegion\":\"Guangdong\",\"postalCode\":\"528447\",\"addressCountry\":\"CN\"},{\"@type\":\"PostalAddress\",\"name\":\"Mexico Factory\",\"streetAddress\":\"Nave ISK-8, Parque Industrial y Log\u00edstico Sky Plus, Avenida Mineral de Cinco Se\u00f1ores No.100, del Parque Industrial Santa Fe\",\"addressLocality\":\"Silao de la Victoria\",\"addressRegion\":\"Guanajuato\",\"postalCode\":\"36270\",\"addressCountry\":\"MX\"},{\"@type\":\"PostalAddress\",\"name\":\"France Branch\",\"streetAddress\":\"2 Bis avenue des Cistes\",\"addressLocality\":\"Roquefort -la-Bedoule\",\"postalCode\":\"13830\",\"addressCountry\":\"FR\"},{\"@type\":\"PostalAddress\",\"name\":\"Singapore Branch\",\"streetAddress\":\"60 Paya Lebar Road #08-55\",\"addressLocality\":\"Singapore\",\"postalCode\":\"409051\",\"addressCountry\":\"SG\"}],\"description\":\"First Mold, whose full name is First Mold Manufacturing Limited, is a large-scale manufacturing company specializing in mold manufacturing, injection molding services, CNC machining, and rapid prototyping. With production bases in both China and Mexico, First Mold serves a global clientele.\",\"email\":\"marketing@firstmold.com\",\"telephone\":\"+86 18928160183\",\"legalName\":\"First Mold Manufacturing Limited\",\"foundingDate\":\"2012-02-19\",\"duns\":\"60-139-1218\",\"numberOfEmployees\":{\"@type\":\"QuantitativeValue\",\"minValue\":\"201\",\"maxValue\":\"500\"}}]}<\/script>\n<!-- \/ Yoast SEO Premium plugin. -->","yoast_head_json":{"title":"FAQ sur la fabrication - FAQ sur le moulage par injection, la CNC et le prototypage","description":"FAQ sur la fabrication concernant le moulage par injection, l'usinage CNC, la fabrication de moules, l'impression 3D, le prototypage, le moulage sous pression, etc.","robots":{"index":"index","follow":"follow","max-snippet":"max-snippet:-1","max-image-preview":"max-image-preview:large","max-video-preview":"max-video-preview:-1"},"canonical":"https:\/\/firstmold.com\/fr\/faq\/","og_locale":"fr_FR","og_type":"article","og_title":"FAQ","og_description":"Manufacturing FAQs related to injection molding, CNC machining, mold making, 3d printing, prototyping, die casting ,etc.","og_url":"https:\/\/firstmold.com\/fr\/faq\/","og_site_name":"First Mold","article_publisher":"https:\/\/www.youtube.com\/@firstmold","article_modified_time":"2026-05-07T03:18:30+00:00","og_image":[{"width":800,"height":800,"url":"https:\/\/firstmold.com\/wp-content\/uploads\/2024\/03\/manufacturing-faq-featured-image.jpg","type":"image\/jpeg"}],"twitter_card":"summary_large_image","twitter_site":"@firstmold2011","twitter_misc":{"Dur\u00e9e de lecture estim\u00e9e":"1 minute"},"schema":{"@context":"https:\/\/schema.org","@graph":[{"@type":"WebPage","@id":"https:\/\/firstmold.com\/faq\/","url":"https:\/\/firstmold.com\/faq\/","name":"FAQ sur la fabrication - FAQ sur le moulage par injection, la CNC et le prototypage","isPartOf":{"@id":"https:\/\/firstmold.com\/#website"},"primaryImageOfPage":{"@id":"https:\/\/firstmold.com\/faq\/#primaryimage"},"image":{"@id":"https:\/\/firstmold.com\/faq\/#primaryimage"},"thumbnailUrl":"https:\/\/firstmold.com\/wp-content\/uploads\/2024\/03\/manufacturing-faq-featured-image.jpg","datePublished":"2022-07-20T06:55:56+00:00","dateModified":"2026-05-07T03:18:30+00:00","description":"FAQ sur la fabrication concernant le moulage par injection, l'usinage CNC, la fabrication de moules, l'impression 3D, le prototypage, le moulage sous pression, etc.","breadcrumb":{"@id":"https:\/\/firstmold.com\/faq\/#breadcrumb"},"inLanguage":"fr-FR","potentialAction":[{"@type":"ReadAction","target":["https:\/\/firstmold.com\/faq\/"]}]},{"@type":"ImageObject","inLanguage":"fr-FR","@id":"https:\/\/firstmold.com\/faq\/#primaryimage","url":"https:\/\/firstmold.com\/wp-content\/uploads\/2024\/03\/manufacturing-faq-featured-image.jpg","contentUrl":"https:\/\/firstmold.com\/wp-content\/uploads\/2024\/03\/manufacturing-faq-featured-image.jpg","width":800,"height":800,"caption":"manufacturing faq featured image"},{"@type":"BreadcrumbList","@id":"https:\/\/firstmold.com\/faq\/#breadcrumb","itemListElement":[{"@type":"ListItem","position":1,"name":"Home","item":"https:\/\/firstmold.com\/fr\/"},{"@type":"ListItem","position":2,"name":"FAQ"}]},{"@type":"WebSite","@id":"https:\/\/firstmold.com\/#website","url":"https:\/\/firstmold.com\/","name":"First Mold Manufacturing Limited | MFG","description":"Site officiel de First Mold","publisher":{"@id":"https:\/\/firstmold.com\/#organization"},"alternateName":"Parts Manufacturing Company | First Mold","potentialAction":[{"@type":"SearchAction","target":{"@type":"EntryPoint","urlTemplate":"https:\/\/firstmold.com\/?s={search_term_string}"},"query-input":{"@type":"PropertyValueSpecification","valueRequired":true,"valueName":"search_term_string"}}],"inLanguage":"fr-FR"},{"@type":"Organization","@id":"https:\/\/firstmold.com\/#organization","name":"First Mold Manufacturing Limited","alternateName":"First Mold","url":"https:\/\/firstmold.com\/","logo":{"@type":"ImageObject","inLanguage":"fr-FR","@id":"https:\/\/firstmold.com\/#\/schema\/logo\/image\/","url":"https:\/\/firstmold.com\/wp-content\/uploads\/2025\/06\/First-Mold-Manufacturing-Limited-Site-Representation-Logo.png","contentUrl":"https:\/\/firstmold.com\/wp-content\/uploads\/2025\/06\/First-Mold-Manufacturing-Limited-Site-Representation-Logo.png","width":696,"height":696,"caption":"First Mold Manufacturing Limited"},"image":{"@id":"https:\/\/firstmold.com\/#\/schema\/logo\/image\/"},"sameAs":["https:\/\/www.youtube.com\/@firstmold","https:\/\/x.com\/firstmold2011","https:\/\/mastodon.social\/@firstmold"],"address":[{"@type":"PostalAddress","name":"China Base","streetAddress":"88 West Shagang Road, Gangkou Town","addressLocality":"Zhongshan City","addressRegion":"Guangdong","postalCode":"528447","addressCountry":"CN"},{"@type":"PostalAddress","name":"Mexico Factory","streetAddress":"Nave ISK-8, Parque Industrial y Log\u00edstico Sky Plus, Avenida Mineral de Cinco Se\u00f1ores No.100, del Parque Industrial Santa Fe","addressLocality":"Silao de la Victoria","addressRegion":"Guanajuato","postalCode":"36270","addressCountry":"MX"},{"@type":"PostalAddress","name":"France Branch","streetAddress":"2 Bis avenue des Cistes","addressLocality":"Roquefort -la-Bedoule","postalCode":"13830","addressCountry":"FR"},{"@type":"PostalAddress","name":"Singapore Branch","streetAddress":"60 Paya Lebar Road #08-55","addressLocality":"Singapore","postalCode":"409051","addressCountry":"SG"}],"description":"First Mold, dont le nom complet est First Mold Manufacturing Limited, est une entreprise manufacturi\u00e8re \u00e0 grande \u00e9chelle sp\u00e9cialis\u00e9e dans la fabrication de moules, les services de moulage par injection, l'usinage CNC et le prototypage rapide. Avec des bases de production en Chine et au Mexique, First Mold sert une client\u00e8le mondiale.","email":"marketing@firstmold.com","telephone":"+86 18928160183","legalName":"First Mold Manufacturing Limited","foundingDate":"2012-02-19","duns":"60-139-1218","numberOfEmployees":{"@type":"QuantitativeValue","minValue":"201","maxValue":"500"}}]}},"_links":{"self":[{"href":"https:\/\/firstmold.com\/fr\/wp-json\/wp\/v2\/pages\/702","targetHints":{"allow":["GET"]}}],"collection":[{"href":"https:\/\/firstmold.com\/fr\/wp-json\/wp\/v2\/pages"}],"about":[{"href":"https:\/\/firstmold.com\/fr\/wp-json\/wp\/v2\/types\/page"}],"author":[{"embeddable":true,"href":"https:\/\/firstmold.com\/fr\/wp-json\/wp\/v2\/users\/5"}],"replies":[{"embeddable":true,"href":"https:\/\/firstmold.com\/fr\/wp-json\/wp\/v2\/comments?post=702"}],"version-history":[{"count":66,"href":"https:\/\/firstmold.com\/fr\/wp-json\/wp\/v2\/pages\/702\/revisions"}],"predecessor-version":[{"id":37132,"href":"https:\/\/firstmold.com\/fr\/wp-json\/wp\/v2\/pages\/702\/revisions\/37132"}],"wp:featuredmedia":[{"embeddable":true,"href":"https:\/\/firstmold.com\/fr\/wp-json\/wp\/v2\/media\/17620"}],"wp:attachment":[{"href":"https:\/\/firstmold.com\/fr\/wp-json\/wp\/v2\/media?parent=702"}],"curies":[{"name":"wp","href":"https:\/\/api.w.org\/{rel}","templated":true}]}}