{"id":4062,"date":"2022-12-07T13:55:34","date_gmt":"2022-12-07T05:55:34","guid":{"rendered":"https:\/\/firstmold.com\/?page_id=4062"},"modified":"2025-12-01T10:39:58","modified_gmt":"2025-12-01T02:39:58","slug":"vacuum-casting-service","status":"publish","type":"page","link":"https:\/\/firstmold.com\/fr\/vacuum-casting-service\/","title":{"rendered":"Coul\u00e9e sous vide"},"content":{"rendered":"<div data-elementor-type=\"wp-page\" data-elementor-id=\"4062\" class=\"elementor elementor-4062\" data-elementor-post-type=\"page\">\n\t\t\t\t<div class=\"elementor-element elementor-element-cb33a7c e-con-full e-flex e-con e-parent\" data-id=\"cb33a7c\" data-element_type=\"container\" data-settings=\"{&quot;background_background&quot;:&quot;video&quot;}\">\n\t\t<div class=\"elementor-element elementor-element-5fdfe9b e-con-full e-flex e-con e-child\" data-id=\"5fdfe9b\" data-element_type=\"container\">\n\t\t\t\t<div class=\"elementor-element elementor-element-52925cb elementor-widget elementor-widget-breadcrumbs\" data-id=\"52925cb\" data-element_type=\"widget\" data-widget_type=\"breadcrumbs.default\">\n\t\t\t\t<div class=\"elementor-widget-container\">\n\t\t\t\t\t<p id=\"breadcrumbs\"><span><span><a href=\"https:\/\/firstmold.com\/fr\/\">Accueil<\/a><\/span><\/span><\/p>\t\t\t\t<\/div>\n\t\t\t\t<\/div>\n\t\t\t\t<div class=\"elementor-element elementor-element-5946759 elementor-widget elementor-widget-heading\" data-id=\"5946759\" data-element_type=\"widget\" data-widget_type=\"heading.default\">\n\t\t\t\t<div class=\"elementor-widget-container\">\n\t\t\t\t\t<h1 class=\"elementor-heading-title elementor-size-default\">Service de coul\u00e9e sous vide<\/h1>\t\t\t\t<\/div>\n\t\t\t\t<\/div>\n\t\t\t\t<div class=\"elementor-element elementor-element-9e2b718 elementor-widget elementor-widget-text-editor\" data-id=\"9e2b718\" data-element_type=\"widget\" data-widget_type=\"text-editor.default\">\n\t\t\t\t<div class=\"elementor-widget-container\">\n\t\t\t\t\t\t\t\t\t<p>Le choix par excellence pour vos entreprises qui recherchent des d\u00e9lais d'ex\u00e9cution rapides pour les prototypes qui imitent \u00e9troitement les produits finaux gr\u00e2ce au moulage sous vide.<\/p>\t\t\t\t\t\t\t\t<\/div>\n\t\t\t\t<\/div>\n\t\t<div class=\"elementor-element elementor-element-d94d735 e-con-full e-flex e-con e-child\" data-id=\"d94d735\" data-element_type=\"container\">\n\t\t\t\t<div class=\"elementor-element elementor-element-a6e4459 elementor-hidden-tablet elementor-icon-list--layout-traditional elementor-list-item-link-full_width elementor-widget elementor-widget-icon-list\" data-id=\"a6e4459\" data-element_type=\"widget\" data-widget_type=\"icon-list.default\">\n\t\t\t\t<div class=\"elementor-widget-container\">\n\t\t\t\t\t\t\t<ul class=\"elementor-icon-list-items\">\n\t\t\t\t\t\t\t<li class=\"elementor-icon-list-item\">\n\t\t\t\t\t\t\t\t\t\t\t<span class=\"elementor-icon-list-icon\">\n\t\t\t\t\t\t\t<svg xmlns=\"http:\/\/www.w3.org\/2000\/svg\" id=\"_&#x56FE;&#x5C42;_1\" data-name=\"&#x56FE;&#x5C42;_1\" viewbox=\"0 0 566.9 566.9\"><path d=\"M261.2,557.2c-27.2-1.7-54.3-7.4-80.6-17.1-69.1-25.7-124.2-76.6-155.1-143.2C-5.3,330.2-8.3,255.7,17.2,187.1,42.7,118.5,93.7,64.1,160.7,33.8,224.2,5.1,294.8,1.4,360.9,23c3.6,1.1,15.3,5.8,18.9,7.1l-21.8,33.5c-2-.8-4-1.5-6.1-2.2-57.6-19.7-119.5-16.9-175,8.2-57.4,26-100.9,72.5-122.8,131.2-45.1,121.2,17.8,257,140.2,302.5,22.6,8.4,45.8,13.2,68.8,14.6,101,6.1,198.4-53,235.1-151.8,10.3-27.9,15.3-56.9,14.6-86.4,0-1.2,0-2.5,0-3.7l36.7-21.5c0,1.4,2.7,22.9,2.7,24.3.8,34.5-4.9,68.4-17.1,101-25.5,68.6-76.5,123.1-143.5,153.3-41.6,18.8-86.1,26.8-130.5,24.1h0Z\" fill=\"#23a443\"><\/path><path d=\"M566.3,110.6l-64.7-80s-87.8,112.3-110.6,145.3c-26,37.7-89.7,129.9-123.1,178.3-13-13.2-27.4-27.5-36.7-35.7-22.4-19.6-106.1-83.4-106.1-83.4l-35.3,56s86.1,53.1,114,72c45,30.5,67.1,64.3,67.1,64.3l22.5-34c30.8-38.2,94.7-116.6,120.3-142,31.6-31.4,152.7-140.9,152.7-140.9h0Z\" fill=\"#23a443\"><\/path><path d=\"M270.8,428.3l-.4-.5c-.3-.4-22.6-34.1-67-64.2-27.5-18.7-113.1-71.4-114-71.9l-.4-.3,35.9-56.8.4.3c.9.6,84,64.1,106.1,83.5,7.9,6.9,20.1,18.8,36.4,35.3l122.8-177.9c22.6-32.7,109.7-144.3,110.6-145.4l.4-.4.4.4,65,80.3-.4.3c-1.2,1.1-121.5,109.8-152.6,140.8-25.1,25-86.1,99.6-120.3,142l-22.8,34.6h0ZM90.3,291c6.2,3.9,87,53.7,113.7,71.7,41.4,28.1,63.8,59.4,66.8,63.8l22.2-33.5c34.2-42.4,95.2-117.1,120.4-142.1,30.4-30.2,145.5-134.4,152.3-140.5l-64.2-79.3c-6,7.7-88.4,113.2-110.2,144.9l-123.4,178.7-.4-.4c-16.4-16.8-28.8-28.7-36.7-35.7-21.3-18.7-99.5-78.4-105.7-83.1l-34.9,55.3h0Z\" fill=\"#23a443\"><\/path><\/svg>\t\t\t\t\t\t<\/span>\n\t\t\t\t\t\t\t\t\t\t<span class=\"elementor-icon-list-text\">Reproduire fid\u00e8lement les d\u00e9tails fins et les textures<\/span>\n\t\t\t\t\t\t\t\t\t<\/li>\n\t\t\t\t\t\t\t\t<li class=\"elementor-icon-list-item\">\n\t\t\t\t\t\t\t\t\t\t\t<span class=\"elementor-icon-list-icon\">\n\t\t\t\t\t\t\t<svg xmlns=\"http:\/\/www.w3.org\/2000\/svg\" id=\"_&#x56FE;&#x5C42;_1\" data-name=\"&#x56FE;&#x5C42;_1\" viewbox=\"0 0 566.9 566.9\"><path d=\"M261.2,557.2c-27.2-1.7-54.3-7.4-80.6-17.1-69.1-25.7-124.2-76.6-155.1-143.2C-5.3,330.2-8.3,255.7,17.2,187.1,42.7,118.5,93.7,64.1,160.7,33.8,224.2,5.1,294.8,1.4,360.9,23c3.6,1.1,15.3,5.8,18.9,7.1l-21.8,33.5c-2-.8-4-1.5-6.1-2.2-57.6-19.7-119.5-16.9-175,8.2-57.4,26-100.9,72.5-122.8,131.2-45.1,121.2,17.8,257,140.2,302.5,22.6,8.4,45.8,13.2,68.8,14.6,101,6.1,198.4-53,235.1-151.8,10.3-27.9,15.3-56.9,14.6-86.4,0-1.2,0-2.5,0-3.7l36.7-21.5c0,1.4,2.7,22.9,2.7,24.3.8,34.5-4.9,68.4-17.1,101-25.5,68.6-76.5,123.1-143.5,153.3-41.6,18.8-86.1,26.8-130.5,24.1h0Z\" fill=\"#23a443\"><\/path><path d=\"M566.3,110.6l-64.7-80s-87.8,112.3-110.6,145.3c-26,37.7-89.7,129.9-123.1,178.3-13-13.2-27.4-27.5-36.7-35.7-22.4-19.6-106.1-83.4-106.1-83.4l-35.3,56s86.1,53.1,114,72c45,30.5,67.1,64.3,67.1,64.3l22.5-34c30.8-38.2,94.7-116.6,120.3-142,31.6-31.4,152.7-140.9,152.7-140.9h0Z\" fill=\"#23a443\"><\/path><path d=\"M270.8,428.3l-.4-.5c-.3-.4-22.6-34.1-67-64.2-27.5-18.7-113.1-71.4-114-71.9l-.4-.3,35.9-56.8.4.3c.9.6,84,64.1,106.1,83.5,7.9,6.9,20.1,18.8,36.4,35.3l122.8-177.9c22.6-32.7,109.7-144.3,110.6-145.4l.4-.4.4.4,65,80.3-.4.3c-1.2,1.1-121.5,109.8-152.6,140.8-25.1,25-86.1,99.6-120.3,142l-22.8,34.6h0ZM90.3,291c6.2,3.9,87,53.7,113.7,71.7,41.4,28.1,63.8,59.4,66.8,63.8l22.2-33.5c34.2-42.4,95.2-117.1,120.4-142.1,30.4-30.2,145.5-134.4,152.3-140.5l-64.2-79.3c-6,7.7-88.4,113.2-110.2,144.9l-123.4,178.7-.4-.4c-16.4-16.8-28.8-28.7-36.7-35.7-21.3-18.7-99.5-78.4-105.7-83.1l-34.9,55.3h0Z\" fill=\"#23a443\"><\/path><\/svg>\t\t\t\t\t\t<\/span>\n\t\t\t\t\t\t\t\t\t\t<span class=\"elementor-icon-list-text\">Finition de surface de haute qualit\u00e9 avec un post-traitement minimal<\/span>\n\t\t\t\t\t\t\t\t\t<\/li>\n\t\t\t\t\t\t\t\t<li class=\"elementor-icon-list-item\">\n\t\t\t\t\t\t\t\t\t\t\t<span class=\"elementor-icon-list-icon\">\n\t\t\t\t\t\t\t<svg xmlns=\"http:\/\/www.w3.org\/2000\/svg\" id=\"_&#x56FE;&#x5C42;_1\" data-name=\"&#x56FE;&#x5C42;_1\" viewbox=\"0 0 566.9 566.9\"><path d=\"M261.2,557.2c-27.2-1.7-54.3-7.4-80.6-17.1-69.1-25.7-124.2-76.6-155.1-143.2C-5.3,330.2-8.3,255.7,17.2,187.1,42.7,118.5,93.7,64.1,160.7,33.8,224.2,5.1,294.8,1.4,360.9,23c3.6,1.1,15.3,5.8,18.9,7.1l-21.8,33.5c-2-.8-4-1.5-6.1-2.2-57.6-19.7-119.5-16.9-175,8.2-57.4,26-100.9,72.5-122.8,131.2-45.1,121.2,17.8,257,140.2,302.5,22.6,8.4,45.8,13.2,68.8,14.6,101,6.1,198.4-53,235.1-151.8,10.3-27.9,15.3-56.9,14.6-86.4,0-1.2,0-2.5,0-3.7l36.7-21.5c0,1.4,2.7,22.9,2.7,24.3.8,34.5-4.9,68.4-17.1,101-25.5,68.6-76.5,123.1-143.5,153.3-41.6,18.8-86.1,26.8-130.5,24.1h0Z\" fill=\"#23a443\"><\/path><path d=\"M566.3,110.6l-64.7-80s-87.8,112.3-110.6,145.3c-26,37.7-89.7,129.9-123.1,178.3-13-13.2-27.4-27.5-36.7-35.7-22.4-19.6-106.1-83.4-106.1-83.4l-35.3,56s86.1,53.1,114,72c45,30.5,67.1,64.3,67.1,64.3l22.5-34c30.8-38.2,94.7-116.6,120.3-142,31.6-31.4,152.7-140.9,152.7-140.9h0Z\" fill=\"#23a443\"><\/path><path d=\"M270.8,428.3l-.4-.5c-.3-.4-22.6-34.1-67-64.2-27.5-18.7-113.1-71.4-114-71.9l-.4-.3,35.9-56.8.4.3c.9.6,84,64.1,106.1,83.5,7.9,6.9,20.1,18.8,36.4,35.3l122.8-177.9c22.6-32.7,109.7-144.3,110.6-145.4l.4-.4.4.4,65,80.3-.4.3c-1.2,1.1-121.5,109.8-152.6,140.8-25.1,25-86.1,99.6-120.3,142l-22.8,34.6h0ZM90.3,291c6.2,3.9,87,53.7,113.7,71.7,41.4,28.1,63.8,59.4,66.8,63.8l22.2-33.5c34.2-42.4,95.2-117.1,120.4-142.1,30.4-30.2,145.5-134.4,152.3-140.5l-64.2-79.3c-6,7.7-88.4,113.2-110.2,144.9l-123.4,178.7-.4-.4c-16.4-16.8-28.8-28.7-36.7-35.7-21.3-18.7-99.5-78.4-105.7-83.1l-34.9,55.3h0Z\" fill=\"#23a443\"><\/path><\/svg>\t\t\t\t\t\t<\/span>\n\t\t\t\t\t\t\t\t\t\t<span class=\"elementor-icon-list-text\">Production rapide de plusieurs exemplaires \u00e0 partir d'un seul moule<\/span>\n\t\t\t\t\t\t\t\t\t<\/li>\n\t\t\t\t\t\t<\/ul>\n\t\t\t\t\t\t<\/div>\n\t\t\t\t<\/div>\n\t\t\t\t<\/div>\n\t\t<div class=\"elementor-element elementor-element-6dfe687 e-con-full e-flex e-con e-child\" data-id=\"6dfe687\" data-element_type=\"container\">\n\t\t\t\t<div class=\"elementor-element elementor-element-fc9004f elementor-widget elementor-widget-html\" data-id=\"fc9004f\" data-element_type=\"widget\" data-widget_type=\"html.default\">\n\t\t\t\t<div class=\"elementor-widget-container\">\n\t\t\t\t\t<a href=\"https:\/\/firstmold.com\/fr\/quote\/\" class=\"fancy-btn\" role=\"button\" tabindex=\"0\">\n    Devis pour la coul\u00e9e sous vide\n    <i class=\"fa fa-cog btn-icon\"><\/i>\n<\/a>\t\t\t\t<\/div>\n\t\t\t\t<\/div>\n\t\t\t\t<\/div>\n\t\t\t\t<div class=\"elementor-element elementor-element-551f336 elementor-widget elementor-widget-heading\" data-id=\"551f336\" data-element_type=\"widget\" data-widget_type=\"heading.default\">\n\t\t\t\t<div class=\"elementor-widget-container\">\n\t\t\t\t\t<div class=\"elementor-heading-title elementor-size-default\">Un accord de confidentialit\u00e9 peut \u00eatre sign\u00e9 si n\u00e9cessaire avant le devis.<\/div>\t\t\t\t<\/div>\n\t\t\t\t<\/div>\n\t\t\t\t<\/div>\n\t\t<div class=\"elementor-element elementor-element-7a5c3aa e-con-full e-flex e-con e-child\" data-id=\"7a5c3aa\" data-element_type=\"container\">\n\t\t\t\t<div class=\"elementor-element elementor-element-33295e8 elementor-widget elementor-widget-image\" data-id=\"33295e8\" data-element_type=\"widget\" data-widget_type=\"image.default\">\n\t\t\t\t<div class=\"elementor-widget-container\">\n\t\t\t\t\t\t\t\t\t\t\t\t\t\t\t<img fetchpriority=\"high\" decoding=\"async\" width=\"900\" height=\"809\" src=\"https:\/\/firstmold.com\/wp-content\/uploads\/2024\/03\/prototype-by-vacuum-casting-service.webp\" class=\"attachment-full size-full wp-image-16639\" alt=\"prototype par service de coul\u00e9e sous vide\" srcset=\"https:\/\/firstmold.com\/wp-content\/uploads\/2024\/03\/prototype-by-vacuum-casting-service.webp 900w, https:\/\/firstmold.com\/wp-content\/uploads\/2024\/03\/prototype-by-vacuum-casting-service-300x270.webp 300w, https:\/\/firstmold.com\/wp-content\/uploads\/2024\/03\/prototype-by-vacuum-casting-service-768x690.webp 768w, https:\/\/firstmold.com\/wp-content\/uploads\/2024\/03\/prototype-by-vacuum-casting-service-13x12.webp 13w\" sizes=\"(max-width: 900px) 100vw, 900px\" \/>\t\t\t\t\t\t\t\t\t\t\t\t\t\t\t<\/div>\n\t\t\t\t<\/div>\n\t\t\t\t<\/div>\n\t\t\t\t<\/div>\n\t\t\t\t<\/div>","protected":false},"excerpt":{"rendered":"<p>Vacuum Casting Service Go-to choice for your businesses seeking fast turnaround times on prototypes that closely mimic final products with vacuum casting. Replicate fine details and textures accurately High-quality surface finish with minimal post-processing Fast production of multiple copies from a single mold Vacuum Casting Quote An NDA can be signed if needed before the [&hellip;]<\/p>\n","protected":false},"author":5,"featured_media":0,"parent":0,"menu_order":0,"comment_status":"closed","ping_status":"closed","template":"","meta":{"_acf_changed":false,"inline_featured_image":false,"footnotes":""},"class_list":["post-4062","page","type-page","status-publish","hentry"],"acf":[],"yoast_head":"<!-- This site is optimized with the Yoast SEO Premium plugin v22.3 (Yoast SEO v27.5) - https:\/\/yoast.com\/product\/yoast-seo-premium-wordpress\/ -->\n<title>Vacuum Casting | First Mold<\/title>\n<meta name=\"robots\" content=\"index, follow, max-snippet:-1, max-image-preview:large, max-video-preview:-1\" \/>\n<link rel=\"canonical\" href=\"https:\/\/firstmold.com\/fr\/vacuum-casting-service\/\" \/>\n<meta property=\"og:locale\" content=\"fr_FR\" \/>\n<meta property=\"og:type\" content=\"article\" \/>\n<meta property=\"og:title\" content=\"Vacuum Casting\" \/>\n<meta property=\"og:description\" content=\"Vacuum Casting Service Go-to choice for your businesses seeking fast turnaround times on prototypes that closely mimic final products with vacuum casting. Replicate fine details and textures accurately High-quality surface finish with minimal post-processing Fast production of multiple copies from a single mold Vacuum Casting Quote An NDA can be signed if needed before the [&hellip;]\" \/>\n<meta property=\"og:url\" content=\"https:\/\/firstmold.com\/fr\/vacuum-casting-service\/\" \/>\n<meta property=\"og:site_name\" content=\"First Mold\" \/>\n<meta property=\"article:publisher\" content=\"https:\/\/www.youtube.com\/@firstmold\" \/>\n<meta property=\"article:modified_time\" content=\"2025-12-01T02:39:58+00:00\" \/>\n<meta property=\"og:image\" content=\"https:\/\/firstmold.com\/wp-content\/uploads\/2024\/03\/prototype-by-vacuum-casting-service.webp\" \/>\n\t<meta property=\"og:image:width\" content=\"900\" \/>\n\t<meta property=\"og:image:height\" content=\"809\" \/>\n\t<meta property=\"og:image:type\" content=\"image\/webp\" \/>\n<meta name=\"twitter:card\" content=\"summary_large_image\" \/>\n<meta name=\"twitter:site\" content=\"@firstmold2011\" \/>\n<meta name=\"twitter:label1\" content=\"Dur\u00e9e de lecture estim\u00e9e\" \/>\n\t<meta name=\"twitter:data1\" content=\"1 minute\" \/>\n<script type=\"application\/ld+json\" class=\"yoast-schema-graph\">{\"@context\":\"https:\\\/\\\/schema.org\",\"@graph\":[{\"@type\":\"WebPage\",\"@id\":\"https:\\\/\\\/firstmold.com\\\/vacuum-casting-service\\\/\",\"url\":\"https:\\\/\\\/firstmold.com\\\/vacuum-casting-service\\\/\",\"name\":\"Vacuum Casting | First Mold\",\"isPartOf\":{\"@id\":\"https:\\\/\\\/firstmold.com\\\/#website\"},\"primaryImageOfPage\":{\"@id\":\"https:\\\/\\\/firstmold.com\\\/vacuum-casting-service\\\/#primaryimage\"},\"image\":{\"@id\":\"https:\\\/\\\/firstmold.com\\\/vacuum-casting-service\\\/#primaryimage\"},\"thumbnailUrl\":\"https:\\\/\\\/firstmold.com\\\/wp-content\\\/uploads\\\/2024\\\/03\\\/prototype-by-vacuum-casting-service.webp\",\"datePublished\":\"2022-12-07T05:55:34+00:00\",\"dateModified\":\"2025-12-01T02:39:58+00:00\",\"breadcrumb\":{\"@id\":\"https:\\\/\\\/firstmold.com\\\/vacuum-casting-service\\\/#breadcrumb\"},\"inLanguage\":\"fr-FR\",\"potentialAction\":[{\"@type\":\"ReadAction\",\"target\":[\"https:\\\/\\\/firstmold.com\\\/vacuum-casting-service\\\/\"]}]},{\"@type\":\"ImageObject\",\"inLanguage\":\"fr-FR\",\"@id\":\"https:\\\/\\\/firstmold.com\\\/vacuum-casting-service\\\/#primaryimage\",\"url\":\"https:\\\/\\\/firstmold.com\\\/wp-content\\\/uploads\\\/2024\\\/03\\\/prototype-by-vacuum-casting-service.webp\",\"contentUrl\":\"https:\\\/\\\/firstmold.com\\\/wp-content\\\/uploads\\\/2024\\\/03\\\/prototype-by-vacuum-casting-service.webp\"},{\"@type\":\"BreadcrumbList\",\"@id\":\"https:\\\/\\\/firstmold.com\\\/vacuum-casting-service\\\/#breadcrumb\",\"itemListElement\":[{\"@type\":\"ListItem\",\"position\":1,\"name\":\"Home\",\"item\":\"https:\\\/\\\/firstmold.com\\\/fr\\\/\"},{\"@type\":\"ListItem\",\"position\":2,\"name\":\"Vacuum Casting\"}]},{\"@type\":\"WebSite\",\"@id\":\"https:\\\/\\\/firstmold.com\\\/#website\",\"url\":\"https:\\\/\\\/firstmold.com\\\/\",\"name\":\"First Mold Manufacturing Limited | MFG\",\"description\":\"First Mold Official Website\",\"publisher\":{\"@id\":\"https:\\\/\\\/firstmold.com\\\/#organization\"},\"alternateName\":\"Parts Manufacturing Company | First Mold\",\"potentialAction\":[{\"@type\":\"SearchAction\",\"target\":{\"@type\":\"EntryPoint\",\"urlTemplate\":\"https:\\\/\\\/firstmold.com\\\/?s={search_term_string}\"},\"query-input\":{\"@type\":\"PropertyValueSpecification\",\"valueRequired\":true,\"valueName\":\"search_term_string\"}}],\"inLanguage\":\"fr-FR\"},{\"@type\":\"Organization\",\"@id\":\"https:\\\/\\\/firstmold.com\\\/#organization\",\"name\":\"First Mold Manufacturing Limited\",\"alternateName\":\"First Mold\",\"url\":\"https:\\\/\\\/firstmold.com\\\/\",\"logo\":{\"@type\":\"ImageObject\",\"inLanguage\":\"fr-FR\",\"@id\":\"https:\\\/\\\/firstmold.com\\\/#\\\/schema\\\/logo\\\/image\\\/\",\"url\":\"https:\\\/\\\/firstmold.com\\\/wp-content\\\/uploads\\\/2025\\\/06\\\/First-Mold-Manufacturing-Limited-Site-Representation-Logo.png\",\"contentUrl\":\"https:\\\/\\\/firstmold.com\\\/wp-content\\\/uploads\\\/2025\\\/06\\\/First-Mold-Manufacturing-Limited-Site-Representation-Logo.png\",\"width\":696,\"height\":696,\"caption\":\"First Mold Manufacturing Limited\"},\"image\":{\"@id\":\"https:\\\/\\\/firstmold.com\\\/#\\\/schema\\\/logo\\\/image\\\/\"},\"sameAs\":[\"https:\\\/\\\/www.youtube.com\\\/@firstmold\",\"https:\\\/\\\/x.com\\\/firstmold2011\",\"https:\\\/\\\/mastodon.social\\\/@firstmold\"],\"address\":[{\"@type\":\"PostalAddress\",\"name\":\"China Base\",\"streetAddress\":\"88 West Shagang Road, Gangkou Town\",\"addressLocality\":\"Zhongshan City\",\"addressRegion\":\"Guangdong\",\"postalCode\":\"528447\",\"addressCountry\":\"CN\"},{\"@type\":\"PostalAddress\",\"name\":\"Mexico Factory\",\"streetAddress\":\"Nave ISK-8, Parque Industrial y Log\u00edstico Sky Plus, Avenida Mineral de Cinco Se\u00f1ores No.100, del Parque Industrial Santa Fe\",\"addressLocality\":\"Silao de la Victoria\",\"addressRegion\":\"Guanajuato\",\"postalCode\":\"36270\",\"addressCountry\":\"MX\"},{\"@type\":\"PostalAddress\",\"name\":\"France Branch\",\"streetAddress\":\"2 Bis avenue des Cistes\",\"addressLocality\":\"Roquefort -la-Bedoule\",\"postalCode\":\"13830\",\"addressCountry\":\"FR\"},{\"@type\":\"PostalAddress\",\"name\":\"Singapore Branch\",\"streetAddress\":\"60 Paya Lebar Road #08-55\",\"addressLocality\":\"Singapore\",\"postalCode\":\"409051\",\"addressCountry\":\"SG\"}],\"description\":\"First Mold, whose full name is First Mold Manufacturing Limited, is a large-scale manufacturing company specializing in mold manufacturing, injection molding services, CNC machining, and rapid prototyping. With production bases in both China and Mexico, First Mold serves a global clientele.\",\"email\":\"marketing@firstmold.com\",\"telephone\":\"+86 18928160183\",\"legalName\":\"First Mold Manufacturing Limited\",\"foundingDate\":\"2012-02-19\",\"duns\":\"60-139-1218\",\"numberOfEmployees\":{\"@type\":\"QuantitativeValue\",\"minValue\":\"201\",\"maxValue\":\"500\"}}]}<\/script>\n<!-- \/ Yoast SEO Premium plugin. -->","yoast_head_json":{"title":"Moulage sous vide | Premier moule","robots":{"index":"index","follow":"follow","max-snippet":"max-snippet:-1","max-image-preview":"max-image-preview:large","max-video-preview":"max-video-preview:-1"},"canonical":"https:\/\/firstmold.com\/fr\/vacuum-casting-service\/","og_locale":"fr_FR","og_type":"article","og_title":"Vacuum Casting","og_description":"Vacuum Casting Service Go-to choice for your businesses seeking fast turnaround times on prototypes that closely mimic final products with vacuum casting. Replicate fine details and textures accurately High-quality surface finish with minimal post-processing Fast production of multiple copies from a single mold Vacuum Casting Quote An NDA can be signed if needed before the [&hellip;]","og_url":"https:\/\/firstmold.com\/fr\/vacuum-casting-service\/","og_site_name":"First Mold","article_publisher":"https:\/\/www.youtube.com\/@firstmold","article_modified_time":"2025-12-01T02:39:58+00:00","og_image":[{"width":900,"height":809,"url":"https:\/\/firstmold.com\/wp-content\/uploads\/2024\/03\/prototype-by-vacuum-casting-service.webp","type":"image\/webp"}],"twitter_card":"summary_large_image","twitter_site":"@firstmold2011","twitter_misc":{"Dur\u00e9e de lecture estim\u00e9e":"1 minute"},"schema":{"@context":"https:\/\/schema.org","@graph":[{"@type":"WebPage","@id":"https:\/\/firstmold.com\/vacuum-casting-service\/","url":"https:\/\/firstmold.com\/vacuum-casting-service\/","name":"Moulage sous vide | Premier moule","isPartOf":{"@id":"https:\/\/firstmold.com\/#website"},"primaryImageOfPage":{"@id":"https:\/\/firstmold.com\/vacuum-casting-service\/#primaryimage"},"image":{"@id":"https:\/\/firstmold.com\/vacuum-casting-service\/#primaryimage"},"thumbnailUrl":"https:\/\/firstmold.com\/wp-content\/uploads\/2024\/03\/prototype-by-vacuum-casting-service.webp","datePublished":"2022-12-07T05:55:34+00:00","dateModified":"2025-12-01T02:39:58+00:00","breadcrumb":{"@id":"https:\/\/firstmold.com\/vacuum-casting-service\/#breadcrumb"},"inLanguage":"fr-FR","potentialAction":[{"@type":"ReadAction","target":["https:\/\/firstmold.com\/vacuum-casting-service\/"]}]},{"@type":"ImageObject","inLanguage":"fr-FR","@id":"https:\/\/firstmold.com\/vacuum-casting-service\/#primaryimage","url":"https:\/\/firstmold.com\/wp-content\/uploads\/2024\/03\/prototype-by-vacuum-casting-service.webp","contentUrl":"https:\/\/firstmold.com\/wp-content\/uploads\/2024\/03\/prototype-by-vacuum-casting-service.webp"},{"@type":"BreadcrumbList","@id":"https:\/\/firstmold.com\/vacuum-casting-service\/#breadcrumb","itemListElement":[{"@type":"ListItem","position":1,"name":"Home","item":"https:\/\/firstmold.com\/fr\/"},{"@type":"ListItem","position":2,"name":"Vacuum Casting"}]},{"@type":"WebSite","@id":"https:\/\/firstmold.com\/#website","url":"https:\/\/firstmold.com\/","name":"First Mold Manufacturing Limited | MFG","description":"Site officiel de First Mold","publisher":{"@id":"https:\/\/firstmold.com\/#organization"},"alternateName":"Parts Manufacturing Company | First Mold","potentialAction":[{"@type":"SearchAction","target":{"@type":"EntryPoint","urlTemplate":"https:\/\/firstmold.com\/?s={search_term_string}"},"query-input":{"@type":"PropertyValueSpecification","valueRequired":true,"valueName":"search_term_string"}}],"inLanguage":"fr-FR"},{"@type":"Organization","@id":"https:\/\/firstmold.com\/#organization","name":"First Mold Manufacturing Limited","alternateName":"First Mold","url":"https:\/\/firstmold.com\/","logo":{"@type":"ImageObject","inLanguage":"fr-FR","@id":"https:\/\/firstmold.com\/#\/schema\/logo\/image\/","url":"https:\/\/firstmold.com\/wp-content\/uploads\/2025\/06\/First-Mold-Manufacturing-Limited-Site-Representation-Logo.png","contentUrl":"https:\/\/firstmold.com\/wp-content\/uploads\/2025\/06\/First-Mold-Manufacturing-Limited-Site-Representation-Logo.png","width":696,"height":696,"caption":"First Mold Manufacturing Limited"},"image":{"@id":"https:\/\/firstmold.com\/#\/schema\/logo\/image\/"},"sameAs":["https:\/\/www.youtube.com\/@firstmold","https:\/\/x.com\/firstmold2011","https:\/\/mastodon.social\/@firstmold"],"address":[{"@type":"PostalAddress","name":"China Base","streetAddress":"88 West Shagang Road, Gangkou Town","addressLocality":"Zhongshan City","addressRegion":"Guangdong","postalCode":"528447","addressCountry":"CN"},{"@type":"PostalAddress","name":"Mexico Factory","streetAddress":"Nave ISK-8, Parque Industrial y Log\u00edstico Sky Plus, Avenida Mineral de Cinco Se\u00f1ores No.100, del Parque Industrial Santa Fe","addressLocality":"Silao de la Victoria","addressRegion":"Guanajuato","postalCode":"36270","addressCountry":"MX"},{"@type":"PostalAddress","name":"France Branch","streetAddress":"2 Bis avenue des Cistes","addressLocality":"Roquefort -la-Bedoule","postalCode":"13830","addressCountry":"FR"},{"@type":"PostalAddress","name":"Singapore Branch","streetAddress":"60 Paya Lebar Road #08-55","addressLocality":"Singapore","postalCode":"409051","addressCountry":"SG"}],"description":"First Mold, dont le nom complet est First Mold Manufacturing Limited, est une entreprise manufacturi\u00e8re \u00e0 grande \u00e9chelle sp\u00e9cialis\u00e9e dans la fabrication de moules, les services de moulage par injection, l'usinage CNC et le prototypage rapide. Avec des bases de production en Chine et au Mexique, First Mold sert une client\u00e8le mondiale.","email":"marketing@firstmold.com","telephone":"+86 18928160183","legalName":"First Mold Manufacturing Limited","foundingDate":"2012-02-19","duns":"60-139-1218","numberOfEmployees":{"@type":"QuantitativeValue","minValue":"201","maxValue":"500"}}]}},"_links":{"self":[{"href":"https:\/\/firstmold.com\/fr\/wp-json\/wp\/v2\/pages\/4062","targetHints":{"allow":["GET"]}}],"collection":[{"href":"https:\/\/firstmold.com\/fr\/wp-json\/wp\/v2\/pages"}],"about":[{"href":"https:\/\/firstmold.com\/fr\/wp-json\/wp\/v2\/types\/page"}],"author":[{"embeddable":true,"href":"https:\/\/firstmold.com\/fr\/wp-json\/wp\/v2\/users\/5"}],"replies":[{"embeddable":true,"href":"https:\/\/firstmold.com\/fr\/wp-json\/wp\/v2\/comments?post=4062"}],"version-history":[{"count":12,"href":"https:\/\/firstmold.com\/fr\/wp-json\/wp\/v2\/pages\/4062\/revisions"}],"predecessor-version":[{"id":34778,"href":"https:\/\/firstmold.com\/fr\/wp-json\/wp\/v2\/pages\/4062\/revisions\/34778"}],"wp:attachment":[{"href":"https:\/\/firstmold.com\/fr\/wp-json\/wp\/v2\/media?parent=4062"}],"curies":[{"name":"wp","href":"https:\/\/api.w.org\/{rel}","templated":true}]}}