{"id":36272,"date":"2026-03-19T15:53:12","date_gmt":"2026-03-19T07:53:12","guid":{"rendered":"https:\/\/firstmold.com\/?page_id=36272"},"modified":"2026-05-07T10:53:23","modified_gmt":"2026-05-07T02:53:23","slug":"ebooks","status":"publish","type":"page","link":"https:\/\/firstmold.com\/fr\/ebooks\/","title":{"rendered":"Ebooks"},"content":{"rendered":"<div data-elementor-type=\"wp-page\" data-elementor-id=\"36272\" class=\"elementor elementor-36272\" data-elementor-post-type=\"page\">\n\t\t\t\t<div class=\"elementor-element elementor-element-cf8f7de e-con-full e-flex e-con e-parent\" data-id=\"cf8f7de\" data-element_type=\"container\" data-settings=\"{&quot;background_background&quot;:&quot;classic&quot;}\">\n\t\t<div class=\"elementor-element elementor-element-44d8261 e-con-full e-flex e-con e-child\" data-id=\"44d8261\" data-element_type=\"container\">\n\t\t\t\t<div class=\"elementor-element elementor-element-3c459d6 elementor-widget elementor-widget-breadcrumbs\" data-id=\"3c459d6\" data-element_type=\"widget\" data-widget_type=\"breadcrumbs.default\">\n\t\t\t\t<div class=\"elementor-widget-container\">\n\t\t\t\t\t<p id=\"breadcrumbs\"><span><span><a href=\"https:\/\/firstmold.com\/fr\/\">Accueil<\/a><\/span><\/span><\/p>\t\t\t\t<\/div>\n\t\t\t\t<\/div>\n\t\t\t\t<div class=\"elementor-element elementor-element-7382021 elementor-widget elementor-widget-heading\" data-id=\"7382021\" data-element_type=\"widget\" data-settings=\"{&quot;_animation&quot;:&quot;none&quot;}\" data-widget_type=\"heading.default\">\n\t\t\t\t<div class=\"elementor-widget-container\">\n\t\t\t\t\t<h1 class=\"elementor-heading-title elementor-size-default\">Ebooks<\/h1>\t\t\t\t<\/div>\n\t\t\t\t<\/div>\n\t\t\t\t<div class=\"elementor-element elementor-element-c98e9f0 elementor-widget elementor-widget-text-editor\" data-id=\"c98e9f0\" data-element_type=\"widget\" data-widget_type=\"text-editor.default\">\n\t\t\t\t<div class=\"elementor-widget-container\">\n\t\t\t\t\t\t\t\t\t<p>E-books on process, machinery and design, originally compiled and written by First Mold.<\/p>\t\t\t\t\t\t\t\t<\/div>\n\t\t\t\t<\/div>\n\t\t\t\t<\/div>\n\t\t<div class=\"elementor-element elementor-element-eb093ff e-con-full elementor-hidden-tablet e-flex e-con e-child\" data-id=\"eb093ff\" data-element_type=\"container\">\n\t\t\t\t<div class=\"elementor-element elementor-element-daf869d elementor-widget elementor-widget-image\" data-id=\"daf869d\" data-element_type=\"widget\" data-widget_type=\"image.default\">\n\t\t\t\t<div class=\"elementor-widget-container\">\n\t\t\t\t\t\t\t\t\t\t\t\t\t\t\t<img fetchpriority=\"high\" decoding=\"async\" width=\"672\" height=\"592\" src=\"https:\/\/firstmold.com\/wp-content\/uploads\/2026\/03\/injection-molded-parts-and-ebooks.webp\" class=\"attachment-full size-full wp-image-36302\" alt=\"injection molded parts and ebooks\" srcset=\"https:\/\/firstmold.com\/wp-content\/uploads\/2026\/03\/injection-molded-parts-and-ebooks.webp 672w, https:\/\/firstmold.com\/wp-content\/uploads\/2026\/03\/injection-molded-parts-and-ebooks-300x264.webp 300w, https:\/\/firstmold.com\/wp-content\/uploads\/2026\/03\/injection-molded-parts-and-ebooks-14x12.webp 14w, https:\/\/firstmold.com\/wp-content\/uploads\/2026\/03\/injection-molded-parts-and-ebooks-600x529.webp 600w\" sizes=\"(max-width: 672px) 100vw, 672px\" \/>\t\t\t\t\t\t\t\t\t\t\t\t\t\t\t<\/div>\n\t\t\t\t<\/div>\n\t\t\t\t<\/div>\n\t\t\t\t<\/div>\n\t\t<div class=\"elementor-element elementor-element-da26687 e-con-full fm2-section e-flex e-con e-parent\" data-id=\"da26687\" data-element_type=\"container\" data-settings=\"{&quot;background_background&quot;:&quot;classic&quot;}\">\n\t\t\t\t<div class=\"elementor-element elementor-element-50735b6 elementor-widget elementor-widget-html\" data-id=\"50735b6\" data-element_type=\"widget\" data-widget_type=\"html.default\">\n\t\t\t\t<div class=\"elementor-widget-container\">\n\t\t\t\t\t<div class=\"fm-section-title-center\">\r\n    <div class=\"fm-section-title-wrap\">\r\n        <div class=\"fm-section-title-divider\"><\/div>\r\n        <h2 class=\"fm-section-title-heading\">Ebook Library\r\n        <\/h2>\r\n        <div class=\"fm-section-title-divider\"><\/div>\r\n    <\/div>\r\n<\/div>\t\t\t\t<\/div>\n\t\t\t\t<\/div>\n\t\t<div class=\"elementor-element elementor-element-faf9ff8 e-con-full e-flex e-con e-child\" data-id=\"faf9ff8\" data-element_type=\"container\">\n\t\t\t\t<div class=\"elementor-element elementor-element-bfa030f elementor-widget elementor-widget-html\" data-id=\"bfa030f\" data-element_type=\"widget\" data-widget_type=\"html.default\">\n\t\t\t\t<div class=\"elementor-widget-container\">\n\t\t\t\t\t<div>\r\n    <div class=\"fm-ebook-grid ho2ho-none-link\">\r\n        <a href=\"\/wp-content\/uploads\/2026\/03\/Common-Injection-Molding-Design-Mistakes-and-Optimization-Guide.pdf\" class=\"fm-pic-title-box-link fm-hover-up\">\r\n            <div class=\"fm-pic-title-box\">\r\n                <div class=\"fm-download-badge fm-font-second-text\">T\u00e9l\u00e9charger\r\n                <\/div>\r\n                <div class=\"fm-box-img-wrapper\">\r\n                    <img decoding=\"async\" src=\"\/wp-content\/uploads\/2026\/03\/Cover-of-Ebook-Common-Injection-Molding-Design-Mistakes-and-Optimization-Guide.webp\" alt=\"Cover of Ebook Common Injection Molding Design Mistakes and Optimization Guide\" class=\"fm-box-img\">\r\n                <\/div>\r\n                <div class=\"fm-pic-title-box-content\">\r\n                    <h3 class=\"fm-box-title\">Common Injection Molding Design Mistakes and Optimization Guide\r\n                    <\/h3>\r\n                <\/div>\r\n            <\/div>\r\n        <\/a>\r\n    <\/div>\r\n<\/div>\t\t\t\t<\/div>\n\t\t\t\t<\/div>\n\t\t\t\t<\/div>\n\t\t\t\t<\/div>\n\t\t\t\t<\/div>","protected":false},"excerpt":{"rendered":"<p>Ebooks E-books on process, machinery and design, originally compiled and written by First Mold. Ebook Library Download Common Injection Molding Design Mistakes and Optimization Guide<\/p>","protected":false},"author":5,"featured_media":0,"parent":0,"menu_order":0,"comment_status":"closed","ping_status":"closed","template":"","meta":{"_acf_changed":false,"inline_featured_image":false,"footnotes":""},"class_list":["post-36272","page","type-page","status-publish","hentry"],"acf":[],"yoast_head":"<!-- This site is optimized with the Yoast SEO Premium plugin v22.3 (Yoast SEO v27.5) - https:\/\/yoast.com\/product\/yoast-seo-premium-wordpress\/ -->\n<title>Ebooks | First Mold<\/title>\n<meta name=\"robots\" content=\"index, follow, max-snippet:-1, max-image-preview:large, max-video-preview:-1\" \/>\n<link rel=\"canonical\" href=\"https:\/\/firstmold.com\/fr\/ebooks\/\" \/>\n<meta property=\"og:locale\" content=\"fr_FR\" \/>\n<meta property=\"og:type\" content=\"article\" \/>\n<meta property=\"og:title\" content=\"Ebooks\" \/>\n<meta property=\"og:description\" content=\"Ebooks E-books on process, machinery and design, originally compiled and written by First Mold. Ebook Library Download Common Injection Molding Design Mistakes and Optimization Guide\" \/>\n<meta property=\"og:url\" content=\"https:\/\/firstmold.com\/fr\/ebooks\/\" \/>\n<meta property=\"og:site_name\" content=\"First Mold\" \/>\n<meta property=\"article:publisher\" content=\"https:\/\/www.youtube.com\/@firstmold\" \/>\n<meta property=\"article:modified_time\" content=\"2026-05-07T02:53:23+00:00\" \/>\n<meta property=\"og:image\" content=\"https:\/\/firstmold.com\/wp-content\/uploads\/2026\/03\/injection-molded-parts-and-ebooks.webp\" \/>\n\t<meta property=\"og:image:width\" content=\"672\" \/>\n\t<meta property=\"og:image:height\" content=\"592\" \/>\n\t<meta property=\"og:image:type\" content=\"image\/webp\" \/>\n<meta name=\"twitter:card\" content=\"summary_large_image\" \/>\n<meta name=\"twitter:site\" content=\"@firstmold2011\" \/>\n<meta name=\"twitter:label1\" content=\"Dur\u00e9e de lecture estim\u00e9e\" \/>\n\t<meta name=\"twitter:data1\" content=\"1 minute\" \/>\n<script type=\"application\/ld+json\" class=\"yoast-schema-graph\">{\"@context\":\"https:\\\/\\\/schema.org\",\"@graph\":[{\"@type\":\"WebPage\",\"@id\":\"https:\\\/\\\/firstmold.com\\\/ebooks\\\/\",\"url\":\"https:\\\/\\\/firstmold.com\\\/ebooks\\\/\",\"name\":\"Ebooks | First Mold\",\"isPartOf\":{\"@id\":\"https:\\\/\\\/firstmold.com\\\/#website\"},\"primaryImageOfPage\":{\"@id\":\"https:\\\/\\\/firstmold.com\\\/ebooks\\\/#primaryimage\"},\"image\":{\"@id\":\"https:\\\/\\\/firstmold.com\\\/ebooks\\\/#primaryimage\"},\"thumbnailUrl\":\"https:\\\/\\\/firstmold.com\\\/wp-content\\\/uploads\\\/2026\\\/03\\\/injection-molded-parts-and-ebooks.webp\",\"datePublished\":\"2026-03-19T07:53:12+00:00\",\"dateModified\":\"2026-05-07T02:53:23+00:00\",\"breadcrumb\":{\"@id\":\"https:\\\/\\\/firstmold.com\\\/ebooks\\\/#breadcrumb\"},\"inLanguage\":\"fr-FR\",\"potentialAction\":[{\"@type\":\"ReadAction\",\"target\":[\"https:\\\/\\\/firstmold.com\\\/ebooks\\\/\"]}]},{\"@type\":\"ImageObject\",\"inLanguage\":\"fr-FR\",\"@id\":\"https:\\\/\\\/firstmold.com\\\/ebooks\\\/#primaryimage\",\"url\":\"https:\\\/\\\/firstmold.com\\\/wp-content\\\/uploads\\\/2026\\\/03\\\/injection-molded-parts-and-ebooks.webp\",\"contentUrl\":\"https:\\\/\\\/firstmold.com\\\/wp-content\\\/uploads\\\/2026\\\/03\\\/injection-molded-parts-and-ebooks.webp\"},{\"@type\":\"BreadcrumbList\",\"@id\":\"https:\\\/\\\/firstmold.com\\\/ebooks\\\/#breadcrumb\",\"itemListElement\":[{\"@type\":\"ListItem\",\"position\":1,\"name\":\"Home\",\"item\":\"https:\\\/\\\/firstmold.com\\\/fr\\\/\"},{\"@type\":\"ListItem\",\"position\":2,\"name\":\"Ebooks\"}]},{\"@type\":\"WebSite\",\"@id\":\"https:\\\/\\\/firstmold.com\\\/#website\",\"url\":\"https:\\\/\\\/firstmold.com\\\/\",\"name\":\"First Mold Manufacturing Limited | MFG\",\"description\":\"First Mold Official Website\",\"publisher\":{\"@id\":\"https:\\\/\\\/firstmold.com\\\/#organization\"},\"alternateName\":\"Parts Manufacturing Company | First Mold\",\"potentialAction\":[{\"@type\":\"SearchAction\",\"target\":{\"@type\":\"EntryPoint\",\"urlTemplate\":\"https:\\\/\\\/firstmold.com\\\/?s={search_term_string}\"},\"query-input\":{\"@type\":\"PropertyValueSpecification\",\"valueRequired\":true,\"valueName\":\"search_term_string\"}}],\"inLanguage\":\"fr-FR\"},{\"@type\":\"Organization\",\"@id\":\"https:\\\/\\\/firstmold.com\\\/#organization\",\"name\":\"First Mold Manufacturing Limited\",\"alternateName\":\"First Mold\",\"url\":\"https:\\\/\\\/firstmold.com\\\/\",\"logo\":{\"@type\":\"ImageObject\",\"inLanguage\":\"fr-FR\",\"@id\":\"https:\\\/\\\/firstmold.com\\\/#\\\/schema\\\/logo\\\/image\\\/\",\"url\":\"https:\\\/\\\/firstmold.com\\\/wp-content\\\/uploads\\\/2025\\\/06\\\/First-Mold-Manufacturing-Limited-Site-Representation-Logo.png\",\"contentUrl\":\"https:\\\/\\\/firstmold.com\\\/wp-content\\\/uploads\\\/2025\\\/06\\\/First-Mold-Manufacturing-Limited-Site-Representation-Logo.png\",\"width\":696,\"height\":696,\"caption\":\"First Mold Manufacturing Limited\"},\"image\":{\"@id\":\"https:\\\/\\\/firstmold.com\\\/#\\\/schema\\\/logo\\\/image\\\/\"},\"sameAs\":[\"https:\\\/\\\/www.youtube.com\\\/@firstmold\",\"https:\\\/\\\/x.com\\\/firstmold2011\",\"https:\\\/\\\/mastodon.social\\\/@firstmold\"],\"address\":[{\"@type\":\"PostalAddress\",\"name\":\"China Base\",\"streetAddress\":\"88 West Shagang Road, Gangkou Town\",\"addressLocality\":\"Zhongshan City\",\"addressRegion\":\"Guangdong\",\"postalCode\":\"528447\",\"addressCountry\":\"CN\"},{\"@type\":\"PostalAddress\",\"name\":\"Mexico Factory\",\"streetAddress\":\"Nave ISK-8, Parque Industrial y Log\u00edstico Sky Plus, Avenida Mineral de Cinco Se\u00f1ores No.100, del Parque Industrial Santa Fe\",\"addressLocality\":\"Silao de la Victoria\",\"addressRegion\":\"Guanajuato\",\"postalCode\":\"36270\",\"addressCountry\":\"MX\"},{\"@type\":\"PostalAddress\",\"name\":\"France Branch\",\"streetAddress\":\"2 Bis avenue des Cistes\",\"addressLocality\":\"Roquefort -la-Bedoule\",\"postalCode\":\"13830\",\"addressCountry\":\"FR\"},{\"@type\":\"PostalAddress\",\"name\":\"Singapore Branch\",\"streetAddress\":\"60 Paya Lebar Road #08-55\",\"addressLocality\":\"Singapore\",\"postalCode\":\"409051\",\"addressCountry\":\"SG\"}],\"description\":\"First Mold, whose full name is First Mold Manufacturing Limited, is a large-scale manufacturing company specializing in mold manufacturing, injection molding services, CNC machining, and rapid prototyping. With production bases in both China and Mexico, First Mold serves a global clientele.\",\"email\":\"marketing@firstmold.com\",\"telephone\":\"+86 18928160183\",\"legalName\":\"First Mold Manufacturing Limited\",\"foundingDate\":\"2012-02-19\",\"duns\":\"60-139-1218\",\"numberOfEmployees\":{\"@type\":\"QuantitativeValue\",\"minValue\":\"201\",\"maxValue\":\"500\"}}]}<\/script>\n<!-- \/ Yoast SEO Premium plugin. -->","yoast_head_json":{"title":"Ebooks | First Mold","robots":{"index":"index","follow":"follow","max-snippet":"max-snippet:-1","max-image-preview":"max-image-preview:large","max-video-preview":"max-video-preview:-1"},"canonical":"https:\/\/firstmold.com\/fr\/ebooks\/","og_locale":"fr_FR","og_type":"article","og_title":"Ebooks","og_description":"Ebooks E-books on process, machinery and design, originally compiled and written by First Mold. Ebook Library Download Common Injection Molding Design Mistakes and Optimization Guide","og_url":"https:\/\/firstmold.com\/fr\/ebooks\/","og_site_name":"First Mold","article_publisher":"https:\/\/www.youtube.com\/@firstmold","article_modified_time":"2026-05-07T02:53:23+00:00","og_image":[{"width":672,"height":592,"url":"https:\/\/firstmold.com\/wp-content\/uploads\/2026\/03\/injection-molded-parts-and-ebooks.webp","type":"image\/webp"}],"twitter_card":"summary_large_image","twitter_site":"@firstmold2011","twitter_misc":{"Dur\u00e9e de lecture estim\u00e9e":"1 minute"},"schema":{"@context":"https:\/\/schema.org","@graph":[{"@type":"WebPage","@id":"https:\/\/firstmold.com\/ebooks\/","url":"https:\/\/firstmold.com\/ebooks\/","name":"Ebooks | First Mold","isPartOf":{"@id":"https:\/\/firstmold.com\/#website"},"primaryImageOfPage":{"@id":"https:\/\/firstmold.com\/ebooks\/#primaryimage"},"image":{"@id":"https:\/\/firstmold.com\/ebooks\/#primaryimage"},"thumbnailUrl":"https:\/\/firstmold.com\/wp-content\/uploads\/2026\/03\/injection-molded-parts-and-ebooks.webp","datePublished":"2026-03-19T07:53:12+00:00","dateModified":"2026-05-07T02:53:23+00:00","breadcrumb":{"@id":"https:\/\/firstmold.com\/ebooks\/#breadcrumb"},"inLanguage":"fr-FR","potentialAction":[{"@type":"ReadAction","target":["https:\/\/firstmold.com\/ebooks\/"]}]},{"@type":"ImageObject","inLanguage":"fr-FR","@id":"https:\/\/firstmold.com\/ebooks\/#primaryimage","url":"https:\/\/firstmold.com\/wp-content\/uploads\/2026\/03\/injection-molded-parts-and-ebooks.webp","contentUrl":"https:\/\/firstmold.com\/wp-content\/uploads\/2026\/03\/injection-molded-parts-and-ebooks.webp"},{"@type":"BreadcrumbList","@id":"https:\/\/firstmold.com\/ebooks\/#breadcrumb","itemListElement":[{"@type":"ListItem","position":1,"name":"Home","item":"https:\/\/firstmold.com\/fr\/"},{"@type":"ListItem","position":2,"name":"Ebooks"}]},{"@type":"WebSite","@id":"https:\/\/firstmold.com\/#website","url":"https:\/\/firstmold.com\/","name":"First Mold Manufacturing Limited | MFG","description":"Site officiel de First Mold","publisher":{"@id":"https:\/\/firstmold.com\/#organization"},"alternateName":"Parts Manufacturing Company | First Mold","potentialAction":[{"@type":"SearchAction","target":{"@type":"EntryPoint","urlTemplate":"https:\/\/firstmold.com\/?s={search_term_string}"},"query-input":{"@type":"PropertyValueSpecification","valueRequired":true,"valueName":"search_term_string"}}],"inLanguage":"fr-FR"},{"@type":"Organization","@id":"https:\/\/firstmold.com\/#organization","name":"First Mold Manufacturing Limited","alternateName":"First Mold","url":"https:\/\/firstmold.com\/","logo":{"@type":"ImageObject","inLanguage":"fr-FR","@id":"https:\/\/firstmold.com\/#\/schema\/logo\/image\/","url":"https:\/\/firstmold.com\/wp-content\/uploads\/2025\/06\/First-Mold-Manufacturing-Limited-Site-Representation-Logo.png","contentUrl":"https:\/\/firstmold.com\/wp-content\/uploads\/2025\/06\/First-Mold-Manufacturing-Limited-Site-Representation-Logo.png","width":696,"height":696,"caption":"First Mold Manufacturing Limited"},"image":{"@id":"https:\/\/firstmold.com\/#\/schema\/logo\/image\/"},"sameAs":["https:\/\/www.youtube.com\/@firstmold","https:\/\/x.com\/firstmold2011","https:\/\/mastodon.social\/@firstmold"],"address":[{"@type":"PostalAddress","name":"China Base","streetAddress":"88 West Shagang Road, Gangkou Town","addressLocality":"Zhongshan City","addressRegion":"Guangdong","postalCode":"528447","addressCountry":"CN"},{"@type":"PostalAddress","name":"Mexico Factory","streetAddress":"Nave ISK-8, Parque Industrial y Log\u00edstico Sky Plus, Avenida Mineral de Cinco Se\u00f1ores No.100, del Parque Industrial Santa Fe","addressLocality":"Silao de la Victoria","addressRegion":"Guanajuato","postalCode":"36270","addressCountry":"MX"},{"@type":"PostalAddress","name":"France Branch","streetAddress":"2 Bis avenue des Cistes","addressLocality":"Roquefort -la-Bedoule","postalCode":"13830","addressCountry":"FR"},{"@type":"PostalAddress","name":"Singapore Branch","streetAddress":"60 Paya Lebar Road #08-55","addressLocality":"Singapore","postalCode":"409051","addressCountry":"SG"}],"description":"First Mold, dont le nom complet est First Mold Manufacturing Limited, est une entreprise manufacturi\u00e8re \u00e0 grande \u00e9chelle sp\u00e9cialis\u00e9e dans la fabrication de moules, les services de moulage par injection, l'usinage CNC et le prototypage rapide. Avec des bases de production en Chine et au Mexique, First Mold sert une client\u00e8le mondiale.","email":"marketing@firstmold.com","telephone":"+86 18928160183","legalName":"First Mold Manufacturing Limited","foundingDate":"2012-02-19","duns":"60-139-1218","numberOfEmployees":{"@type":"QuantitativeValue","minValue":"201","maxValue":"500"}}]}},"_links":{"self":[{"href":"https:\/\/firstmold.com\/fr\/wp-json\/wp\/v2\/pages\/36272","targetHints":{"allow":["GET"]}}],"collection":[{"href":"https:\/\/firstmold.com\/fr\/wp-json\/wp\/v2\/pages"}],"about":[{"href":"https:\/\/firstmold.com\/fr\/wp-json\/wp\/v2\/types\/page"}],"author":[{"embeddable":true,"href":"https:\/\/firstmold.com\/fr\/wp-json\/wp\/v2\/users\/5"}],"replies":[{"embeddable":true,"href":"https:\/\/firstmold.com\/fr\/wp-json\/wp\/v2\/comments?post=36272"}],"version-history":[{"count":25,"href":"https:\/\/firstmold.com\/fr\/wp-json\/wp\/v2\/pages\/36272\/revisions"}],"predecessor-version":[{"id":36997,"href":"https:\/\/firstmold.com\/fr\/wp-json\/wp\/v2\/pages\/36272\/revisions\/36997"}],"wp:attachment":[{"href":"https:\/\/firstmold.com\/fr\/wp-json\/wp\/v2\/media?parent=36272"}],"curies":[{"name":"wp","href":"https:\/\/api.w.org\/{rel}","templated":true}]}}