{"id":23622,"date":"2024-09-20T10:12:33","date_gmt":"2024-09-20T02:12:33","guid":{"rendered":"https:\/\/firstmold.com\/?page_id=23622"},"modified":"2025-10-13T15:58:07","modified_gmt":"2025-10-13T07:58:07","slug":"online-quote-success","status":"publish","type":"page","link":"https:\/\/firstmold.com\/fr\/online-quote-success\/","title":{"rendered":"Succ\u00e8s des devis en ligne"},"content":{"rendered":"<div data-elementor-type=\"wp-page\" data-elementor-id=\"23622\" class=\"elementor elementor-23622\" data-elementor-post-type=\"page\">\n\t\t\t\t<div class=\"elementor-element elementor-element-2d7f68e1 e-con-full e-flex e-con e-parent\" data-id=\"2d7f68e1\" data-element_type=\"container\">\n\t\t<div class=\"elementor-element elementor-element-ca05f11 e-con-full e-flex e-con e-child\" data-id=\"ca05f11\" data-element_type=\"container\">\n\t\t\t\t<div class=\"elementor-element elementor-element-2f2ff19 elementor-widget elementor-widget-heading\" data-id=\"2f2ff19\" data-element_type=\"widget\" data-widget_type=\"heading.default\">\n\t\t\t\t<div class=\"elementor-widget-container\">\n\t\t\t\t\t<h1 class=\"elementor-heading-title elementor-size-default\">Succ\u00e8s des devis en ligne<\/h1>\t\t\t\t<\/div>\n\t\t\t\t<\/div>\n\t\t\t\t<div class=\"elementor-element elementor-element-4a2af4 elementor-widget elementor-widget-text-editor\" data-id=\"4a2af4\" data-element_type=\"widget\" data-widget_type=\"text-editor.default\">\n\t\t\t\t<div class=\"elementor-widget-container\">\n\t\t\t\t\t\t\t\t\t<p style=\"line-height: 50px;\">Le prix de votre module est de :<span style=\"color: #800000;\"><b style=\"font-size: 25px;\"><span class=\"request-price-success\"><span class=\"currency\" style=\"display:none;\">&#36;<\/span><span id=\"request_price\"><\/span><\/span><\/b><\/span><br \/>Veuillez consulter votre courrier \u00e9lectronique pour plus de d\u00e9tails.<\/p>\t\t\t\t\t\t\t\t<\/div>\n\t\t\t\t<\/div>\n\t\t\t\t<div class=\"elementor-element elementor-element-4386cab elementor-widget elementor-widget-html\" data-id=\"4386cab\" data-element_type=\"widget\" data-widget_type=\"html.default\">\n\t\t\t\t<div class=\"elementor-widget-container\">\n\t\t\t\t\t<a href=\"https:\/\/firstmold.com\/fr\/quote-generator\/\" class=\"fancy-btn caculator-btn fancy-btn-center\" role=\"button\" tabindex=\"0\">\n    Demander un autre devis\n    <i class=\"fa fa-cog btn-icon\"><\/i>\n<\/a>\t\t\t\t<\/div>\n\t\t\t\t<\/div>\n\t\t\t\t<\/div>\n\t\t\t\t<\/div>\n\t\t\t\t<\/div>","protected":false},"excerpt":{"rendered":"<p>Online Quote Sucess Le prix de votre module est de:Veuillez v\u00e9rifier votre email pour plus de d\u00e9tails. Demander un autre devis<\/p>","protected":false},"author":5,"featured_media":0,"parent":0,"menu_order":0,"comment_status":"closed","ping_status":"closed","template":"elementor_header_footer","meta":{"_acf_changed":false,"inline_featured_image":false,"footnotes":""},"class_list":["post-23622","page","type-page","status-publish","hentry"],"acf":[],"yoast_head":"<!-- This site is optimized with the Yoast SEO Premium plugin v22.3 (Yoast SEO v27.5) - https:\/\/yoast.com\/product\/yoast-seo-premium-wordpress\/ -->\n<title>Online Quote Success | First Mold<\/title>\n<meta name=\"robots\" content=\"index, follow, max-snippet:-1, max-image-preview:large, max-video-preview:-1\" \/>\n<link rel=\"canonical\" href=\"https:\/\/firstmold.com\/fr\/online-quote-success\/\" \/>\n<meta property=\"og:locale\" content=\"fr_FR\" \/>\n<meta property=\"og:type\" content=\"article\" \/>\n<meta property=\"og:title\" content=\"Online Quote Success\" \/>\n<meta property=\"og:description\" content=\"Online Quote Sucess Your module price Is:Please check your email for details. Request Another Quote\" \/>\n<meta property=\"og:url\" content=\"https:\/\/firstmold.com\/fr\/online-quote-success\/\" \/>\n<meta property=\"og:site_name\" content=\"First Mold\" \/>\n<meta property=\"article:publisher\" content=\"https:\/\/www.youtube.com\/@firstmold\" \/>\n<meta property=\"article:modified_time\" content=\"2025-10-13T07:58:07+00:00\" \/>\n<meta property=\"og:image\" content=\"https:\/\/firstmold.com\/wp-content\/uploads\/2024\/06\/firstmold-featured-image.jpg\" \/>\n\t<meta property=\"og:image:width\" content=\"1200\" \/>\n\t<meta property=\"og:image:height\" content=\"675\" \/>\n\t<meta property=\"og:image:type\" content=\"image\/jpeg\" \/>\n<meta name=\"twitter:card\" content=\"summary_large_image\" \/>\n<meta name=\"twitter:site\" content=\"@firstmold2011\" \/>\n<meta name=\"twitter:label1\" content=\"Dur\u00e9e de lecture estim\u00e9e\" \/>\n\t<meta name=\"twitter:data1\" content=\"1 minute\" \/>\n<script type=\"application\/ld+json\" class=\"yoast-schema-graph\">{\"@context\":\"https:\\\/\\\/schema.org\",\"@graph\":[{\"@type\":\"WebPage\",\"@id\":\"https:\\\/\\\/firstmold.com\\\/online-quote-success\\\/\",\"url\":\"https:\\\/\\\/firstmold.com\\\/online-quote-success\\\/\",\"name\":\"Online Quote Success | First Mold\",\"isPartOf\":{\"@id\":\"https:\\\/\\\/firstmold.com\\\/#website\"},\"datePublished\":\"2024-09-20T02:12:33+00:00\",\"dateModified\":\"2025-10-13T07:58:07+00:00\",\"breadcrumb\":{\"@id\":\"https:\\\/\\\/firstmold.com\\\/online-quote-success\\\/#breadcrumb\"},\"inLanguage\":\"fr-FR\",\"potentialAction\":[{\"@type\":\"ReadAction\",\"target\":[\"https:\\\/\\\/firstmold.com\\\/online-quote-success\\\/\"]}]},{\"@type\":\"BreadcrumbList\",\"@id\":\"https:\\\/\\\/firstmold.com\\\/online-quote-success\\\/#breadcrumb\",\"itemListElement\":[{\"@type\":\"ListItem\",\"position\":1,\"name\":\"Home\",\"item\":\"https:\\\/\\\/firstmold.com\\\/fr\\\/\"},{\"@type\":\"ListItem\",\"position\":2,\"name\":\"Online Quote Success\"}]},{\"@type\":\"WebSite\",\"@id\":\"https:\\\/\\\/firstmold.com\\\/#website\",\"url\":\"https:\\\/\\\/firstmold.com\\\/\",\"name\":\"First Mold Manufacturing Limited | MFG\",\"description\":\"First Mold Official Website\",\"publisher\":{\"@id\":\"https:\\\/\\\/firstmold.com\\\/#organization\"},\"alternateName\":\"Parts Manufacturing Company | First Mold\",\"potentialAction\":[{\"@type\":\"SearchAction\",\"target\":{\"@type\":\"EntryPoint\",\"urlTemplate\":\"https:\\\/\\\/firstmold.com\\\/?s={search_term_string}\"},\"query-input\":{\"@type\":\"PropertyValueSpecification\",\"valueRequired\":true,\"valueName\":\"search_term_string\"}}],\"inLanguage\":\"fr-FR\"},{\"@type\":\"Organization\",\"@id\":\"https:\\\/\\\/firstmold.com\\\/#organization\",\"name\":\"First Mold Manufacturing Limited\",\"alternateName\":\"First Mold\",\"url\":\"https:\\\/\\\/firstmold.com\\\/\",\"logo\":{\"@type\":\"ImageObject\",\"inLanguage\":\"fr-FR\",\"@id\":\"https:\\\/\\\/firstmold.com\\\/#\\\/schema\\\/logo\\\/image\\\/\",\"url\":\"https:\\\/\\\/firstmold.com\\\/wp-content\\\/uploads\\\/2025\\\/06\\\/First-Mold-Manufacturing-Limited-Site-Representation-Logo.png\",\"contentUrl\":\"https:\\\/\\\/firstmold.com\\\/wp-content\\\/uploads\\\/2025\\\/06\\\/First-Mold-Manufacturing-Limited-Site-Representation-Logo.png\",\"width\":696,\"height\":696,\"caption\":\"First Mold Manufacturing Limited\"},\"image\":{\"@id\":\"https:\\\/\\\/firstmold.com\\\/#\\\/schema\\\/logo\\\/image\\\/\"},\"sameAs\":[\"https:\\\/\\\/www.youtube.com\\\/@firstmold\",\"https:\\\/\\\/x.com\\\/firstmold2011\",\"https:\\\/\\\/mastodon.social\\\/@firstmold\"],\"address\":[{\"@type\":\"PostalAddress\",\"name\":\"China Base\",\"streetAddress\":\"88 West Shagang Road, Gangkou Town\",\"addressLocality\":\"Zhongshan City\",\"addressRegion\":\"Guangdong\",\"postalCode\":\"528447\",\"addressCountry\":\"CN\"},{\"@type\":\"PostalAddress\",\"name\":\"Mexico Factory\",\"streetAddress\":\"Nave ISK-8, Parque Industrial y Log\u00edstico Sky Plus, Avenida Mineral de Cinco Se\u00f1ores No.100, del Parque Industrial Santa Fe\",\"addressLocality\":\"Silao de la Victoria\",\"addressRegion\":\"Guanajuato\",\"postalCode\":\"36270\",\"addressCountry\":\"MX\"},{\"@type\":\"PostalAddress\",\"name\":\"France Branch\",\"streetAddress\":\"2 Bis avenue des Cistes\",\"addressLocality\":\"Roquefort -la-Bedoule\",\"postalCode\":\"13830\",\"addressCountry\":\"FR\"},{\"@type\":\"PostalAddress\",\"name\":\"Singapore Branch\",\"streetAddress\":\"60 Paya Lebar Road #08-55\",\"addressLocality\":\"Singapore\",\"postalCode\":\"409051\",\"addressCountry\":\"SG\"}],\"description\":\"First Mold, whose full name is First Mold Manufacturing Limited, is a large-scale manufacturing company specializing in mold manufacturing, injection molding services, CNC machining, and rapid prototyping. With production bases in both China and Mexico, First Mold serves a global clientele.\",\"email\":\"marketing@firstmold.com\",\"telephone\":\"+86 18928160183\",\"legalName\":\"First Mold Manufacturing Limited\",\"foundingDate\":\"2012-02-19\",\"duns\":\"60-139-1218\",\"numberOfEmployees\":{\"@type\":\"QuantitativeValue\",\"minValue\":\"201\",\"maxValue\":\"500\"}}]}<\/script>\n<!-- \/ Yoast SEO Premium plugin. -->","yoast_head_json":{"title":"Succ\u00e8s des devis en ligne | First Mold","robots":{"index":"index","follow":"follow","max-snippet":"max-snippet:-1","max-image-preview":"max-image-preview:large","max-video-preview":"max-video-preview:-1"},"canonical":"https:\/\/firstmold.com\/fr\/online-quote-success\/","og_locale":"fr_FR","og_type":"article","og_title":"Online Quote Success","og_description":"Online Quote Sucess Your module price Is:Please check your email for details. Request Another Quote","og_url":"https:\/\/firstmold.com\/fr\/online-quote-success\/","og_site_name":"First Mold","article_publisher":"https:\/\/www.youtube.com\/@firstmold","article_modified_time":"2025-10-13T07:58:07+00:00","og_image":[{"width":1200,"height":675,"url":"https:\/\/firstmold.com\/wp-content\/uploads\/2024\/06\/firstmold-featured-image.jpg","type":"image\/jpeg"}],"twitter_card":"summary_large_image","twitter_site":"@firstmold2011","twitter_misc":{"Dur\u00e9e de lecture estim\u00e9e":"1 minute"},"schema":{"@context":"https:\/\/schema.org","@graph":[{"@type":"WebPage","@id":"https:\/\/firstmold.com\/online-quote-success\/","url":"https:\/\/firstmold.com\/online-quote-success\/","name":"Succ\u00e8s des devis en ligne | First Mold","isPartOf":{"@id":"https:\/\/firstmold.com\/#website"},"datePublished":"2024-09-20T02:12:33+00:00","dateModified":"2025-10-13T07:58:07+00:00","breadcrumb":{"@id":"https:\/\/firstmold.com\/online-quote-success\/#breadcrumb"},"inLanguage":"fr-FR","potentialAction":[{"@type":"ReadAction","target":["https:\/\/firstmold.com\/online-quote-success\/"]}]},{"@type":"BreadcrumbList","@id":"https:\/\/firstmold.com\/online-quote-success\/#breadcrumb","itemListElement":[{"@type":"ListItem","position":1,"name":"Home","item":"https:\/\/firstmold.com\/fr\/"},{"@type":"ListItem","position":2,"name":"Online Quote Success"}]},{"@type":"WebSite","@id":"https:\/\/firstmold.com\/#website","url":"https:\/\/firstmold.com\/","name":"First Mold Manufacturing Limited | MFG","description":"Site officiel de First Mold","publisher":{"@id":"https:\/\/firstmold.com\/#organization"},"alternateName":"Parts Manufacturing Company | First Mold","potentialAction":[{"@type":"SearchAction","target":{"@type":"EntryPoint","urlTemplate":"https:\/\/firstmold.com\/?s={search_term_string}"},"query-input":{"@type":"PropertyValueSpecification","valueRequired":true,"valueName":"search_term_string"}}],"inLanguage":"fr-FR"},{"@type":"Organization","@id":"https:\/\/firstmold.com\/#organization","name":"First Mold Manufacturing Limited","alternateName":"First Mold","url":"https:\/\/firstmold.com\/","logo":{"@type":"ImageObject","inLanguage":"fr-FR","@id":"https:\/\/firstmold.com\/#\/schema\/logo\/image\/","url":"https:\/\/firstmold.com\/wp-content\/uploads\/2025\/06\/First-Mold-Manufacturing-Limited-Site-Representation-Logo.png","contentUrl":"https:\/\/firstmold.com\/wp-content\/uploads\/2025\/06\/First-Mold-Manufacturing-Limited-Site-Representation-Logo.png","width":696,"height":696,"caption":"First Mold Manufacturing Limited"},"image":{"@id":"https:\/\/firstmold.com\/#\/schema\/logo\/image\/"},"sameAs":["https:\/\/www.youtube.com\/@firstmold","https:\/\/x.com\/firstmold2011","https:\/\/mastodon.social\/@firstmold"],"address":[{"@type":"PostalAddress","name":"China Base","streetAddress":"88 West Shagang Road, Gangkou Town","addressLocality":"Zhongshan City","addressRegion":"Guangdong","postalCode":"528447","addressCountry":"CN"},{"@type":"PostalAddress","name":"Mexico Factory","streetAddress":"Nave ISK-8, Parque Industrial y Log\u00edstico Sky Plus, Avenida Mineral de Cinco Se\u00f1ores No.100, del Parque Industrial Santa Fe","addressLocality":"Silao de la Victoria","addressRegion":"Guanajuato","postalCode":"36270","addressCountry":"MX"},{"@type":"PostalAddress","name":"France Branch","streetAddress":"2 Bis avenue des Cistes","addressLocality":"Roquefort -la-Bedoule","postalCode":"13830","addressCountry":"FR"},{"@type":"PostalAddress","name":"Singapore Branch","streetAddress":"60 Paya Lebar Road #08-55","addressLocality":"Singapore","postalCode":"409051","addressCountry":"SG"}],"description":"First Mold, dont le nom complet est First Mold Manufacturing Limited, est une entreprise manufacturi\u00e8re \u00e0 grande \u00e9chelle sp\u00e9cialis\u00e9e dans la fabrication de moules, les services de moulage par injection, l'usinage CNC et le prototypage rapide. Avec des bases de production en Chine et au Mexique, First Mold sert une client\u00e8le mondiale.","email":"marketing@firstmold.com","telephone":"+86 18928160183","legalName":"First Mold Manufacturing Limited","foundingDate":"2012-02-19","duns":"60-139-1218","numberOfEmployees":{"@type":"QuantitativeValue","minValue":"201","maxValue":"500"}}]}},"_links":{"self":[{"href":"https:\/\/firstmold.com\/fr\/wp-json\/wp\/v2\/pages\/23622","targetHints":{"allow":["GET"]}}],"collection":[{"href":"https:\/\/firstmold.com\/fr\/wp-json\/wp\/v2\/pages"}],"about":[{"href":"https:\/\/firstmold.com\/fr\/wp-json\/wp\/v2\/types\/page"}],"author":[{"embeddable":true,"href":"https:\/\/firstmold.com\/fr\/wp-json\/wp\/v2\/users\/5"}],"replies":[{"embeddable":true,"href":"https:\/\/firstmold.com\/fr\/wp-json\/wp\/v2\/comments?post=23622"}],"version-history":[{"count":6,"href":"https:\/\/firstmold.com\/fr\/wp-json\/wp\/v2\/pages\/23622\/revisions"}],"predecessor-version":[{"id":33179,"href":"https:\/\/firstmold.com\/fr\/wp-json\/wp\/v2\/pages\/23622\/revisions\/33179"}],"wp:attachment":[{"href":"https:\/\/firstmold.com\/fr\/wp-json\/wp\/v2\/media?parent=23622"}],"curies":[{"name":"wp","href":"https:\/\/api.w.org\/{rel}","templated":true}]}}