{"id":17030,"date":"2024-03-16T16:26:29","date_gmt":"2024-03-16T08:26:29","guid":{"rendered":"https:\/\/firstmold.com\/?page_id=17030"},"modified":"2025-12-01T08:56:53","modified_gmt":"2025-12-01T00:56:53","slug":"terms-and-conditions","status":"publish","type":"page","link":"https:\/\/firstmold.com\/fr\/terms-and-conditions\/","title":{"rendered":"Conditions g\u00e9n\u00e9rales d'utilisation"},"content":{"rendered":"<div data-elementor-type=\"wp-page\" data-elementor-id=\"17030\" class=\"elementor elementor-17030\" data-elementor-post-type=\"page\">\n\t\t\t\t<div class=\"elementor-element elementor-element-26dc57b e-con-full fm2-section e-flex e-con e-parent\" data-id=\"26dc57b\" data-element_type=\"container\">\n\t\t<div class=\"elementor-element elementor-element-f5c7e46 e-con-full ho2ho-under-link e-flex e-con e-child\" data-id=\"f5c7e46\" data-element_type=\"container\">\n\t\t\t\t<div class=\"elementor-element elementor-element-22eb25e elementor-widget elementor-widget-heading\" data-id=\"22eb25e\" data-element_type=\"widget\" data-widget_type=\"heading.default\">\n\t\t\t\t<div class=\"elementor-widget-container\">\n\t\t\t\t\t<h1 class=\"elementor-heading-title elementor-size-default\">Conditions g\u00e9n\u00e9rales d'utilisation<\/h1>\t\t\t\t<\/div>\n\t\t\t\t<\/div>\n\t\t\t\t<div class=\"elementor-element elementor-element-813be2a elementor-widget elementor-widget-text-editor\" data-id=\"813be2a\" data-element_type=\"widget\" data-widget_type=\"text-editor.default\">\n\t\t\t\t<div class=\"elementor-widget-container\">\n\t\t\t\t\t\t\t\t\t<p>Bienvenue \u00e0 FirstMold. Les pr\u00e9sentes conditions g\u00e9n\u00e9rales r\u00e9gissent votre utilisation de notre site web et de nos services. En acc\u00e9dant \u00e0 nos services ou en les utilisant, vous acceptez d'\u00eatre li\u00e9 par ces conditions, qui \u00e9tablissent une relation contractuelle entre vous et FirstMold.<\/p>\t\t\t\t\t\t\t\t<\/div>\n\t\t\t\t<\/div>\n\t\t\t\t<div class=\"elementor-element elementor-element-aa637c1 elementor-widget elementor-widget-heading\" data-id=\"aa637c1\" data-element_type=\"widget\" data-widget_type=\"heading.default\">\n\t\t\t\t<div class=\"elementor-widget-container\">\n\t\t\t\t\t<h2 class=\"elementor-heading-title elementor-size-default\">Utilisation des services<\/h2>\t\t\t\t<\/div>\n\t\t\t\t<\/div>\n\t\t\t\t<div class=\"elementor-element elementor-element-506888f elementor-widget elementor-widget-text-editor\" data-id=\"506888f\" data-element_type=\"widget\" data-widget_type=\"text-editor.default\">\n\t\t\t\t<div class=\"elementor-widget-container\">\n\t\t\t\t\t\t\t\t\t<p>Nos services sont accessibles aux particuliers et aux entreprises capables de conclure des contrats juridiquement contraignants en vertu du droit applicable. Si vous ne remplissez pas les conditions requises, n'utilisez pas nos services.<\/p>\t\t\t\t\t\t\t\t<\/div>\n\t\t\t\t<\/div>\n\t\t\t\t<div class=\"elementor-element elementor-element-b98ccc8 elementor-widget elementor-widget-heading\" data-id=\"b98ccc8\" data-element_type=\"widget\" data-widget_type=\"heading.default\">\n\t\t\t\t<div class=\"elementor-widget-container\">\n\t\t\t\t\t<h2 class=\"elementor-heading-title elementor-size-default\">Commandes et production<\/h2>\t\t\t\t<\/div>\n\t\t\t\t<\/div>\n\t\t\t\t<div class=\"elementor-element elementor-element-4b392e7 elementor-widget elementor-widget-text-editor\" data-id=\"4b392e7\" data-element_type=\"widget\" data-widget_type=\"text-editor.default\">\n\t\t\t\t<div class=\"elementor-widget-container\">\n\t\t\t\t\t\t\t\t\t<ul><li>Les commandes pass\u00e9es \u00e0 FirstMold doivent pr\u00e9ciser tous les d\u00e9tails n\u00e9cessaires concernant les sp\u00e9cifications des produits, les quantit\u00e9s et les d\u00e9lais de livraison.<\/li><li>Les modifications apport\u00e9es aux commandes peuvent faire l'objet de frais suppl\u00e9mentaires et d'une modification des d\u00e9lais de livraison.<\/li><li>Les annulations peuvent \u00eatre accept\u00e9es dans un d\u00e9lai d\u00e9termin\u00e9, au-del\u00e0 duquel elles peuvent donner lieu \u00e0 des frais.<\/li><\/ul>\t\t\t\t\t\t\t\t<\/div>\n\t\t\t\t<\/div>\n\t\t\t\t<div class=\"elementor-element elementor-element-848d276 elementor-widget elementor-widget-heading\" data-id=\"848d276\" data-element_type=\"widget\" data-widget_type=\"heading.default\">\n\t\t\t\t<div class=\"elementor-widget-container\">\n\t\t\t\t\t<h2 class=\"elementor-heading-title elementor-size-default\">Droits de propri\u00e9t\u00e9 intellectuelle<\/h2>\t\t\t\t<\/div>\n\t\t\t\t<\/div>\n\t\t\t\t<div class=\"elementor-element elementor-element-ac70874 elementor-widget elementor-widget-text-editor\" data-id=\"ac70874\" data-element_type=\"widget\" data-widget_type=\"text-editor.default\">\n\t\t\t\t<div class=\"elementor-widget-container\">\n\t\t\t\t\t\t\t\t\t<ul><li>FirstMold respecte les droits de propri\u00e9t\u00e9 intellectuelle et attend la m\u00eame chose de vous. Les dessins ou sp\u00e9cifications fournis par les clients restent leur propri\u00e9t\u00e9. FirstMold se r\u00e9serve toutefois le droit d'utiliser \u00e0 d'autres fins les connaissances et les techniques acquises au cours de l'ex\u00e9cution du projet.<\/li><li>Les informations confidentielles re\u00e7ues des clients seront prot\u00e9g\u00e9es et ne seront pas divulgu\u00e9es sans autorisation, sauf si la loi l'exige.<\/li><\/ul>\t\t\t\t\t\t\t\t<\/div>\n\t\t\t\t<\/div>\n\t\t\t\t<div class=\"elementor-element elementor-element-050f2e5 elementor-widget elementor-widget-heading\" data-id=\"050f2e5\" data-element_type=\"widget\" data-widget_type=\"heading.default\">\n\t\t\t\t<div class=\"elementor-widget-container\">\n\t\t\t\t\t<h2 class=\"elementor-heading-title elementor-size-default\">Prix, paiements et taxes<\/h2>\t\t\t\t<\/div>\n\t\t\t\t<\/div>\n\t\t\t\t<div class=\"elementor-element elementor-element-5fd009e elementor-widget elementor-widget-text-editor\" data-id=\"5fd009e\" data-element_type=\"widget\" data-widget_type=\"text-editor.default\">\n\t\t\t\t<div class=\"elementor-widget-container\">\n\t\t\t\t\t\t\t\t\t<p>Les prix sont d\u00e9termin\u00e9s en fonction des sp\u00e9cifications de chaque commande, les modalit\u00e9s de paiement \u00e9tant d\u00e9finies dans les contrats individuels.<\/p>\t\t\t\t\t\t\t\t<\/div>\n\t\t\t\t<\/div>\n\t\t\t\t<div class=\"elementor-element elementor-element-745789e elementor-widget elementor-widget-heading\" data-id=\"745789e\" data-element_type=\"widget\" data-widget_type=\"heading.default\">\n\t\t\t\t<div class=\"elementor-widget-container\">\n\t\t\t\t\t<h2 class=\"elementor-heading-title elementor-size-default\">Assurance qualit\u00e9 et retours<\/h2>\t\t\t\t<\/div>\n\t\t\t\t<\/div>\n\t\t\t\t<div class=\"elementor-element elementor-element-3bb5ff0 elementor-widget elementor-widget-text-editor\" data-id=\"3bb5ff0\" data-element_type=\"widget\" data-widget_type=\"text-editor.default\">\n\t\t\t\t<div class=\"elementor-widget-container\">\n\t\t\t\t\t\t\t\t\t<p>FirstMold s'engage \u00e0 respecter des normes de haute qualit\u00e9. Les produits d\u00e9fectueux dans des conditions normales d'utilisation seront remplac\u00e9s ou r\u00e9par\u00e9s conform\u00e9ment aux conditions de garantie sp\u00e9cifi\u00e9es dans les contrats individuels.<\/p>\t\t\t\t\t\t\t\t<\/div>\n\t\t\t\t<\/div>\n\t\t\t\t<div class=\"elementor-element elementor-element-b4e29ff elementor-widget elementor-widget-heading\" data-id=\"b4e29ff\" data-element_type=\"widget\" data-widget_type=\"heading.default\">\n\t\t\t\t<div class=\"elementor-widget-container\">\n\t\t\t\t\t<h2 class=\"elementor-heading-title elementor-size-default\">Limitation de la responsabilit\u00e9<\/h2>\t\t\t\t<\/div>\n\t\t\t\t<\/div>\n\t\t\t\t<div class=\"elementor-element elementor-element-e5ae20d elementor-widget elementor-widget-text-editor\" data-id=\"e5ae20d\" data-element_type=\"widget\" data-widget_type=\"text-editor.default\">\n\t\t\t\t<div class=\"elementor-widget-container\">\n\t\t\t\t\t\t\t\t\t<p>La responsabilit\u00e9 de FirstMold pour les pertes ou les dommages r\u00e9sultant de nos services ou li\u00e9s \u00e0 ceux-ci est limit\u00e9e \u00e0 la valeur totale de la commande. Nous ne sommes pas responsables des dommages indirects, accessoires ou cons\u00e9cutifs.<\/p>\t\t\t\t\t\t\t\t<\/div>\n\t\t\t\t<\/div>\n\t\t\t\t<div class=\"elementor-element elementor-element-b89d75d elementor-widget elementor-widget-heading\" data-id=\"b89d75d\" data-element_type=\"widget\" data-widget_type=\"heading.default\">\n\t\t\t\t<div class=\"elementor-widget-container\">\n\t\t\t\t\t<h2 class=\"elementor-heading-title elementor-size-default\">R\u00e9solution des litiges<\/h2>\t\t\t\t<\/div>\n\t\t\t\t<\/div>\n\t\t\t\t<div class=\"elementor-element elementor-element-064c1cb elementor-widget elementor-widget-text-editor\" data-id=\"064c1cb\" data-element_type=\"widget\" data-widget_type=\"text-editor.default\">\n\t\t\t\t<div class=\"elementor-widget-container\">\n\t\t\t\t\t\t\t\t\t<p>Tout litige d\u00e9coulant des pr\u00e9sentes conditions g\u00e9n\u00e9rales sera r\u00e9solu par voie d'arbitrage ou par les tribunaux de la juridiction dans laquelle FirstMold a son si\u00e8ge, sauf accord contraire.<\/p>\t\t\t\t\t\t\t\t<\/div>\n\t\t\t\t<\/div>\n\t\t\t\t<div class=\"elementor-element elementor-element-6400c15 elementor-widget elementor-widget-heading\" data-id=\"6400c15\" data-element_type=\"widget\" data-widget_type=\"heading.default\">\n\t\t\t\t<div class=\"elementor-widget-container\">\n\t\t\t\t\t<h2 class=\"elementor-heading-title elementor-size-default\">Amendements<\/h2>\t\t\t\t<\/div>\n\t\t\t\t<\/div>\n\t\t\t\t<div class=\"elementor-element elementor-element-387bf5a elementor-widget elementor-widget-text-editor\" data-id=\"387bf5a\" data-element_type=\"widget\" data-widget_type=\"text-editor.default\">\n\t\t\t\t<div class=\"elementor-widget-container\">\n\t\t\t\t\t\t\t\t\t<p>FirstMold se r\u00e9serve le droit de modifier les pr\u00e9sentes conditions g\u00e9n\u00e9rales \u00e0 tout moment. Ces modifications entrent en vigueur d\u00e8s leur publication sur notre site web. En continuant \u00e0 utiliser nos services, vous acceptez les nouvelles conditions.<\/p>\t\t\t\t\t\t\t\t<\/div>\n\t\t\t\t<\/div>\n\t\t\t\t<div class=\"elementor-element elementor-element-e9e3e54 elementor-widget elementor-widget-heading\" data-id=\"e9e3e54\" data-element_type=\"widget\" data-widget_type=\"heading.default\">\n\t\t\t\t<div class=\"elementor-widget-container\">\n\t\t\t\t\t<h2 class=\"elementor-heading-title elementor-size-default\">Informations sur le contact<\/h2>\t\t\t\t<\/div>\n\t\t\t\t<\/div>\n\t\t\t\t<div class=\"elementor-element elementor-element-07d0546 elementor-widget elementor-widget-text-editor\" data-id=\"07d0546\" data-element_type=\"widget\" data-widget_type=\"text-editor.default\">\n\t\t\t\t<div class=\"elementor-widget-container\">\n\t\t\t\t\t\t\t\t\t<p>Pour toute question ou pr\u00e9occupation concernant les pr\u00e9sentes conditions g\u00e9n\u00e9rales, veuillez nous contacter par le biais de notre site web ou aux coordonn\u00e9es indiqu\u00e9es. (Remarque : notre adresse \u00e9lectronique de contact pour les commandes non urgentes : <a href=\"mailto:marketing@firstmold.com\">marketing@firstmold.com<\/a>\uff09<\/p>\t\t\t\t\t\t\t\t<\/div>\n\t\t\t\t<\/div>\n\t\t\t\t<div class=\"elementor-element elementor-element-40e383d elementor-widget elementor-widget-heading\" data-id=\"40e383d\" data-element_type=\"widget\" data-widget_type=\"heading.default\">\n\t\t\t\t<div class=\"elementor-widget-container\">\n\t\t\t\t\t<h2 class=\"elementor-heading-title elementor-size-default\">Acceptation des conditions<\/h2>\t\t\t\t<\/div>\n\t\t\t\t<\/div>\n\t\t\t\t<div class=\"elementor-element elementor-element-b588518 elementor-widget elementor-widget-text-editor\" data-id=\"b588518\" data-element_type=\"widget\" data-widget_type=\"text-editor.default\">\n\t\t\t\t<div class=\"elementor-widget-container\">\n\t\t\t\t\t\t\t\t\t<p>En utilisant les services fournis par FirstMold, vous reconnaissez avoir lu, compris et accept\u00e9 d'\u00eatre li\u00e9 par les pr\u00e9sentes conditions g\u00e9n\u00e9rales.<\/p>\t\t\t\t\t\t\t\t<\/div>\n\t\t\t\t<\/div>\n\t\t\t\t<\/div>\n\t\t\t\t<\/div>\n\t\t\t\t<\/div>","protected":false},"excerpt":{"rendered":"<p>Terms and Conditions Welcome to FirstMold. These Terms and Conditions govern your use of our website and services. By accessing or using our services, you agree to be bound by these terms, which establish a contractual relationship between you and FirstMold. Use of Services Our services are available to individuals and businesses capable of forming [&hellip;]<\/p>\n","protected":false},"author":5,"featured_media":0,"parent":0,"menu_order":0,"comment_status":"closed","ping_status":"closed","template":"","meta":{"_acf_changed":false,"inline_featured_image":false,"footnotes":""},"class_list":["post-17030","page","type-page","status-publish","hentry"],"acf":[],"yoast_head":"<!-- This site is optimized with the Yoast SEO Premium plugin v22.3 (Yoast SEO v27.5) - https:\/\/yoast.com\/product\/yoast-seo-premium-wordpress\/ -->\n<title>Terms and Conditions | First Mold<\/title>\n<meta name=\"description\" content=\"Read FirstMold&#039;s terms and conditions. Learn about our policies and guidelines for our services. Visit our website for more information!\" \/>\n<meta name=\"robots\" content=\"index, follow, max-snippet:-1, max-image-preview:large, max-video-preview:-1\" \/>\n<link rel=\"canonical\" href=\"https:\/\/firstmold.com\/fr\/terms-and-conditions\/\" \/>\n<meta property=\"og:locale\" content=\"fr_FR\" \/>\n<meta property=\"og:type\" content=\"article\" \/>\n<meta property=\"og:title\" content=\"Terms and Conditions\" \/>\n<meta property=\"og:description\" content=\"Read FirstMold&#039;s terms and conditions. Learn about our policies and guidelines for our services. Visit our website for more information!\" \/>\n<meta property=\"og:url\" content=\"https:\/\/firstmold.com\/fr\/terms-and-conditions\/\" \/>\n<meta property=\"og:site_name\" content=\"First Mold\" \/>\n<meta property=\"article:publisher\" content=\"https:\/\/www.youtube.com\/@firstmold\" \/>\n<meta property=\"article:modified_time\" content=\"2025-12-01T00:56:53+00:00\" \/>\n<meta property=\"og:image\" content=\"https:\/\/firstmold.com\/wp-content\/uploads\/2024\/06\/firstmold-featured-image.jpg\" \/>\n\t<meta property=\"og:image:width\" content=\"1200\" \/>\n\t<meta property=\"og:image:height\" content=\"675\" \/>\n\t<meta property=\"og:image:type\" content=\"image\/jpeg\" \/>\n<meta name=\"twitter:card\" content=\"summary_large_image\" \/>\n<meta name=\"twitter:site\" content=\"@firstmold2011\" \/>\n<meta name=\"twitter:label1\" content=\"Dur\u00e9e de lecture estim\u00e9e\" \/>\n\t<meta name=\"twitter:data1\" content=\"2 minutes\" \/>\n<script type=\"application\/ld+json\" class=\"yoast-schema-graph\">{\"@context\":\"https:\\\/\\\/schema.org\",\"@graph\":[{\"@type\":\"WebPage\",\"@id\":\"https:\\\/\\\/firstmold.com\\\/terms-and-conditions\\\/\",\"url\":\"https:\\\/\\\/firstmold.com\\\/terms-and-conditions\\\/\",\"name\":\"Terms and Conditions | First Mold\",\"isPartOf\":{\"@id\":\"https:\\\/\\\/firstmold.com\\\/#website\"},\"datePublished\":\"2024-03-16T08:26:29+00:00\",\"dateModified\":\"2025-12-01T00:56:53+00:00\",\"description\":\"Read FirstMold's terms and conditions. Learn about our policies and guidelines for our services. Visit our website for more information!\",\"breadcrumb\":{\"@id\":\"https:\\\/\\\/firstmold.com\\\/terms-and-conditions\\\/#breadcrumb\"},\"inLanguage\":\"fr-FR\",\"potentialAction\":[{\"@type\":\"ReadAction\",\"target\":[\"https:\\\/\\\/firstmold.com\\\/terms-and-conditions\\\/\"]}]},{\"@type\":\"BreadcrumbList\",\"@id\":\"https:\\\/\\\/firstmold.com\\\/terms-and-conditions\\\/#breadcrumb\",\"itemListElement\":[{\"@type\":\"ListItem\",\"position\":1,\"name\":\"Home\",\"item\":\"https:\\\/\\\/firstmold.com\\\/fr\\\/\"},{\"@type\":\"ListItem\",\"position\":2,\"name\":\"Terms and Conditions\"}]},{\"@type\":\"WebSite\",\"@id\":\"https:\\\/\\\/firstmold.com\\\/#website\",\"url\":\"https:\\\/\\\/firstmold.com\\\/\",\"name\":\"First Mold Manufacturing Limited | MFG\",\"description\":\"First Mold Official Website\",\"publisher\":{\"@id\":\"https:\\\/\\\/firstmold.com\\\/#organization\"},\"alternateName\":\"Parts Manufacturing Company | First Mold\",\"potentialAction\":[{\"@type\":\"SearchAction\",\"target\":{\"@type\":\"EntryPoint\",\"urlTemplate\":\"https:\\\/\\\/firstmold.com\\\/?s={search_term_string}\"},\"query-input\":{\"@type\":\"PropertyValueSpecification\",\"valueRequired\":true,\"valueName\":\"search_term_string\"}}],\"inLanguage\":\"fr-FR\"},{\"@type\":\"Organization\",\"@id\":\"https:\\\/\\\/firstmold.com\\\/#organization\",\"name\":\"First Mold Manufacturing Limited\",\"alternateName\":\"First Mold\",\"url\":\"https:\\\/\\\/firstmold.com\\\/\",\"logo\":{\"@type\":\"ImageObject\",\"inLanguage\":\"fr-FR\",\"@id\":\"https:\\\/\\\/firstmold.com\\\/#\\\/schema\\\/logo\\\/image\\\/\",\"url\":\"https:\\\/\\\/firstmold.com\\\/wp-content\\\/uploads\\\/2025\\\/06\\\/First-Mold-Manufacturing-Limited-Site-Representation-Logo.png\",\"contentUrl\":\"https:\\\/\\\/firstmold.com\\\/wp-content\\\/uploads\\\/2025\\\/06\\\/First-Mold-Manufacturing-Limited-Site-Representation-Logo.png\",\"width\":696,\"height\":696,\"caption\":\"First Mold Manufacturing Limited\"},\"image\":{\"@id\":\"https:\\\/\\\/firstmold.com\\\/#\\\/schema\\\/logo\\\/image\\\/\"},\"sameAs\":[\"https:\\\/\\\/www.youtube.com\\\/@firstmold\",\"https:\\\/\\\/x.com\\\/firstmold2011\",\"https:\\\/\\\/mastodon.social\\\/@firstmold\"],\"address\":[{\"@type\":\"PostalAddress\",\"name\":\"China Base\",\"streetAddress\":\"88 West Shagang Road, Gangkou Town\",\"addressLocality\":\"Zhongshan City\",\"addressRegion\":\"Guangdong\",\"postalCode\":\"528447\",\"addressCountry\":\"CN\"},{\"@type\":\"PostalAddress\",\"name\":\"Mexico Factory\",\"streetAddress\":\"Nave ISK-8, Parque Industrial y Log\u00edstico Sky Plus, Avenida Mineral de Cinco Se\u00f1ores No.100, del Parque Industrial Santa Fe\",\"addressLocality\":\"Silao de la Victoria\",\"addressRegion\":\"Guanajuato\",\"postalCode\":\"36270\",\"addressCountry\":\"MX\"},{\"@type\":\"PostalAddress\",\"name\":\"France Branch\",\"streetAddress\":\"2 Bis avenue des Cistes\",\"addressLocality\":\"Roquefort -la-Bedoule\",\"postalCode\":\"13830\",\"addressCountry\":\"FR\"},{\"@type\":\"PostalAddress\",\"name\":\"Singapore Branch\",\"streetAddress\":\"60 Paya Lebar Road #08-55\",\"addressLocality\":\"Singapore\",\"postalCode\":\"409051\",\"addressCountry\":\"SG\"}],\"description\":\"First Mold, whose full name is First Mold Manufacturing Limited, is a large-scale manufacturing company specializing in mold manufacturing, injection molding services, CNC machining, and rapid prototyping. With production bases in both China and Mexico, First Mold serves a global clientele.\",\"email\":\"marketing@firstmold.com\",\"telephone\":\"+86 18928160183\",\"legalName\":\"First Mold Manufacturing Limited\",\"foundingDate\":\"2012-02-19\",\"duns\":\"60-139-1218\",\"numberOfEmployees\":{\"@type\":\"QuantitativeValue\",\"minValue\":\"201\",\"maxValue\":\"500\"}}]}<\/script>\n<!-- \/ Yoast SEO Premium plugin. -->","yoast_head_json":{"title":"Conditions g\u00e9n\u00e9rales | First Mold","description":"Lire les conditions g\u00e9n\u00e9rales de FirstMold. D\u00e9couvrez nos politiques et lignes directrices pour nos services. Visitez notre site web pour plus d'informations !","robots":{"index":"index","follow":"follow","max-snippet":"max-snippet:-1","max-image-preview":"max-image-preview:large","max-video-preview":"max-video-preview:-1"},"canonical":"https:\/\/firstmold.com\/fr\/terms-and-conditions\/","og_locale":"fr_FR","og_type":"article","og_title":"Terms and Conditions","og_description":"Read FirstMold's terms and conditions. Learn about our policies and guidelines for our services. Visit our website for more information!","og_url":"https:\/\/firstmold.com\/fr\/terms-and-conditions\/","og_site_name":"First Mold","article_publisher":"https:\/\/www.youtube.com\/@firstmold","article_modified_time":"2025-12-01T00:56:53+00:00","og_image":[{"width":1200,"height":675,"url":"https:\/\/firstmold.com\/wp-content\/uploads\/2024\/06\/firstmold-featured-image.jpg","type":"image\/jpeg"}],"twitter_card":"summary_large_image","twitter_site":"@firstmold2011","twitter_misc":{"Dur\u00e9e de lecture estim\u00e9e":"2 minutes"},"schema":{"@context":"https:\/\/schema.org","@graph":[{"@type":"WebPage","@id":"https:\/\/firstmold.com\/terms-and-conditions\/","url":"https:\/\/firstmold.com\/terms-and-conditions\/","name":"Conditions g\u00e9n\u00e9rales | First Mold","isPartOf":{"@id":"https:\/\/firstmold.com\/#website"},"datePublished":"2024-03-16T08:26:29+00:00","dateModified":"2025-12-01T00:56:53+00:00","description":"Lire les conditions g\u00e9n\u00e9rales de FirstMold. D\u00e9couvrez nos politiques et lignes directrices pour nos services. Visitez notre site web pour plus d'informations !","breadcrumb":{"@id":"https:\/\/firstmold.com\/terms-and-conditions\/#breadcrumb"},"inLanguage":"fr-FR","potentialAction":[{"@type":"ReadAction","target":["https:\/\/firstmold.com\/terms-and-conditions\/"]}]},{"@type":"BreadcrumbList","@id":"https:\/\/firstmold.com\/terms-and-conditions\/#breadcrumb","itemListElement":[{"@type":"ListItem","position":1,"name":"Home","item":"https:\/\/firstmold.com\/fr\/"},{"@type":"ListItem","position":2,"name":"Terms and Conditions"}]},{"@type":"WebSite","@id":"https:\/\/firstmold.com\/#website","url":"https:\/\/firstmold.com\/","name":"First Mold Manufacturing Limited | MFG","description":"Site officiel de First Mold","publisher":{"@id":"https:\/\/firstmold.com\/#organization"},"alternateName":"Parts Manufacturing Company | First Mold","potentialAction":[{"@type":"SearchAction","target":{"@type":"EntryPoint","urlTemplate":"https:\/\/firstmold.com\/?s={search_term_string}"},"query-input":{"@type":"PropertyValueSpecification","valueRequired":true,"valueName":"search_term_string"}}],"inLanguage":"fr-FR"},{"@type":"Organization","@id":"https:\/\/firstmold.com\/#organization","name":"First Mold Manufacturing Limited","alternateName":"First Mold","url":"https:\/\/firstmold.com\/","logo":{"@type":"ImageObject","inLanguage":"fr-FR","@id":"https:\/\/firstmold.com\/#\/schema\/logo\/image\/","url":"https:\/\/firstmold.com\/wp-content\/uploads\/2025\/06\/First-Mold-Manufacturing-Limited-Site-Representation-Logo.png","contentUrl":"https:\/\/firstmold.com\/wp-content\/uploads\/2025\/06\/First-Mold-Manufacturing-Limited-Site-Representation-Logo.png","width":696,"height":696,"caption":"First Mold Manufacturing Limited"},"image":{"@id":"https:\/\/firstmold.com\/#\/schema\/logo\/image\/"},"sameAs":["https:\/\/www.youtube.com\/@firstmold","https:\/\/x.com\/firstmold2011","https:\/\/mastodon.social\/@firstmold"],"address":[{"@type":"PostalAddress","name":"China Base","streetAddress":"88 West Shagang Road, Gangkou Town","addressLocality":"Zhongshan City","addressRegion":"Guangdong","postalCode":"528447","addressCountry":"CN"},{"@type":"PostalAddress","name":"Mexico Factory","streetAddress":"Nave ISK-8, Parque Industrial y Log\u00edstico Sky Plus, Avenida Mineral de Cinco Se\u00f1ores No.100, del Parque Industrial Santa Fe","addressLocality":"Silao de la Victoria","addressRegion":"Guanajuato","postalCode":"36270","addressCountry":"MX"},{"@type":"PostalAddress","name":"France Branch","streetAddress":"2 Bis avenue des Cistes","addressLocality":"Roquefort -la-Bedoule","postalCode":"13830","addressCountry":"FR"},{"@type":"PostalAddress","name":"Singapore Branch","streetAddress":"60 Paya Lebar Road #08-55","addressLocality":"Singapore","postalCode":"409051","addressCountry":"SG"}],"description":"First Mold, dont le nom complet est First Mold Manufacturing Limited, est une entreprise manufacturi\u00e8re \u00e0 grande \u00e9chelle sp\u00e9cialis\u00e9e dans la fabrication de moules, les services de moulage par injection, l'usinage CNC et le prototypage rapide. Avec des bases de production en Chine et au Mexique, First Mold sert une client\u00e8le mondiale.","email":"marketing@firstmold.com","telephone":"+86 18928160183","legalName":"First Mold Manufacturing Limited","foundingDate":"2012-02-19","duns":"60-139-1218","numberOfEmployees":{"@type":"QuantitativeValue","minValue":"201","maxValue":"500"}}]}},"_links":{"self":[{"href":"https:\/\/firstmold.com\/fr\/wp-json\/wp\/v2\/pages\/17030","targetHints":{"allow":["GET"]}}],"collection":[{"href":"https:\/\/firstmold.com\/fr\/wp-json\/wp\/v2\/pages"}],"about":[{"href":"https:\/\/firstmold.com\/fr\/wp-json\/wp\/v2\/types\/page"}],"author":[{"embeddable":true,"href":"https:\/\/firstmold.com\/fr\/wp-json\/wp\/v2\/users\/5"}],"replies":[{"embeddable":true,"href":"https:\/\/firstmold.com\/fr\/wp-json\/wp\/v2\/comments?post=17030"}],"version-history":[{"count":7,"href":"https:\/\/firstmold.com\/fr\/wp-json\/wp\/v2\/pages\/17030\/revisions"}],"predecessor-version":[{"id":34765,"href":"https:\/\/firstmold.com\/fr\/wp-json\/wp\/v2\/pages\/17030\/revisions\/34765"}],"wp:attachment":[{"href":"https:\/\/firstmold.com\/fr\/wp-json\/wp\/v2\/media?parent=17030"}],"curies":[{"name":"wp","href":"https:\/\/api.w.org\/{rel}","templated":true}]}}