{"id":17017,"date":"2024-03-15T17:16:46","date_gmt":"2024-03-15T09:16:46","guid":{"rendered":"https:\/\/firstmold.com\/?page_id=17017"},"modified":"2025-11-17T11:02:31","modified_gmt":"2025-11-17T03:02:31","slug":"privacy-policy","status":"publish","type":"page","link":"https:\/\/firstmold.com\/fr\/privacy-policy\/","title":{"rendered":"Politique de confidentialit\u00e9"},"content":{"rendered":"<div data-elementor-type=\"wp-page\" data-elementor-id=\"17017\" class=\"elementor elementor-17017\" data-elementor-post-type=\"page\">\n\t\t\t\t<div class=\"elementor-element elementor-element-f8635e5 e-con-full fm2-section e-flex e-con e-parent\" data-id=\"f8635e5\" data-element_type=\"container\">\n\t\t<div class=\"elementor-element elementor-element-e37f0e8 e-con-full ho2ho-under-link e-flex e-con e-child\" data-id=\"e37f0e8\" data-element_type=\"container\">\n\t\t\t\t<div class=\"elementor-element elementor-element-b104900 elementor-widget elementor-widget-heading\" data-id=\"b104900\" data-element_type=\"widget\" data-widget_type=\"heading.default\">\n\t\t\t\t<div class=\"elementor-widget-container\">\n\t\t\t\t\t<h1 class=\"elementor-heading-title elementor-size-default\">Politique de confidentialit\u00e9<\/h1>\t\t\t\t<\/div>\n\t\t\t\t<\/div>\n\t\t\t\t<div class=\"elementor-element elementor-element-b724de4 elementor-widget elementor-widget-text-editor\" data-id=\"b724de4\" data-element_type=\"widget\" data-widget_type=\"text-editor.default\">\n\t\t\t\t<div class=\"elementor-widget-container\">\n\t\t\t\t\t\t\t\t\t<p>Chez FirstMold, nous nous engageons \u00e0 prot\u00e9ger votre vie priv\u00e9e et \u00e0 assurer la s\u00e9curit\u00e9 des informations que vous nous fournissez. La pr\u00e9sente politique de confidentialit\u00e9 d\u00e9crit nos pratiques en mati\u00e8re de collecte, d'utilisation, de protection et de divulgation de vos informations par le biais de <a href=\"https:\/\/firstmold.com\/fr\/\">https:\/\/www.firstmold.com<\/a>\u00a0 (ci-apr\u00e8s d\u00e9nomm\u00e9 \"le site\").<\/p>\t\t\t\t\t\t\t\t<\/div>\n\t\t\t\t<\/div>\n\t\t\t\t<div class=\"elementor-element elementor-element-dd27927 elementor-widget elementor-widget-heading\" data-id=\"dd27927\" data-element_type=\"widget\" data-widget_type=\"heading.default\">\n\t\t\t\t<div class=\"elementor-widget-container\">\n\t\t\t\t\t<h2 class=\"elementor-heading-title elementor-size-default\">Consentement et collecte d'informations<\/h2>\t\t\t\t<\/div>\n\t\t\t\t<\/div>\n\t\t\t\t<div class=\"elementor-element elementor-element-40e8569 elementor-widget elementor-widget-text-editor\" data-id=\"40e8569\" data-element_type=\"widget\" data-widget_type=\"text-editor.default\">\n\t\t\t\t<div class=\"elementor-widget-container\">\n\t\t\t\t\t\t\t\t\t<p>En utilisant notre site, vous consentez \u00e0 la collecte et \u00e0 l'utilisation d'informations conform\u00e9ment \u00e0 la pr\u00e9sente politique. Nous recueillons diff\u00e9rents types d'informations, y compris, mais sans s'y limiter, des informations d'identification personnelle (nom, adresse \u00e9lectronique, num\u00e9ro de t\u00e9l\u00e9phone), des donn\u00e9es d'utilisation et des cookies.<\/p>\t\t\t\t\t\t\t\t<\/div>\n\t\t\t\t<\/div>\n\t\t\t\t<div class=\"elementor-element elementor-element-b826b5a elementor-widget elementor-widget-heading\" data-id=\"b826b5a\" data-element_type=\"widget\" data-widget_type=\"heading.default\">\n\t\t\t\t<div class=\"elementor-widget-container\">\n\t\t\t\t\t<h2 class=\"elementor-heading-title elementor-size-default\">Utilisation des informations<\/h2>\t\t\t\t<\/div>\n\t\t\t\t<\/div>\n\t\t\t\t<div class=\"elementor-element elementor-element-55a07c5 elementor-widget elementor-widget-text-editor\" data-id=\"55a07c5\" data-element_type=\"widget\" data-widget_type=\"text-editor.default\">\n\t\t\t\t<div class=\"elementor-widget-container\">\n\t\t\t\t\t\t\t\t\t<p>Les informations que nous recueillons sont utilis\u00e9es pour am\u00e9liorer notre site, nos services et la communication avec nos clients. Elles peuvent \u00eatre utilis\u00e9es pour r\u00e9pondre \u00e0 des demandes, fournir une assistance ou envoyer des mises \u00e0 jour sur nos services.<\/p>\t\t\t\t\t\t\t\t<\/div>\n\t\t\t\t<\/div>\n\t\t\t\t<div class=\"elementor-element elementor-element-244c530 elementor-widget elementor-widget-heading\" data-id=\"244c530\" data-element_type=\"widget\" data-widget_type=\"heading.default\">\n\t\t\t\t<div class=\"elementor-widget-container\">\n\t\t\t\t\t<h2 class=\"elementor-heading-title elementor-size-default\">Protection des donn\u00e9es et confidentialit\u00e9<\/h2>\t\t\t\t<\/div>\n\t\t\t\t<\/div>\n\t\t\t\t<div class=\"elementor-element elementor-element-71de274 elementor-widget elementor-widget-text-editor\" data-id=\"71de274\" data-element_type=\"widget\" data-widget_type=\"text-editor.default\">\n\t\t\t\t<div class=\"elementor-widget-container\">\n\t\t\t\t\t\t\t\t\t<p>Nous mettons en \u0153uvre une s\u00e9rie de mesures de s\u00e9curit\u00e9 pour pr\u00e9server la s\u00e9curit\u00e9 de vos informations personnelles. Nos mesures sont con\u00e7ues pour prot\u00e9ger contre l'acc\u00e8s non autoris\u00e9, l'alt\u00e9ration, la divulgation ou la destruction de vos donn\u00e9es personnelles.<\/p>\t\t\t\t\t\t\t\t<\/div>\n\t\t\t\t<\/div>\n\t\t\t\t<div class=\"elementor-element elementor-element-60a95bc elementor-widget elementor-widget-heading\" data-id=\"60a95bc\" data-element_type=\"widget\" data-widget_type=\"heading.default\">\n\t\t\t\t<div class=\"elementor-widget-container\">\n\t\t\t\t\t<h2 class=\"elementor-heading-title elementor-size-default\">Traitement du contenu et des images propri\u00e9taires<\/h2>\t\t\t\t<\/div>\n\t\t\t\t<\/div>\n\t\t\t\t<div class=\"elementor-element elementor-element-7116db5 elementor-widget elementor-widget-text-editor\" data-id=\"7116db5\" data-element_type=\"widget\" data-widget_type=\"text-editor.default\">\n\t\t\t\t<div class=\"elementor-widget-container\">\n\t\t\t\t\t\t\t\t\t<p>Consentement du client : Nous ne publions des photos et des \u00e9tudes de cas sur notre site qu'apr\u00e8s avoir re\u00e7u le consentement explicite de nos clients. Tout le contenu est soigneusement examin\u00e9 afin de garantir la conformit\u00e9 avec nos accords de confidentialit\u00e9.<\/p>\t\t\t\t\t\t\t\t<\/div>\n\t\t\t\t<\/div>\n\t\t\t\t<div class=\"elementor-element elementor-element-f7f7003 elementor-widget elementor-widget-text-editor\" data-id=\"f7f7003\" data-element_type=\"widget\" data-widget_type=\"text-editor.default\">\n\t\t\t\t<div class=\"elementor-widget-container\">\n\t\t\t\t\t\t\t\t\t<p>Consid\u00e9rations relatives \u00e0 la protection de la vie priv\u00e9e : Pour mieux prot\u00e9ger la confidentialit\u00e9 de nos clients, nous appliquons un traitement en mosa\u00efque \u00e0 toutes les informations relatives au nom du client pr\u00e9sentes sur les produits pr\u00e9sent\u00e9s dans nos images. Cela permet de prot\u00e9ger l'identit\u00e9 des clients.<\/p>\t\t\t\t\t\t\t\t<\/div>\n\t\t\t\t<\/div>\n\t\t\t\t<div class=\"elementor-element elementor-element-61978ad elementor-widget elementor-widget-text-editor\" data-id=\"61978ad\" data-element_type=\"widget\" data-widget_type=\"text-editor.default\">\n\t\t\t\t<div class=\"elementor-widget-container\">\n\t\t\t\t\t\t\t\t\t<p>L'apparence du produit : Nos images pr\u00e9sentent principalement l'apparence du produit. Nous \u00e9vitons soigneusement d'afficher des conceptions ou des caract\u00e9ristiques sp\u00e9cifiques qui pourraient r\u00e9v\u00e9ler des informations exclusives ou sensibles, en adh\u00e9rant au principe de minimisation de la divulgation.<\/p>\t\t\t\t\t\t\t\t<\/div>\n\t\t\t\t<\/div>\n\t\t\t\t<div class=\"elementor-element elementor-element-a8f7b36 elementor-widget elementor-widget-heading\" data-id=\"a8f7b36\" data-element_type=\"widget\" data-widget_type=\"heading.default\">\n\t\t\t\t<div class=\"elementor-widget-container\">\n\t\t\t\t\t<h2 class=\"elementor-heading-title elementor-size-default\">Propri\u00e9t\u00e9 intellectuelle<\/h2>\t\t\t\t<\/div>\n\t\t\t\t<\/div>\n\t\t\t\t<div class=\"elementor-element elementor-element-11344c9 elementor-widget elementor-widget-text-editor\" data-id=\"11344c9\" data-element_type=\"widget\" data-widget_type=\"text-editor.default\">\n\t\t\t\t<div class=\"elementor-widget-container\">\n\t\t\t\t\t\t\t\t\t<p>Le contenu affich\u00e9 sur notre site, y compris les images des produits, est prot\u00e9g\u00e9 par les lois sur la propri\u00e9t\u00e9 intellectuelle et ne doit pas \u00eatre reproduit ou diffus\u00e9 sans notre autorisation expresse.<\/p>\t\t\t\t\t\t\t\t<\/div>\n\t\t\t\t<\/div>\n\t\t\t\t<div class=\"elementor-element elementor-element-58ce37a elementor-widget elementor-widget-heading\" data-id=\"58ce37a\" data-element_type=\"widget\" data-widget_type=\"heading.default\">\n\t\t\t\t<div class=\"elementor-widget-container\">\n\t\t\t\t\t<h2 class=\"elementor-heading-title elementor-size-default\">Modifications de notre politique de confidentialit\u00e9<\/h2>\t\t\t\t<\/div>\n\t\t\t\t<\/div>\n\t\t\t\t<div class=\"elementor-element elementor-element-8d15fd7 elementor-widget elementor-widget-text-editor\" data-id=\"8d15fd7\" data-element_type=\"widget\" data-widget_type=\"text-editor.default\">\n\t\t\t\t<div class=\"elementor-widget-container\">\n\t\t\t\t\t\t\t\t\t<p>FirstMold se r\u00e9serve le droit de mettre \u00e0 jour ou de modifier sa politique de confidentialit\u00e9 \u00e0 tout moment. Nous vous informerons de toute modification en publiant la nouvelle politique de confidentialit\u00e9 sur cette page. Nous vous conseillons de consulter r\u00e9guli\u00e8rement cette politique de confidentialit\u00e9 pour prendre connaissance des \u00e9ventuelles modifications.<\/p>\t\t\t\t\t\t\t\t<\/div>\n\t\t\t\t<\/div>\n\t\t\t\t<div class=\"elementor-element elementor-element-8299b56 elementor-widget elementor-widget-heading\" data-id=\"8299b56\" data-element_type=\"widget\" data-widget_type=\"heading.default\">\n\t\t\t\t<div class=\"elementor-widget-container\">\n\t\t\t\t\t<h2 class=\"elementor-heading-title elementor-size-default\">Nous contacter<\/h2>\t\t\t\t<\/div>\n\t\t\t\t<\/div>\n\t\t\t\t<div class=\"elementor-element elementor-element-d71ee8e elementor-widget elementor-widget-text-editor\" data-id=\"d71ee8e\" data-element_type=\"widget\" data-widget_type=\"text-editor.default\">\n\t\t\t\t<div class=\"elementor-widget-container\">\n\t\t\t\t\t\t\t\t\t<p>Si vous avez des questions ou des suggestions concernant notre politique de protection de la vie priv\u00e9e, n'h\u00e9sitez pas \u00e0 nous contacter \u00e0 l'adresse suivante <a href=\"mailto:marketing@firstmold.com\">marketing@firstmold.com<\/a>.<\/p>\t\t\t\t\t\t\t\t<\/div>\n\t\t\t\t<\/div>\n\t\t\t\t<\/div>\n\t\t\t\t<\/div>\n\t\t\t\t<\/div>","protected":false},"excerpt":{"rendered":"<p>La politique de confidentialit\u00e9 d\u00e9crit la mani\u00e8re dont nous collectons, prot\u00e9geons et g\u00e9rons vos informations personnelles conform\u00e9ment aux lois et r\u00e9glementations applicables.<\/p>","protected":false},"author":5,"featured_media":17894,"parent":0,"menu_order":0,"comment_status":"closed","ping_status":"closed","template":"","meta":{"_acf_changed":false,"inline_featured_image":false,"footnotes":""},"class_list":["post-17017","page","type-page","status-publish","has-post-thumbnail","hentry"],"acf":[],"yoast_head":"<!-- This site is optimized with the Yoast SEO Premium plugin v22.3 (Yoast SEO v27.5) - https:\/\/yoast.com\/product\/yoast-seo-premium-wordpress\/ -->\n<title>Privacy Policy | FirstMold<\/title>\n<meta name=\"description\" content=\"The privacy policy outlines how we collect, protect, and manage your personal information in accordance with applicable laws and regulations.\" \/>\n<meta name=\"robots\" content=\"index, follow, max-snippet:-1, max-image-preview:large, max-video-preview:-1\" \/>\n<link rel=\"canonical\" href=\"https:\/\/firstmold.com\/fr\/privacy-policy\/\" \/>\n<meta property=\"og:locale\" content=\"fr_FR\" \/>\n<meta property=\"og:type\" content=\"article\" \/>\n<meta property=\"og:title\" content=\"Privacy Policy\" \/>\n<meta property=\"og:description\" content=\"The privacy policy outlines how we collect, protect, and manage your personal information in accordance with applicable laws and regulations.\" \/>\n<meta property=\"og:url\" content=\"https:\/\/firstmold.com\/fr\/privacy-policy\/\" \/>\n<meta property=\"og:site_name\" content=\"First Mold\" \/>\n<meta property=\"article:publisher\" content=\"https:\/\/www.youtube.com\/@firstmold\" \/>\n<meta property=\"article:modified_time\" content=\"2025-11-17T03:02:31+00:00\" \/>\n<meta property=\"og:image\" content=\"https:\/\/firstmold.com\/wp-content\/uploads\/2024\/03\/Privacy-Policy-featured-image.jpg\" \/>\n\t<meta property=\"og:image:width\" content=\"1000\" \/>\n\t<meta property=\"og:image:height\" content=\"1000\" \/>\n\t<meta property=\"og:image:type\" content=\"image\/jpeg\" \/>\n<meta name=\"twitter:card\" content=\"summary_large_image\" \/>\n<meta name=\"twitter:site\" content=\"@firstmold2011\" \/>\n<meta name=\"twitter:label1\" content=\"Dur\u00e9e de lecture estim\u00e9e\" \/>\n\t<meta name=\"twitter:data1\" content=\"2 minutes\" \/>\n<script type=\"application\/ld+json\" class=\"yoast-schema-graph\">{\"@context\":\"https:\\\/\\\/schema.org\",\"@graph\":[{\"@type\":\"WebPage\",\"@id\":\"https:\\\/\\\/firstmold.com\\\/privacy-policy\\\/\",\"url\":\"https:\\\/\\\/firstmold.com\\\/privacy-policy\\\/\",\"name\":\"Privacy Policy | FirstMold\",\"isPartOf\":{\"@id\":\"https:\\\/\\\/firstmold.com\\\/#website\"},\"primaryImageOfPage\":{\"@id\":\"https:\\\/\\\/firstmold.com\\\/privacy-policy\\\/#primaryimage\"},\"image\":{\"@id\":\"https:\\\/\\\/firstmold.com\\\/privacy-policy\\\/#primaryimage\"},\"thumbnailUrl\":\"https:\\\/\\\/firstmold.com\\\/wp-content\\\/uploads\\\/2024\\\/03\\\/Privacy-Policy-featured-image.jpg\",\"datePublished\":\"2024-03-15T09:16:46+00:00\",\"dateModified\":\"2025-11-17T03:02:31+00:00\",\"description\":\"The privacy policy outlines how we collect, protect, and manage your personal information in accordance with applicable laws and regulations.\",\"breadcrumb\":{\"@id\":\"https:\\\/\\\/firstmold.com\\\/privacy-policy\\\/#breadcrumb\"},\"inLanguage\":\"fr-FR\",\"potentialAction\":[{\"@type\":\"ReadAction\",\"target\":[\"https:\\\/\\\/firstmold.com\\\/privacy-policy\\\/\"]}]},{\"@type\":\"ImageObject\",\"inLanguage\":\"fr-FR\",\"@id\":\"https:\\\/\\\/firstmold.com\\\/privacy-policy\\\/#primaryimage\",\"url\":\"https:\\\/\\\/firstmold.com\\\/wp-content\\\/uploads\\\/2024\\\/03\\\/Privacy-Policy-featured-image.jpg\",\"contentUrl\":\"https:\\\/\\\/firstmold.com\\\/wp-content\\\/uploads\\\/2024\\\/03\\\/Privacy-Policy-featured-image.jpg\",\"width\":1000,\"height\":1000,\"caption\":\"Privacy Policy featured image\"},{\"@type\":\"BreadcrumbList\",\"@id\":\"https:\\\/\\\/firstmold.com\\\/privacy-policy\\\/#breadcrumb\",\"itemListElement\":[{\"@type\":\"ListItem\",\"position\":1,\"name\":\"Home\",\"item\":\"https:\\\/\\\/firstmold.com\\\/fr\\\/\"},{\"@type\":\"ListItem\",\"position\":2,\"name\":\"Privacy Policy\"}]},{\"@type\":\"WebSite\",\"@id\":\"https:\\\/\\\/firstmold.com\\\/#website\",\"url\":\"https:\\\/\\\/firstmold.com\\\/\",\"name\":\"First Mold Manufacturing Limited | MFG\",\"description\":\"First Mold Official Website\",\"publisher\":{\"@id\":\"https:\\\/\\\/firstmold.com\\\/#organization\"},\"alternateName\":\"Parts Manufacturing Company | First Mold\",\"potentialAction\":[{\"@type\":\"SearchAction\",\"target\":{\"@type\":\"EntryPoint\",\"urlTemplate\":\"https:\\\/\\\/firstmold.com\\\/?s={search_term_string}\"},\"query-input\":{\"@type\":\"PropertyValueSpecification\",\"valueRequired\":true,\"valueName\":\"search_term_string\"}}],\"inLanguage\":\"fr-FR\"},{\"@type\":\"Organization\",\"@id\":\"https:\\\/\\\/firstmold.com\\\/#organization\",\"name\":\"First Mold Manufacturing Limited\",\"alternateName\":\"First Mold\",\"url\":\"https:\\\/\\\/firstmold.com\\\/\",\"logo\":{\"@type\":\"ImageObject\",\"inLanguage\":\"fr-FR\",\"@id\":\"https:\\\/\\\/firstmold.com\\\/#\\\/schema\\\/logo\\\/image\\\/\",\"url\":\"https:\\\/\\\/firstmold.com\\\/wp-content\\\/uploads\\\/2025\\\/06\\\/First-Mold-Manufacturing-Limited-Site-Representation-Logo.png\",\"contentUrl\":\"https:\\\/\\\/firstmold.com\\\/wp-content\\\/uploads\\\/2025\\\/06\\\/First-Mold-Manufacturing-Limited-Site-Representation-Logo.png\",\"width\":696,\"height\":696,\"caption\":\"First Mold Manufacturing Limited\"},\"image\":{\"@id\":\"https:\\\/\\\/firstmold.com\\\/#\\\/schema\\\/logo\\\/image\\\/\"},\"sameAs\":[\"https:\\\/\\\/www.youtube.com\\\/@firstmold\",\"https:\\\/\\\/x.com\\\/firstmold2011\",\"https:\\\/\\\/mastodon.social\\\/@firstmold\"],\"address\":[{\"@type\":\"PostalAddress\",\"name\":\"China Base\",\"streetAddress\":\"88 West Shagang Road, Gangkou Town\",\"addressLocality\":\"Zhongshan City\",\"addressRegion\":\"Guangdong\",\"postalCode\":\"528447\",\"addressCountry\":\"CN\"},{\"@type\":\"PostalAddress\",\"name\":\"Mexico Factory\",\"streetAddress\":\"Nave ISK-8, Parque Industrial y Log\u00edstico Sky Plus, Avenida Mineral de Cinco Se\u00f1ores No.100, del Parque Industrial Santa Fe\",\"addressLocality\":\"Silao de la Victoria\",\"addressRegion\":\"Guanajuato\",\"postalCode\":\"36270\",\"addressCountry\":\"MX\"},{\"@type\":\"PostalAddress\",\"name\":\"France Branch\",\"streetAddress\":\"2 Bis avenue des Cistes\",\"addressLocality\":\"Roquefort -la-Bedoule\",\"postalCode\":\"13830\",\"addressCountry\":\"FR\"},{\"@type\":\"PostalAddress\",\"name\":\"Singapore Branch\",\"streetAddress\":\"60 Paya Lebar Road #08-55\",\"addressLocality\":\"Singapore\",\"postalCode\":\"409051\",\"addressCountry\":\"SG\"}],\"description\":\"First Mold, whose full name is First Mold Manufacturing Limited, is a large-scale manufacturing company specializing in mold manufacturing, injection molding services, CNC machining, and rapid prototyping. With production bases in both China and Mexico, First Mold serves a global clientele.\",\"email\":\"marketing@firstmold.com\",\"telephone\":\"+86 18928160183\",\"legalName\":\"First Mold Manufacturing Limited\",\"foundingDate\":\"2012-02-19\",\"duns\":\"60-139-1218\",\"numberOfEmployees\":{\"@type\":\"QuantitativeValue\",\"minValue\":\"201\",\"maxValue\":\"500\"}}]}<\/script>\n<!-- \/ Yoast SEO Premium plugin. -->","yoast_head_json":{"title":"Politique de confidentialit\u00e9 - FirstMold","description":"La politique de confidentialit\u00e9 d\u00e9crit la mani\u00e8re dont nous collectons, prot\u00e9geons et g\u00e9rons vos informations personnelles conform\u00e9ment aux lois et r\u00e9glementations applicables.","robots":{"index":"index","follow":"follow","max-snippet":"max-snippet:-1","max-image-preview":"max-image-preview:large","max-video-preview":"max-video-preview:-1"},"canonical":"https:\/\/firstmold.com\/fr\/privacy-policy\/","og_locale":"fr_FR","og_type":"article","og_title":"Privacy Policy","og_description":"The privacy policy outlines how we collect, protect, and manage your personal information in accordance with applicable laws and regulations.","og_url":"https:\/\/firstmold.com\/fr\/privacy-policy\/","og_site_name":"First Mold","article_publisher":"https:\/\/www.youtube.com\/@firstmold","article_modified_time":"2025-11-17T03:02:31+00:00","og_image":[{"width":1000,"height":1000,"url":"https:\/\/firstmold.com\/wp-content\/uploads\/2024\/03\/Privacy-Policy-featured-image.jpg","type":"image\/jpeg"}],"twitter_card":"summary_large_image","twitter_site":"@firstmold2011","twitter_misc":{"Dur\u00e9e de lecture estim\u00e9e":"2 minutes"},"schema":{"@context":"https:\/\/schema.org","@graph":[{"@type":"WebPage","@id":"https:\/\/firstmold.com\/privacy-policy\/","url":"https:\/\/firstmold.com\/privacy-policy\/","name":"Politique de confidentialit\u00e9 - FirstMold","isPartOf":{"@id":"https:\/\/firstmold.com\/#website"},"primaryImageOfPage":{"@id":"https:\/\/firstmold.com\/privacy-policy\/#primaryimage"},"image":{"@id":"https:\/\/firstmold.com\/privacy-policy\/#primaryimage"},"thumbnailUrl":"https:\/\/firstmold.com\/wp-content\/uploads\/2024\/03\/Privacy-Policy-featured-image.jpg","datePublished":"2024-03-15T09:16:46+00:00","dateModified":"2025-11-17T03:02:31+00:00","description":"La politique de confidentialit\u00e9 d\u00e9crit la mani\u00e8re dont nous collectons, prot\u00e9geons et g\u00e9rons vos informations personnelles conform\u00e9ment aux lois et r\u00e9glementations applicables.","breadcrumb":{"@id":"https:\/\/firstmold.com\/privacy-policy\/#breadcrumb"},"inLanguage":"fr-FR","potentialAction":[{"@type":"ReadAction","target":["https:\/\/firstmold.com\/privacy-policy\/"]}]},{"@type":"ImageObject","inLanguage":"fr-FR","@id":"https:\/\/firstmold.com\/privacy-policy\/#primaryimage","url":"https:\/\/firstmold.com\/wp-content\/uploads\/2024\/03\/Privacy-Policy-featured-image.jpg","contentUrl":"https:\/\/firstmold.com\/wp-content\/uploads\/2024\/03\/Privacy-Policy-featured-image.jpg","width":1000,"height":1000,"caption":"Privacy Policy featured image"},{"@type":"BreadcrumbList","@id":"https:\/\/firstmold.com\/privacy-policy\/#breadcrumb","itemListElement":[{"@type":"ListItem","position":1,"name":"Home","item":"https:\/\/firstmold.com\/fr\/"},{"@type":"ListItem","position":2,"name":"Privacy Policy"}]},{"@type":"WebSite","@id":"https:\/\/firstmold.com\/#website","url":"https:\/\/firstmold.com\/","name":"First Mold Manufacturing Limited | MFG","description":"Site officiel de First Mold","publisher":{"@id":"https:\/\/firstmold.com\/#organization"},"alternateName":"Parts Manufacturing Company | First Mold","potentialAction":[{"@type":"SearchAction","target":{"@type":"EntryPoint","urlTemplate":"https:\/\/firstmold.com\/?s={search_term_string}"},"query-input":{"@type":"PropertyValueSpecification","valueRequired":true,"valueName":"search_term_string"}}],"inLanguage":"fr-FR"},{"@type":"Organization","@id":"https:\/\/firstmold.com\/#organization","name":"First Mold Manufacturing Limited","alternateName":"First Mold","url":"https:\/\/firstmold.com\/","logo":{"@type":"ImageObject","inLanguage":"fr-FR","@id":"https:\/\/firstmold.com\/#\/schema\/logo\/image\/","url":"https:\/\/firstmold.com\/wp-content\/uploads\/2025\/06\/First-Mold-Manufacturing-Limited-Site-Representation-Logo.png","contentUrl":"https:\/\/firstmold.com\/wp-content\/uploads\/2025\/06\/First-Mold-Manufacturing-Limited-Site-Representation-Logo.png","width":696,"height":696,"caption":"First Mold Manufacturing Limited"},"image":{"@id":"https:\/\/firstmold.com\/#\/schema\/logo\/image\/"},"sameAs":["https:\/\/www.youtube.com\/@firstmold","https:\/\/x.com\/firstmold2011","https:\/\/mastodon.social\/@firstmold"],"address":[{"@type":"PostalAddress","name":"China Base","streetAddress":"88 West Shagang Road, Gangkou Town","addressLocality":"Zhongshan City","addressRegion":"Guangdong","postalCode":"528447","addressCountry":"CN"},{"@type":"PostalAddress","name":"Mexico Factory","streetAddress":"Nave ISK-8, Parque Industrial y Log\u00edstico Sky Plus, Avenida Mineral de Cinco Se\u00f1ores No.100, del Parque Industrial Santa Fe","addressLocality":"Silao de la Victoria","addressRegion":"Guanajuato","postalCode":"36270","addressCountry":"MX"},{"@type":"PostalAddress","name":"France Branch","streetAddress":"2 Bis avenue des Cistes","addressLocality":"Roquefort -la-Bedoule","postalCode":"13830","addressCountry":"FR"},{"@type":"PostalAddress","name":"Singapore Branch","streetAddress":"60 Paya Lebar Road #08-55","addressLocality":"Singapore","postalCode":"409051","addressCountry":"SG"}],"description":"First Mold, dont le nom complet est First Mold Manufacturing Limited, est une entreprise manufacturi\u00e8re \u00e0 grande \u00e9chelle sp\u00e9cialis\u00e9e dans la fabrication de moules, les services de moulage par injection, l'usinage CNC et le prototypage rapide. Avec des bases de production en Chine et au Mexique, First Mold sert une client\u00e8le mondiale.","email":"marketing@firstmold.com","telephone":"+86 18928160183","legalName":"First Mold Manufacturing Limited","foundingDate":"2012-02-19","duns":"60-139-1218","numberOfEmployees":{"@type":"QuantitativeValue","minValue":"201","maxValue":"500"}}]}},"_links":{"self":[{"href":"https:\/\/firstmold.com\/fr\/wp-json\/wp\/v2\/pages\/17017","targetHints":{"allow":["GET"]}}],"collection":[{"href":"https:\/\/firstmold.com\/fr\/wp-json\/wp\/v2\/pages"}],"about":[{"href":"https:\/\/firstmold.com\/fr\/wp-json\/wp\/v2\/types\/page"}],"author":[{"embeddable":true,"href":"https:\/\/firstmold.com\/fr\/wp-json\/wp\/v2\/users\/5"}],"replies":[{"embeddable":true,"href":"https:\/\/firstmold.com\/fr\/wp-json\/wp\/v2\/comments?post=17017"}],"version-history":[{"count":4,"href":"https:\/\/firstmold.com\/fr\/wp-json\/wp\/v2\/pages\/17017\/revisions"}],"predecessor-version":[{"id":34448,"href":"https:\/\/firstmold.com\/fr\/wp-json\/wp\/v2\/pages\/17017\/revisions\/34448"}],"wp:featuredmedia":[{"embeddable":true,"href":"https:\/\/firstmold.com\/fr\/wp-json\/wp\/v2\/media\/17894"}],"wp:attachment":[{"href":"https:\/\/firstmold.com\/fr\/wp-json\/wp\/v2\/media?parent=17017"}],"curies":[{"name":"wp","href":"https:\/\/api.w.org\/{rel}","templated":true}]}}