{"id":26991,"date":"2024-12-27T16:08:32","date_gmt":"2024-12-27T08:08:32","guid":{"rendered":"https:\/\/firstmold.com\/?page_id=26991"},"modified":"2025-11-10T09:06:00","modified_gmt":"2025-11-10T01:06:00","slug":"partenerships","status":"publish","type":"page","link":"https:\/\/firstmold.com\/es\/partenerships\/","title":{"rendered":"Partenariados"},"content":{"rendered":"<div data-elementor-type=\"wp-page\" data-elementor-id=\"26991\" class=\"elementor elementor-26991\" data-elementor-post-type=\"page\">\n\t\t\t\t<div class=\"elementor-element elementor-element-a868d6a e-con-full fm1-section e-flex e-con e-parent\" data-id=\"a868d6a\" data-element_type=\"container\">\n\t\t\t\t<div class=\"elementor-element elementor-element-6003083 elementor-widget elementor-widget-heading\" data-id=\"6003083\" data-element_type=\"widget\" data-widget_type=\"heading.default\">\n\t\t\t\t<div class=\"elementor-widget-container\">\n\t\t\t\t\t<h1 class=\"elementor-heading-title elementor-size-default\">Asociaciones<\/h1>\t\t\t\t<\/div>\n\t\t\t\t<\/div>\n\t\t\t\t<div class=\"elementor-element elementor-element-f07812b elementor-widget elementor-widget-text-editor\" data-id=\"f07812b\" data-element_type=\"widget\" data-widget_type=\"text-editor.default\">\n\t\t\t\t<div class=\"elementor-widget-container\">\n\t\t\t\t\t\t\t\t\t<div class=\"auto-hide-last-sibling-br paragraph-JOTKXA paragraph-element br-paragraph-space\">Le invitamos a colaborar y comunicarse con nosotros de diversas formas en relaci\u00f3n con nuestro sitio web. Si est\u00e1 interesado en hablar sobre oportunidades publicitarias, ofertas de trabajo, promociones de productos o cualquier otra forma de colaboraci\u00f3n con el propietario del sitio web, le facilitamos la forma de ponerse en contacto con el administrador de nuestro sitio web en First Mold.<\/div><div class=\"auto-hide-last-sibling-br paragraph-JOTKXA paragraph-element br-paragraph-space\">S\u00f3lo tiene que enviar un correo electr\u00f3nico a\u00a0<a class=\"link-ZNPgAX\" href=\"mailto:marketing@firstmold.com\" target=\"_blank\" rel=\"noopener\">marketing@firstmold.com<\/a>. Nuestro equipo revisar\u00e1 su mensaje con prontitud y se pondr\u00e1 en contacto con usted lo antes posible para explorar posibles asociaciones y atender sus consultas.<\/div>\t\t\t\t\t\t\t\t<\/div>\n\t\t\t\t<\/div>\n\t\t\t\t<\/div>\n\t\t\t\t<\/div>","protected":false},"excerpt":{"rendered":"<p>Partnerships We welcome various forms of cooperation and communication related to our website. If you are interested in discussing advertising opportunities, job openings, product promotions, or any other forms of collaboration with the website owner, we have made it convenient for you to get in touch with our website administrator at First Mold.You can simply [&hellip;]<\/p>\n","protected":false},"author":5,"featured_media":0,"parent":0,"menu_order":0,"comment_status":"closed","ping_status":"closed","template":"","meta":{"_acf_changed":false,"inline_featured_image":false,"footnotes":""},"class_list":["post-26991","page","type-page","status-publish","hentry"],"acf":[],"yoast_head":"<!-- This site is optimized with the Yoast SEO Premium plugin v22.3 (Yoast SEO v27.5) - https:\/\/yoast.com\/product\/yoast-seo-premium-wordpress\/ -->\n<title>Partenerships | First Mold<\/title>\n<meta name=\"robots\" content=\"index, follow, max-snippet:-1, max-image-preview:large, max-video-preview:-1\" \/>\n<link rel=\"canonical\" href=\"https:\/\/firstmold.com\/es\/partenerships\/\" \/>\n<meta property=\"og:locale\" content=\"es_ES\" \/>\n<meta property=\"og:type\" content=\"article\" \/>\n<meta property=\"og:title\" content=\"Partenerships\" \/>\n<meta property=\"og:description\" content=\"Partnerships We welcome various forms of cooperation and communication related to our website. If you are interested in discussing advertising opportunities, job openings, product promotions, or any other forms of collaboration with the website owner, we have made it convenient for you to get in touch with our website administrator at First Mold.You can simply [&hellip;]\" \/>\n<meta property=\"og:url\" content=\"https:\/\/firstmold.com\/es\/partenerships\/\" \/>\n<meta property=\"og:site_name\" content=\"First Mold\" \/>\n<meta property=\"article:publisher\" content=\"https:\/\/www.youtube.com\/@firstmold\" \/>\n<meta property=\"article:modified_time\" content=\"2025-11-10T01:06:00+00:00\" \/>\n<meta property=\"og:image\" content=\"https:\/\/firstmold.com\/wp-content\/uploads\/2024\/06\/firstmold-featured-image.jpg\" \/>\n\t<meta property=\"og:image:width\" content=\"1200\" \/>\n\t<meta property=\"og:image:height\" content=\"675\" \/>\n\t<meta property=\"og:image:type\" content=\"image\/jpeg\" \/>\n<meta name=\"twitter:card\" content=\"summary_large_image\" \/>\n<meta name=\"twitter:site\" content=\"@firstmold2011\" \/>\n<meta name=\"twitter:label1\" content=\"Tiempo de lectura\" \/>\n\t<meta name=\"twitter:data1\" content=\"1 minuto\" \/>\n<script type=\"application\/ld+json\" class=\"yoast-schema-graph\">{\"@context\":\"https:\\\/\\\/schema.org\",\"@graph\":[{\"@type\":\"WebPage\",\"@id\":\"https:\\\/\\\/firstmold.com\\\/partenerships\\\/\",\"url\":\"https:\\\/\\\/firstmold.com\\\/partenerships\\\/\",\"name\":\"Partenerships | First Mold\",\"isPartOf\":{\"@id\":\"https:\\\/\\\/firstmold.com\\\/#website\"},\"datePublished\":\"2024-12-27T08:08:32+00:00\",\"dateModified\":\"2025-11-10T01:06:00+00:00\",\"breadcrumb\":{\"@id\":\"https:\\\/\\\/firstmold.com\\\/partenerships\\\/#breadcrumb\"},\"inLanguage\":\"es\",\"potentialAction\":[{\"@type\":\"ReadAction\",\"target\":[\"https:\\\/\\\/firstmold.com\\\/partenerships\\\/\"]}]},{\"@type\":\"BreadcrumbList\",\"@id\":\"https:\\\/\\\/firstmold.com\\\/partenerships\\\/#breadcrumb\",\"itemListElement\":[{\"@type\":\"ListItem\",\"position\":1,\"name\":\"Home\",\"item\":\"https:\\\/\\\/firstmold.com\\\/es\\\/\"},{\"@type\":\"ListItem\",\"position\":2,\"name\":\"Partenerships\"}]},{\"@type\":\"WebSite\",\"@id\":\"https:\\\/\\\/firstmold.com\\\/#website\",\"url\":\"https:\\\/\\\/firstmold.com\\\/\",\"name\":\"First Mold Manufacturing Limited | MFG\",\"description\":\"First Mold Official Website\",\"publisher\":{\"@id\":\"https:\\\/\\\/firstmold.com\\\/#organization\"},\"alternateName\":\"Parts Manufacturing Company | First Mold\",\"potentialAction\":[{\"@type\":\"SearchAction\",\"target\":{\"@type\":\"EntryPoint\",\"urlTemplate\":\"https:\\\/\\\/firstmold.com\\\/?s={search_term_string}\"},\"query-input\":{\"@type\":\"PropertyValueSpecification\",\"valueRequired\":true,\"valueName\":\"search_term_string\"}}],\"inLanguage\":\"es\"},{\"@type\":\"Organization\",\"@id\":\"https:\\\/\\\/firstmold.com\\\/#organization\",\"name\":\"First Mold Manufacturing Limited\",\"alternateName\":\"First Mold\",\"url\":\"https:\\\/\\\/firstmold.com\\\/\",\"logo\":{\"@type\":\"ImageObject\",\"inLanguage\":\"es\",\"@id\":\"https:\\\/\\\/firstmold.com\\\/#\\\/schema\\\/logo\\\/image\\\/\",\"url\":\"https:\\\/\\\/firstmold.com\\\/wp-content\\\/uploads\\\/2025\\\/06\\\/First-Mold-Manufacturing-Limited-Site-Representation-Logo.png\",\"contentUrl\":\"https:\\\/\\\/firstmold.com\\\/wp-content\\\/uploads\\\/2025\\\/06\\\/First-Mold-Manufacturing-Limited-Site-Representation-Logo.png\",\"width\":696,\"height\":696,\"caption\":\"First Mold Manufacturing Limited\"},\"image\":{\"@id\":\"https:\\\/\\\/firstmold.com\\\/#\\\/schema\\\/logo\\\/image\\\/\"},\"sameAs\":[\"https:\\\/\\\/www.youtube.com\\\/@firstmold\",\"https:\\\/\\\/x.com\\\/firstmold2011\",\"https:\\\/\\\/mastodon.social\\\/@firstmold\"],\"address\":[{\"@type\":\"PostalAddress\",\"name\":\"China Base\",\"streetAddress\":\"88 West Shagang Road, Gangkou Town\",\"addressLocality\":\"Zhongshan City\",\"addressRegion\":\"Guangdong\",\"postalCode\":\"528447\",\"addressCountry\":\"CN\"},{\"@type\":\"PostalAddress\",\"name\":\"Mexico Factory\",\"streetAddress\":\"Nave ISK-8, Parque Industrial y Log\u00edstico Sky Plus, Avenida Mineral de Cinco Se\u00f1ores No.100, del Parque Industrial Santa Fe\",\"addressLocality\":\"Silao de la Victoria\",\"addressRegion\":\"Guanajuato\",\"postalCode\":\"36270\",\"addressCountry\":\"MX\"},{\"@type\":\"PostalAddress\",\"name\":\"France Branch\",\"streetAddress\":\"2 Bis avenue des Cistes\",\"addressLocality\":\"Roquefort -la-Bedoule\",\"postalCode\":\"13830\",\"addressCountry\":\"FR\"},{\"@type\":\"PostalAddress\",\"name\":\"Singapore Branch\",\"streetAddress\":\"60 Paya Lebar Road #08-55\",\"addressLocality\":\"Singapore\",\"postalCode\":\"409051\",\"addressCountry\":\"SG\"}],\"description\":\"First Mold, whose full name is First Mold Manufacturing Limited, is a large-scale manufacturing company specializing in mold manufacturing, injection molding services, CNC machining, and rapid prototyping. With production bases in both China and Mexico, First Mold serves a global clientele.\",\"email\":\"marketing@firstmold.com\",\"telephone\":\"+86 18928160183\",\"legalName\":\"First Mold Manufacturing Limited\",\"foundingDate\":\"2012-02-19\",\"duns\":\"60-139-1218\",\"numberOfEmployees\":{\"@type\":\"QuantitativeValue\",\"minValue\":\"201\",\"maxValue\":\"500\"}}]}<\/script>\n<!-- \/ Yoast SEO Premium plugin. -->","yoast_head_json":{"title":"Asociaciones | First Mold","robots":{"index":"index","follow":"follow","max-snippet":"max-snippet:-1","max-image-preview":"max-image-preview:large","max-video-preview":"max-video-preview:-1"},"canonical":"https:\/\/firstmold.com\/es\/partenerships\/","og_locale":"es_ES","og_type":"article","og_title":"Partenerships","og_description":"Partnerships We welcome various forms of cooperation and communication related to our website. If you are interested in discussing advertising opportunities, job openings, product promotions, or any other forms of collaboration with the website owner, we have made it convenient for you to get in touch with our website administrator at First Mold.You can simply [&hellip;]","og_url":"https:\/\/firstmold.com\/es\/partenerships\/","og_site_name":"First Mold","article_publisher":"https:\/\/www.youtube.com\/@firstmold","article_modified_time":"2025-11-10T01:06:00+00:00","og_image":[{"width":1200,"height":675,"url":"https:\/\/firstmold.com\/wp-content\/uploads\/2024\/06\/firstmold-featured-image.jpg","type":"image\/jpeg"}],"twitter_card":"summary_large_image","twitter_site":"@firstmold2011","twitter_misc":{"Tiempo de lectura":"1 minuto"},"schema":{"@context":"https:\/\/schema.org","@graph":[{"@type":"WebPage","@id":"https:\/\/firstmold.com\/partenerships\/","url":"https:\/\/firstmold.com\/partenerships\/","name":"Asociaciones | First Mold","isPartOf":{"@id":"https:\/\/firstmold.com\/#website"},"datePublished":"2024-12-27T08:08:32+00:00","dateModified":"2025-11-10T01:06:00+00:00","breadcrumb":{"@id":"https:\/\/firstmold.com\/partenerships\/#breadcrumb"},"inLanguage":"es","potentialAction":[{"@type":"ReadAction","target":["https:\/\/firstmold.com\/partenerships\/"]}]},{"@type":"BreadcrumbList","@id":"https:\/\/firstmold.com\/partenerships\/#breadcrumb","itemListElement":[{"@type":"ListItem","position":1,"name":"Home","item":"https:\/\/firstmold.com\/es\/"},{"@type":"ListItem","position":2,"name":"Partenerships"}]},{"@type":"WebSite","@id":"https:\/\/firstmold.com\/#website","url":"https:\/\/firstmold.com\/","name":"First Mold Manufacturing Limited | MFG","description":"Sitio web oficial de First Mold","publisher":{"@id":"https:\/\/firstmold.com\/#organization"},"alternateName":"Parts Manufacturing Company | First Mold","potentialAction":[{"@type":"SearchAction","target":{"@type":"EntryPoint","urlTemplate":"https:\/\/firstmold.com\/?s={search_term_string}"},"query-input":{"@type":"PropertyValueSpecification","valueRequired":true,"valueName":"search_term_string"}}],"inLanguage":"es"},{"@type":"Organization","@id":"https:\/\/firstmold.com\/#organization","name":"First Mold Manufacturing Limited","alternateName":"First Mold","url":"https:\/\/firstmold.com\/","logo":{"@type":"ImageObject","inLanguage":"es","@id":"https:\/\/firstmold.com\/#\/schema\/logo\/image\/","url":"https:\/\/firstmold.com\/wp-content\/uploads\/2025\/06\/First-Mold-Manufacturing-Limited-Site-Representation-Logo.png","contentUrl":"https:\/\/firstmold.com\/wp-content\/uploads\/2025\/06\/First-Mold-Manufacturing-Limited-Site-Representation-Logo.png","width":696,"height":696,"caption":"First Mold Manufacturing Limited"},"image":{"@id":"https:\/\/firstmold.com\/#\/schema\/logo\/image\/"},"sameAs":["https:\/\/www.youtube.com\/@firstmold","https:\/\/x.com\/firstmold2011","https:\/\/mastodon.social\/@firstmold"],"address":[{"@type":"PostalAddress","name":"China Base","streetAddress":"88 West Shagang Road, Gangkou Town","addressLocality":"Zhongshan City","addressRegion":"Guangdong","postalCode":"528447","addressCountry":"CN"},{"@type":"PostalAddress","name":"Mexico Factory","streetAddress":"Nave ISK-8, Parque Industrial y Log\u00edstico Sky Plus, Avenida Mineral de Cinco Se\u00f1ores No.100, del Parque Industrial Santa Fe","addressLocality":"Silao de la Victoria","addressRegion":"Guanajuato","postalCode":"36270","addressCountry":"MX"},{"@type":"PostalAddress","name":"France Branch","streetAddress":"2 Bis avenue des Cistes","addressLocality":"Roquefort -la-Bedoule","postalCode":"13830","addressCountry":"FR"},{"@type":"PostalAddress","name":"Singapore Branch","streetAddress":"60 Paya Lebar Road #08-55","addressLocality":"Singapore","postalCode":"409051","addressCountry":"SG"}],"description":"First Mold, cuyo nombre completo es First Mold Manufacturing Limited, es una empresa de fabricaci\u00f3n a gran escala especializada en la fabricaci\u00f3n de moldes, servicios de moldeo por inyecci\u00f3n, mecanizado CNC y prototipado r\u00e1pido. Con bases de producci\u00f3n tanto en China como en M\u00e9xico, First Mold atiende a una clientela global.","email":"marketing@firstmold.com","telephone":"+86 18928160183","legalName":"First Mold Manufacturing Limited","foundingDate":"2012-02-19","duns":"60-139-1218","numberOfEmployees":{"@type":"QuantitativeValue","minValue":"201","maxValue":"500"}}]}},"_links":{"self":[{"href":"https:\/\/firstmold.com\/es\/wp-json\/wp\/v2\/pages\/26991","targetHints":{"allow":["GET"]}}],"collection":[{"href":"https:\/\/firstmold.com\/es\/wp-json\/wp\/v2\/pages"}],"about":[{"href":"https:\/\/firstmold.com\/es\/wp-json\/wp\/v2\/types\/page"}],"author":[{"embeddable":true,"href":"https:\/\/firstmold.com\/es\/wp-json\/wp\/v2\/users\/5"}],"replies":[{"embeddable":true,"href":"https:\/\/firstmold.com\/es\/wp-json\/wp\/v2\/comments?post=26991"}],"version-history":[{"count":10,"href":"https:\/\/firstmold.com\/es\/wp-json\/wp\/v2\/pages\/26991\/revisions"}],"predecessor-version":[{"id":34384,"href":"https:\/\/firstmold.com\/es\/wp-json\/wp\/v2\/pages\/26991\/revisions\/34384"}],"wp:attachment":[{"href":"https:\/\/firstmold.com\/es\/wp-json\/wp\/v2\/media?parent=26991"}],"curies":[{"name":"wp","href":"https:\/\/api.w.org\/{rel}","templated":true}]}}