{"id":17017,"date":"2024-03-15T17:16:46","date_gmt":"2024-03-15T09:16:46","guid":{"rendered":"https:\/\/firstmold.com\/?page_id=17017"},"modified":"2025-11-17T11:02:31","modified_gmt":"2025-11-17T03:02:31","slug":"privacy-policy","status":"publish","type":"page","link":"https:\/\/firstmold.com\/es\/privacy-policy\/","title":{"rendered":"Pol\u00edtica de privacidad"},"content":{"rendered":"<div data-elementor-type=\"wp-page\" data-elementor-id=\"17017\" class=\"elementor elementor-17017\" data-elementor-post-type=\"page\">\n\t\t\t\t<div class=\"elementor-element elementor-element-f8635e5 e-con-full fm2-section e-flex e-con e-parent\" data-id=\"f8635e5\" data-element_type=\"container\">\n\t\t<div class=\"elementor-element elementor-element-e37f0e8 e-con-full ho2ho-under-link e-flex e-con e-child\" data-id=\"e37f0e8\" data-element_type=\"container\">\n\t\t\t\t<div class=\"elementor-element elementor-element-b104900 elementor-widget elementor-widget-heading\" data-id=\"b104900\" data-element_type=\"widget\" data-widget_type=\"heading.default\">\n\t\t\t\t<div class=\"elementor-widget-container\">\n\t\t\t\t\t<h1 class=\"elementor-heading-title elementor-size-default\">Pol\u00edtica de privacidad<\/h1>\t\t\t\t<\/div>\n\t\t\t\t<\/div>\n\t\t\t\t<div class=\"elementor-element elementor-element-b724de4 elementor-widget elementor-widget-text-editor\" data-id=\"b724de4\" data-element_type=\"widget\" data-widget_type=\"text-editor.default\">\n\t\t\t\t<div class=\"elementor-widget-container\">\n\t\t\t\t\t\t\t\t\t<p>En FirstMold, nos comprometemos a proteger su privacidad y a garantizar la seguridad de la informaci\u00f3n que nos proporcione. Esta pol\u00edtica de privacidad describe nuestras pr\u00e1cticas relativas a la recopilaci\u00f3n, uso, protecci\u00f3n y divulgaci\u00f3n de su informaci\u00f3n a trav\u00e9s de <a href=\"https:\/\/firstmold.com\/es\/\">https:\/\/www.firstmold.com<\/a>\u00a0 (en lo sucesivo, el \"Sitio\").<\/p>\t\t\t\t\t\t\t\t<\/div>\n\t\t\t\t<\/div>\n\t\t\t\t<div class=\"elementor-element elementor-element-dd27927 elementor-widget elementor-widget-heading\" data-id=\"dd27927\" data-element_type=\"widget\" data-widget_type=\"heading.default\">\n\t\t\t\t<div class=\"elementor-widget-container\">\n\t\t\t\t\t<h2 class=\"elementor-heading-title elementor-size-default\">Consentimiento y recogida de informaci\u00f3n<\/h2>\t\t\t\t<\/div>\n\t\t\t\t<\/div>\n\t\t\t\t<div class=\"elementor-element elementor-element-40e8569 elementor-widget elementor-widget-text-editor\" data-id=\"40e8569\" data-element_type=\"widget\" data-widget_type=\"text-editor.default\">\n\t\t\t\t<div class=\"elementor-widget-container\">\n\t\t\t\t\t\t\t\t\t<p>Al utilizar nuestro Sitio, usted da su consentimiento para la recopilaci\u00f3n y el uso de informaci\u00f3n de acuerdo con esta pol\u00edtica. Recopilamos varios tipos de informaci\u00f3n, incluidos, entre otros, datos de identificaci\u00f3n personal (nombre, direcci\u00f3n de correo electr\u00f3nico, n\u00famero de tel\u00e9fono), datos de uso y cookies.<\/p>\t\t\t\t\t\t\t\t<\/div>\n\t\t\t\t<\/div>\n\t\t\t\t<div class=\"elementor-element elementor-element-b826b5a elementor-widget elementor-widget-heading\" data-id=\"b826b5a\" data-element_type=\"widget\" data-widget_type=\"heading.default\">\n\t\t\t\t<div class=\"elementor-widget-container\">\n\t\t\t\t\t<h2 class=\"elementor-heading-title elementor-size-default\">Uso de la informaci\u00f3n<\/h2>\t\t\t\t<\/div>\n\t\t\t\t<\/div>\n\t\t\t\t<div class=\"elementor-element elementor-element-55a07c5 elementor-widget elementor-widget-text-editor\" data-id=\"55a07c5\" data-element_type=\"widget\" data-widget_type=\"text-editor.default\">\n\t\t\t\t<div class=\"elementor-widget-container\">\n\t\t\t\t\t\t\t\t\t<p>La informaci\u00f3n que recopilamos se utiliza para mejorar nuestro Sitio, los servicios y la comunicaci\u00f3n con los clientes. Puede utilizarse para responder a consultas, proporcionar asistencia o enviar actualizaciones sobre nuestros servicios.<\/p>\t\t\t\t\t\t\t\t<\/div>\n\t\t\t\t<\/div>\n\t\t\t\t<div class=\"elementor-element elementor-element-244c530 elementor-widget elementor-widget-heading\" data-id=\"244c530\" data-element_type=\"widget\" data-widget_type=\"heading.default\">\n\t\t\t\t<div class=\"elementor-widget-container\">\n\t\t\t\t\t<h2 class=\"elementor-heading-title elementor-size-default\">Protecci\u00f3n de datos y confidencialidad<\/h2>\t\t\t\t<\/div>\n\t\t\t\t<\/div>\n\t\t\t\t<div class=\"elementor-element elementor-element-71de274 elementor-widget elementor-widget-text-editor\" data-id=\"71de274\" data-element_type=\"widget\" data-widget_type=\"text-editor.default\">\n\t\t\t\t<div class=\"elementor-widget-container\">\n\t\t\t\t\t\t\t\t\t<p>Aplicamos diversas medidas de seguridad para mantener la seguridad de sus datos personales. Nuestras medidas est\u00e1n dise\u00f1adas para proteger contra el acceso no autorizado, la alteraci\u00f3n, la divulgaci\u00f3n o la destrucci\u00f3n de sus datos personales.<\/p>\t\t\t\t\t\t\t\t<\/div>\n\t\t\t\t<\/div>\n\t\t\t\t<div class=\"elementor-element elementor-element-60a95bc elementor-widget elementor-widget-heading\" data-id=\"60a95bc\" data-element_type=\"widget\" data-widget_type=\"heading.default\">\n\t\t\t\t<div class=\"elementor-widget-container\">\n\t\t\t\t\t<h2 class=\"elementor-heading-title elementor-size-default\">Tratamiento de contenidos e im\u00e1genes protegidos<\/h2>\t\t\t\t<\/div>\n\t\t\t\t<\/div>\n\t\t\t\t<div class=\"elementor-element elementor-element-7116db5 elementor-widget elementor-widget-text-editor\" data-id=\"7116db5\" data-element_type=\"widget\" data-widget_type=\"text-editor.default\">\n\t\t\t\t<div class=\"elementor-widget-container\">\n\t\t\t\t\t\t\t\t\t<p>Consentimiento del cliente: Publicamos im\u00e1genes y estudios de casos en nuestro Sitio s\u00f3lo despu\u00e9s de recibir el consentimiento expl\u00edcito de nuestros clientes. Todo el contenido se revisa cuidadosamente para garantizar el cumplimiento de nuestros acuerdos de confidencialidad.<\/p>\t\t\t\t\t\t\t\t<\/div>\n\t\t\t\t<\/div>\n\t\t\t\t<div class=\"elementor-element elementor-element-f7f7003 elementor-widget elementor-widget-text-editor\" data-id=\"f7f7003\" data-element_type=\"widget\" data-widget_type=\"text-editor.default\">\n\t\t\t\t<div class=\"elementor-widget-container\">\n\t\t\t\t\t\t\t\t\t<p>Consideraciones sobre la privacidad: Para proteger a\u00fan m\u00e1s la confidencialidad de nuestros clientes, aplicamos un tratamiento de mosaico a toda la informaci\u00f3n del nombre del cliente presente en los productos que aparecen en nuestras im\u00e1genes. Esto garantiza que las identidades de los clientes permanezcan protegidas.<\/p>\t\t\t\t\t\t\t\t<\/div>\n\t\t\t\t<\/div>\n\t\t\t\t<div class=\"elementor-element elementor-element-61978ad elementor-widget elementor-widget-text-editor\" data-id=\"61978ad\" data-element_type=\"widget\" data-widget_type=\"text-editor.default\">\n\t\t\t\t<div class=\"elementor-widget-container\">\n\t\t\t\t\t\t\t\t\t<p>Enfoque en la apariencia del producto: Nuestras im\u00e1genes muestran principalmente la apariencia del producto. Evitamos cuidadosamente mostrar dise\u00f1os o caracter\u00edsticas espec\u00edficas que pudieran revelar informaci\u00f3n patentada o sensible, adhiri\u00e9ndonos al principio de minimizar la divulgaci\u00f3n.<\/p>\t\t\t\t\t\t\t\t<\/div>\n\t\t\t\t<\/div>\n\t\t\t\t<div class=\"elementor-element elementor-element-a8f7b36 elementor-widget elementor-widget-heading\" data-id=\"a8f7b36\" data-element_type=\"widget\" data-widget_type=\"heading.default\">\n\t\t\t\t<div class=\"elementor-widget-container\">\n\t\t\t\t\t<h2 class=\"elementor-heading-title elementor-size-default\">Propiedad intelectual<\/h2>\t\t\t\t<\/div>\n\t\t\t\t<\/div>\n\t\t\t\t<div class=\"elementor-element elementor-element-11344c9 elementor-widget elementor-widget-text-editor\" data-id=\"11344c9\" data-element_type=\"widget\" data-widget_type=\"text-editor.default\">\n\t\t\t\t<div class=\"elementor-widget-container\">\n\t\t\t\t\t\t\t\t\t<p>El contenido que aparece en nuestro Sitio, incluidas las im\u00e1genes de los productos, est\u00e1 protegido por las leyes de propiedad intelectual y no debe reproducirse ni difundirse sin nuestro permiso expreso.<\/p>\t\t\t\t\t\t\t\t<\/div>\n\t\t\t\t<\/div>\n\t\t\t\t<div class=\"elementor-element elementor-element-58ce37a elementor-widget elementor-widget-heading\" data-id=\"58ce37a\" data-element_type=\"widget\" data-widget_type=\"heading.default\">\n\t\t\t\t<div class=\"elementor-widget-container\">\n\t\t\t\t\t<h2 class=\"elementor-heading-title elementor-size-default\">Cambios en nuestra pol\u00edtica de privacidad<\/h2>\t\t\t\t<\/div>\n\t\t\t\t<\/div>\n\t\t\t\t<div class=\"elementor-element elementor-element-8d15fd7 elementor-widget elementor-widget-text-editor\" data-id=\"8d15fd7\" data-element_type=\"widget\" data-widget_type=\"text-editor.default\">\n\t\t\t\t<div class=\"elementor-widget-container\">\n\t\t\t\t\t\t\t\t\t<p>FirstMold se reserva el derecho de actualizar o cambiar nuestra Pol\u00edtica de Privacidad en cualquier momento. Le notificaremos cualquier cambio publicando la nueva Pol\u00edtica de Privacidad en esta p\u00e1gina. Le aconsejamos que revise peri\u00f3dicamente esta Pol\u00edtica de Privacidad para conocer cualquier cambio.<\/p>\t\t\t\t\t\t\t\t<\/div>\n\t\t\t\t<\/div>\n\t\t\t\t<div class=\"elementor-element elementor-element-8299b56 elementor-widget elementor-widget-heading\" data-id=\"8299b56\" data-element_type=\"widget\" data-widget_type=\"heading.default\">\n\t\t\t\t<div class=\"elementor-widget-container\">\n\t\t\t\t\t<h2 class=\"elementor-heading-title elementor-size-default\">Contacte con nosotros<\/h2>\t\t\t\t<\/div>\n\t\t\t\t<\/div>\n\t\t\t\t<div class=\"elementor-element elementor-element-d71ee8e elementor-widget elementor-widget-text-editor\" data-id=\"d71ee8e\" data-element_type=\"widget\" data-widget_type=\"text-editor.default\">\n\t\t\t\t<div class=\"elementor-widget-container\">\n\t\t\t\t\t\t\t\t\t<p>Si tiene alguna pregunta o sugerencia sobre nuestra Pol\u00edtica de Privacidad, no dude en ponerse en contacto con nosotros en <a href=\"mailto:marketing@firstmold.com\">marketing@firstmold.com<\/a>.<\/p>\t\t\t\t\t\t\t\t<\/div>\n\t\t\t\t<\/div>\n\t\t\t\t<\/div>\n\t\t\t\t<\/div>\n\t\t\t\t<\/div>","protected":false},"excerpt":{"rendered":"<p>La pol\u00edtica de privacidad describe c\u00f3mo recopilamos, protegemos y gestionamos su informaci\u00f3n personal de acuerdo con las leyes y normativas aplicables.<\/p>","protected":false},"author":5,"featured_media":17894,"parent":0,"menu_order":0,"comment_status":"closed","ping_status":"closed","template":"","meta":{"_acf_changed":false,"inline_featured_image":false,"footnotes":""},"class_list":["post-17017","page","type-page","status-publish","has-post-thumbnail","hentry"],"acf":[],"yoast_head":"<!-- This site is optimized with the Yoast SEO Premium plugin v22.3 (Yoast SEO v27.5) - https:\/\/yoast.com\/product\/yoast-seo-premium-wordpress\/ -->\n<title>Privacy Policy | FirstMold<\/title>\n<meta name=\"description\" content=\"The privacy policy outlines how we collect, protect, and manage your personal information in accordance with applicable laws and regulations.\" \/>\n<meta name=\"robots\" content=\"index, follow, max-snippet:-1, max-image-preview:large, max-video-preview:-1\" \/>\n<link rel=\"canonical\" href=\"https:\/\/firstmold.com\/es\/privacy-policy\/\" \/>\n<meta property=\"og:locale\" content=\"es_ES\" \/>\n<meta property=\"og:type\" content=\"article\" \/>\n<meta property=\"og:title\" content=\"Privacy Policy\" \/>\n<meta property=\"og:description\" content=\"The privacy policy outlines how we collect, protect, and manage your personal information in accordance with applicable laws and regulations.\" \/>\n<meta property=\"og:url\" content=\"https:\/\/firstmold.com\/es\/privacy-policy\/\" \/>\n<meta property=\"og:site_name\" content=\"First Mold\" \/>\n<meta property=\"article:publisher\" content=\"https:\/\/www.youtube.com\/@firstmold\" \/>\n<meta property=\"article:modified_time\" content=\"2025-11-17T03:02:31+00:00\" \/>\n<meta property=\"og:image\" content=\"https:\/\/firstmold.com\/wp-content\/uploads\/2024\/03\/Privacy-Policy-featured-image.jpg\" \/>\n\t<meta property=\"og:image:width\" content=\"1000\" \/>\n\t<meta property=\"og:image:height\" content=\"1000\" \/>\n\t<meta property=\"og:image:type\" content=\"image\/jpeg\" \/>\n<meta name=\"twitter:card\" content=\"summary_large_image\" \/>\n<meta name=\"twitter:site\" content=\"@firstmold2011\" \/>\n<meta name=\"twitter:label1\" content=\"Tiempo de lectura\" \/>\n\t<meta name=\"twitter:data1\" content=\"2 minutos\" \/>\n<script type=\"application\/ld+json\" class=\"yoast-schema-graph\">{\"@context\":\"https:\\\/\\\/schema.org\",\"@graph\":[{\"@type\":\"WebPage\",\"@id\":\"https:\\\/\\\/firstmold.com\\\/privacy-policy\\\/\",\"url\":\"https:\\\/\\\/firstmold.com\\\/privacy-policy\\\/\",\"name\":\"Privacy Policy | FirstMold\",\"isPartOf\":{\"@id\":\"https:\\\/\\\/firstmold.com\\\/#website\"},\"primaryImageOfPage\":{\"@id\":\"https:\\\/\\\/firstmold.com\\\/privacy-policy\\\/#primaryimage\"},\"image\":{\"@id\":\"https:\\\/\\\/firstmold.com\\\/privacy-policy\\\/#primaryimage\"},\"thumbnailUrl\":\"https:\\\/\\\/firstmold.com\\\/wp-content\\\/uploads\\\/2024\\\/03\\\/Privacy-Policy-featured-image.jpg\",\"datePublished\":\"2024-03-15T09:16:46+00:00\",\"dateModified\":\"2025-11-17T03:02:31+00:00\",\"description\":\"The privacy policy outlines how we collect, protect, and manage your personal information in accordance with applicable laws and regulations.\",\"breadcrumb\":{\"@id\":\"https:\\\/\\\/firstmold.com\\\/privacy-policy\\\/#breadcrumb\"},\"inLanguage\":\"es\",\"potentialAction\":[{\"@type\":\"ReadAction\",\"target\":[\"https:\\\/\\\/firstmold.com\\\/privacy-policy\\\/\"]}]},{\"@type\":\"ImageObject\",\"inLanguage\":\"es\",\"@id\":\"https:\\\/\\\/firstmold.com\\\/privacy-policy\\\/#primaryimage\",\"url\":\"https:\\\/\\\/firstmold.com\\\/wp-content\\\/uploads\\\/2024\\\/03\\\/Privacy-Policy-featured-image.jpg\",\"contentUrl\":\"https:\\\/\\\/firstmold.com\\\/wp-content\\\/uploads\\\/2024\\\/03\\\/Privacy-Policy-featured-image.jpg\",\"width\":1000,\"height\":1000,\"caption\":\"Privacy Policy featured image\"},{\"@type\":\"BreadcrumbList\",\"@id\":\"https:\\\/\\\/firstmold.com\\\/privacy-policy\\\/#breadcrumb\",\"itemListElement\":[{\"@type\":\"ListItem\",\"position\":1,\"name\":\"Home\",\"item\":\"https:\\\/\\\/firstmold.com\\\/es\\\/\"},{\"@type\":\"ListItem\",\"position\":2,\"name\":\"Privacy Policy\"}]},{\"@type\":\"WebSite\",\"@id\":\"https:\\\/\\\/firstmold.com\\\/#website\",\"url\":\"https:\\\/\\\/firstmold.com\\\/\",\"name\":\"First Mold Manufacturing Limited | MFG\",\"description\":\"First Mold Official Website\",\"publisher\":{\"@id\":\"https:\\\/\\\/firstmold.com\\\/#organization\"},\"alternateName\":\"Parts Manufacturing Company | First Mold\",\"potentialAction\":[{\"@type\":\"SearchAction\",\"target\":{\"@type\":\"EntryPoint\",\"urlTemplate\":\"https:\\\/\\\/firstmold.com\\\/?s={search_term_string}\"},\"query-input\":{\"@type\":\"PropertyValueSpecification\",\"valueRequired\":true,\"valueName\":\"search_term_string\"}}],\"inLanguage\":\"es\"},{\"@type\":\"Organization\",\"@id\":\"https:\\\/\\\/firstmold.com\\\/#organization\",\"name\":\"First Mold Manufacturing Limited\",\"alternateName\":\"First Mold\",\"url\":\"https:\\\/\\\/firstmold.com\\\/\",\"logo\":{\"@type\":\"ImageObject\",\"inLanguage\":\"es\",\"@id\":\"https:\\\/\\\/firstmold.com\\\/#\\\/schema\\\/logo\\\/image\\\/\",\"url\":\"https:\\\/\\\/firstmold.com\\\/wp-content\\\/uploads\\\/2025\\\/06\\\/First-Mold-Manufacturing-Limited-Site-Representation-Logo.png\",\"contentUrl\":\"https:\\\/\\\/firstmold.com\\\/wp-content\\\/uploads\\\/2025\\\/06\\\/First-Mold-Manufacturing-Limited-Site-Representation-Logo.png\",\"width\":696,\"height\":696,\"caption\":\"First Mold Manufacturing Limited\"},\"image\":{\"@id\":\"https:\\\/\\\/firstmold.com\\\/#\\\/schema\\\/logo\\\/image\\\/\"},\"sameAs\":[\"https:\\\/\\\/www.youtube.com\\\/@firstmold\",\"https:\\\/\\\/x.com\\\/firstmold2011\",\"https:\\\/\\\/mastodon.social\\\/@firstmold\"],\"address\":[{\"@type\":\"PostalAddress\",\"name\":\"China Base\",\"streetAddress\":\"88 West Shagang Road, Gangkou Town\",\"addressLocality\":\"Zhongshan City\",\"addressRegion\":\"Guangdong\",\"postalCode\":\"528447\",\"addressCountry\":\"CN\"},{\"@type\":\"PostalAddress\",\"name\":\"Mexico Factory\",\"streetAddress\":\"Nave ISK-8, Parque Industrial y Log\u00edstico Sky Plus, Avenida Mineral de Cinco Se\u00f1ores No.100, del Parque Industrial Santa Fe\",\"addressLocality\":\"Silao de la Victoria\",\"addressRegion\":\"Guanajuato\",\"postalCode\":\"36270\",\"addressCountry\":\"MX\"},{\"@type\":\"PostalAddress\",\"name\":\"France Branch\",\"streetAddress\":\"2 Bis avenue des Cistes\",\"addressLocality\":\"Roquefort -la-Bedoule\",\"postalCode\":\"13830\",\"addressCountry\":\"FR\"},{\"@type\":\"PostalAddress\",\"name\":\"Singapore Branch\",\"streetAddress\":\"60 Paya Lebar Road #08-55\",\"addressLocality\":\"Singapore\",\"postalCode\":\"409051\",\"addressCountry\":\"SG\"}],\"description\":\"First Mold, whose full name is First Mold Manufacturing Limited, is a large-scale manufacturing company specializing in mold manufacturing, injection molding services, CNC machining, and rapid prototyping. With production bases in both China and Mexico, First Mold serves a global clientele.\",\"email\":\"marketing@firstmold.com\",\"telephone\":\"+86 18928160183\",\"legalName\":\"First Mold Manufacturing Limited\",\"foundingDate\":\"2012-02-19\",\"duns\":\"60-139-1218\",\"numberOfEmployees\":{\"@type\":\"QuantitativeValue\",\"minValue\":\"201\",\"maxValue\":\"500\"}}]}<\/script>\n<!-- \/ Yoast SEO Premium plugin. -->","yoast_head_json":{"title":"Pol\u00edtica de privacidad | FirstMold","description":"La pol\u00edtica de privacidad describe c\u00f3mo recopilamos, protegemos y gestionamos su informaci\u00f3n personal de acuerdo con las leyes y normativas aplicables.","robots":{"index":"index","follow":"follow","max-snippet":"max-snippet:-1","max-image-preview":"max-image-preview:large","max-video-preview":"max-video-preview:-1"},"canonical":"https:\/\/firstmold.com\/es\/privacy-policy\/","og_locale":"es_ES","og_type":"article","og_title":"Privacy Policy","og_description":"The privacy policy outlines how we collect, protect, and manage your personal information in accordance with applicable laws and regulations.","og_url":"https:\/\/firstmold.com\/es\/privacy-policy\/","og_site_name":"First Mold","article_publisher":"https:\/\/www.youtube.com\/@firstmold","article_modified_time":"2025-11-17T03:02:31+00:00","og_image":[{"width":1000,"height":1000,"url":"https:\/\/firstmold.com\/wp-content\/uploads\/2024\/03\/Privacy-Policy-featured-image.jpg","type":"image\/jpeg"}],"twitter_card":"summary_large_image","twitter_site":"@firstmold2011","twitter_misc":{"Tiempo de lectura":"2 minutos"},"schema":{"@context":"https:\/\/schema.org","@graph":[{"@type":"WebPage","@id":"https:\/\/firstmold.com\/privacy-policy\/","url":"https:\/\/firstmold.com\/privacy-policy\/","name":"Pol\u00edtica de privacidad | FirstMold","isPartOf":{"@id":"https:\/\/firstmold.com\/#website"},"primaryImageOfPage":{"@id":"https:\/\/firstmold.com\/privacy-policy\/#primaryimage"},"image":{"@id":"https:\/\/firstmold.com\/privacy-policy\/#primaryimage"},"thumbnailUrl":"https:\/\/firstmold.com\/wp-content\/uploads\/2024\/03\/Privacy-Policy-featured-image.jpg","datePublished":"2024-03-15T09:16:46+00:00","dateModified":"2025-11-17T03:02:31+00:00","description":"La pol\u00edtica de privacidad describe c\u00f3mo recopilamos, protegemos y gestionamos su informaci\u00f3n personal de acuerdo con las leyes y normativas aplicables.","breadcrumb":{"@id":"https:\/\/firstmold.com\/privacy-policy\/#breadcrumb"},"inLanguage":"es","potentialAction":[{"@type":"ReadAction","target":["https:\/\/firstmold.com\/privacy-policy\/"]}]},{"@type":"ImageObject","inLanguage":"es","@id":"https:\/\/firstmold.com\/privacy-policy\/#primaryimage","url":"https:\/\/firstmold.com\/wp-content\/uploads\/2024\/03\/Privacy-Policy-featured-image.jpg","contentUrl":"https:\/\/firstmold.com\/wp-content\/uploads\/2024\/03\/Privacy-Policy-featured-image.jpg","width":1000,"height":1000,"caption":"Privacy Policy featured image"},{"@type":"BreadcrumbList","@id":"https:\/\/firstmold.com\/privacy-policy\/#breadcrumb","itemListElement":[{"@type":"ListItem","position":1,"name":"Home","item":"https:\/\/firstmold.com\/es\/"},{"@type":"ListItem","position":2,"name":"Privacy Policy"}]},{"@type":"WebSite","@id":"https:\/\/firstmold.com\/#website","url":"https:\/\/firstmold.com\/","name":"First Mold Manufacturing Limited | MFG","description":"Sitio web oficial de First Mold","publisher":{"@id":"https:\/\/firstmold.com\/#organization"},"alternateName":"Parts Manufacturing Company | First Mold","potentialAction":[{"@type":"SearchAction","target":{"@type":"EntryPoint","urlTemplate":"https:\/\/firstmold.com\/?s={search_term_string}"},"query-input":{"@type":"PropertyValueSpecification","valueRequired":true,"valueName":"search_term_string"}}],"inLanguage":"es"},{"@type":"Organization","@id":"https:\/\/firstmold.com\/#organization","name":"First Mold Manufacturing Limited","alternateName":"First Mold","url":"https:\/\/firstmold.com\/","logo":{"@type":"ImageObject","inLanguage":"es","@id":"https:\/\/firstmold.com\/#\/schema\/logo\/image\/","url":"https:\/\/firstmold.com\/wp-content\/uploads\/2025\/06\/First-Mold-Manufacturing-Limited-Site-Representation-Logo.png","contentUrl":"https:\/\/firstmold.com\/wp-content\/uploads\/2025\/06\/First-Mold-Manufacturing-Limited-Site-Representation-Logo.png","width":696,"height":696,"caption":"First Mold Manufacturing Limited"},"image":{"@id":"https:\/\/firstmold.com\/#\/schema\/logo\/image\/"},"sameAs":["https:\/\/www.youtube.com\/@firstmold","https:\/\/x.com\/firstmold2011","https:\/\/mastodon.social\/@firstmold"],"address":[{"@type":"PostalAddress","name":"China Base","streetAddress":"88 West Shagang Road, Gangkou Town","addressLocality":"Zhongshan City","addressRegion":"Guangdong","postalCode":"528447","addressCountry":"CN"},{"@type":"PostalAddress","name":"Mexico Factory","streetAddress":"Nave ISK-8, Parque Industrial y Log\u00edstico Sky Plus, Avenida Mineral de Cinco Se\u00f1ores No.100, del Parque Industrial Santa Fe","addressLocality":"Silao de la Victoria","addressRegion":"Guanajuato","postalCode":"36270","addressCountry":"MX"},{"@type":"PostalAddress","name":"France Branch","streetAddress":"2 Bis avenue des Cistes","addressLocality":"Roquefort -la-Bedoule","postalCode":"13830","addressCountry":"FR"},{"@type":"PostalAddress","name":"Singapore Branch","streetAddress":"60 Paya Lebar Road #08-55","addressLocality":"Singapore","postalCode":"409051","addressCountry":"SG"}],"description":"First Mold, cuyo nombre completo es First Mold Manufacturing Limited, es una empresa de fabricaci\u00f3n a gran escala especializada en la fabricaci\u00f3n de moldes, servicios de moldeo por inyecci\u00f3n, mecanizado CNC y prototipado r\u00e1pido. Con bases de producci\u00f3n tanto en China como en M\u00e9xico, First Mold atiende a una clientela global.","email":"marketing@firstmold.com","telephone":"+86 18928160183","legalName":"First Mold Manufacturing Limited","foundingDate":"2012-02-19","duns":"60-139-1218","numberOfEmployees":{"@type":"QuantitativeValue","minValue":"201","maxValue":"500"}}]}},"_links":{"self":[{"href":"https:\/\/firstmold.com\/es\/wp-json\/wp\/v2\/pages\/17017","targetHints":{"allow":["GET"]}}],"collection":[{"href":"https:\/\/firstmold.com\/es\/wp-json\/wp\/v2\/pages"}],"about":[{"href":"https:\/\/firstmold.com\/es\/wp-json\/wp\/v2\/types\/page"}],"author":[{"embeddable":true,"href":"https:\/\/firstmold.com\/es\/wp-json\/wp\/v2\/users\/5"}],"replies":[{"embeddable":true,"href":"https:\/\/firstmold.com\/es\/wp-json\/wp\/v2\/comments?post=17017"}],"version-history":[{"count":4,"href":"https:\/\/firstmold.com\/es\/wp-json\/wp\/v2\/pages\/17017\/revisions"}],"predecessor-version":[{"id":34448,"href":"https:\/\/firstmold.com\/es\/wp-json\/wp\/v2\/pages\/17017\/revisions\/34448"}],"wp:featuredmedia":[{"embeddable":true,"href":"https:\/\/firstmold.com\/es\/wp-json\/wp\/v2\/media\/17894"}],"wp:attachment":[{"href":"https:\/\/firstmold.com\/es\/wp-json\/wp\/v2\/media?parent=17017"}],"curies":[{"name":"wp","href":"https:\/\/api.w.org\/{rel}","templated":true}]}}