{"id":17017,"date":"2024-03-15T17:16:46","date_gmt":"2024-03-15T09:16:46","guid":{"rendered":"https:\/\/firstmold.com\/?page_id=17017"},"modified":"2025-11-17T11:02:31","modified_gmt":"2025-11-17T03:02:31","slug":"privacy-policy","status":"publish","type":"page","link":"https:\/\/firstmold.com\/de\/privacy-policy\/","title":{"rendered":"Datenschutzbestimmungen"},"content":{"rendered":"<div data-elementor-type=\"wp-page\" data-elementor-id=\"17017\" class=\"elementor elementor-17017\" data-elementor-post-type=\"page\">\n\t\t\t\t<div class=\"elementor-element elementor-element-f8635e5 e-con-full fm2-section e-flex e-con e-parent\" data-id=\"f8635e5\" data-element_type=\"container\">\n\t\t<div class=\"elementor-element elementor-element-e37f0e8 e-con-full ho2ho-under-link e-flex e-con e-child\" data-id=\"e37f0e8\" data-element_type=\"container\">\n\t\t\t\t<div class=\"elementor-element elementor-element-b104900 elementor-widget elementor-widget-heading\" data-id=\"b104900\" data-element_type=\"widget\" data-widget_type=\"heading.default\">\n\t\t\t\t<div class=\"elementor-widget-container\">\n\t\t\t\t\t<h1 class=\"elementor-heading-title elementor-size-default\">Datenschutzbestimmungen<\/h1>\t\t\t\t<\/div>\n\t\t\t\t<\/div>\n\t\t\t\t<div class=\"elementor-element elementor-element-b724de4 elementor-widget elementor-widget-text-editor\" data-id=\"b724de4\" data-element_type=\"widget\" data-widget_type=\"text-editor.default\">\n\t\t\t\t<div class=\"elementor-widget-container\">\n\t\t\t\t\t\t\t\t\t<p>Wir bei FirstMold verpflichten uns, Ihre Privatsph\u00e4re zu sch\u00fctzen und die Sicherheit der uns von Ihnen zur Verf\u00fcgung gestellten Informationen zu gew\u00e4hrleisten. Diese Datenschutzrichtlinie beschreibt unsere Praktiken in Bezug auf die Erhebung, die Verwendung, den Schutz und die Offenlegung Ihrer Daten durch <a href=\"https:\/\/firstmold.com\/de\/\">https:\/\/www.firstmold.com<\/a>\u00a0 (nachstehend als \"Website\" bezeichnet).<\/p>\t\t\t\t\t\t\t\t<\/div>\n\t\t\t\t<\/div>\n\t\t\t\t<div class=\"elementor-element elementor-element-dd27927 elementor-widget elementor-widget-heading\" data-id=\"dd27927\" data-element_type=\"widget\" data-widget_type=\"heading.default\">\n\t\t\t\t<div class=\"elementor-widget-container\">\n\t\t\t\t\t<h2 class=\"elementor-heading-title elementor-size-default\">Zustimmung und Informationssammlung<\/h2>\t\t\t\t<\/div>\n\t\t\t\t<\/div>\n\t\t\t\t<div class=\"elementor-element elementor-element-40e8569 elementor-widget elementor-widget-text-editor\" data-id=\"40e8569\" data-element_type=\"widget\" data-widget_type=\"text-editor.default\">\n\t\t\t\t<div class=\"elementor-widget-container\">\n\t\t\t\t\t\t\t\t\t<p>Durch die Nutzung unserer Website erkl\u00e4ren Sie sich mit der Erfassung und Nutzung von Informationen in \u00dcbereinstimmung mit dieser Richtlinie einverstanden. Wir sammeln verschiedene Arten von Informationen, einschlie\u00dflich, aber nicht beschr\u00e4nkt auf pers\u00f6nliche Identifikationsdaten (Name, E-Mail-Adresse, Telefonnummer), Nutzungsdaten und Cookies.<\/p>\t\t\t\t\t\t\t\t<\/div>\n\t\t\t\t<\/div>\n\t\t\t\t<div class=\"elementor-element elementor-element-b826b5a elementor-widget elementor-widget-heading\" data-id=\"b826b5a\" data-element_type=\"widget\" data-widget_type=\"heading.default\">\n\t\t\t\t<div class=\"elementor-widget-container\">\n\t\t\t\t\t<h2 class=\"elementor-heading-title elementor-size-default\">Verwendung von Informationen<\/h2>\t\t\t\t<\/div>\n\t\t\t\t<\/div>\n\t\t\t\t<div class=\"elementor-element elementor-element-55a07c5 elementor-widget elementor-widget-text-editor\" data-id=\"55a07c5\" data-element_type=\"widget\" data-widget_type=\"text-editor.default\">\n\t\t\t\t<div class=\"elementor-widget-container\">\n\t\t\t\t\t\t\t\t\t<p>Die von uns gesammelten Informationen werden zur Verbesserung unserer Website, unserer Dienstleistungen und unserer Kundenkommunikation verwendet. Sie k\u00f6nnen f\u00fcr die Beantwortung von Anfragen, die Bereitstellung von Support oder die Zusendung von Updates \u00fcber unsere Dienstleistungen verwendet werden.<\/p>\t\t\t\t\t\t\t\t<\/div>\n\t\t\t\t<\/div>\n\t\t\t\t<div class=\"elementor-element elementor-element-244c530 elementor-widget elementor-widget-heading\" data-id=\"244c530\" data-element_type=\"widget\" data-widget_type=\"heading.default\">\n\t\t\t\t<div class=\"elementor-widget-container\">\n\t\t\t\t\t<h2 class=\"elementor-heading-title elementor-size-default\">Datenschutz und Vertraulichkeit<\/h2>\t\t\t\t<\/div>\n\t\t\t\t<\/div>\n\t\t\t\t<div class=\"elementor-element elementor-element-71de274 elementor-widget elementor-widget-text-editor\" data-id=\"71de274\" data-element_type=\"widget\" data-widget_type=\"text-editor.default\">\n\t\t\t\t<div class=\"elementor-widget-container\">\n\t\t\t\t\t\t\t\t\t<p>Wir setzen eine Reihe von Sicherheitsma\u00dfnahmen ein, um die Sicherheit Ihrer pers\u00f6nlichen Daten zu gew\u00e4hrleisten. Unsere Ma\u00dfnahmen sind so konzipiert, dass sie vor unbefugtem Zugriff, Ver\u00e4nderung, Offenlegung oder Zerst\u00f6rung Ihrer personenbezogenen Daten sch\u00fctzen.<\/p>\t\t\t\t\t\t\t\t<\/div>\n\t\t\t\t<\/div>\n\t\t\t\t<div class=\"elementor-element elementor-element-60a95bc elementor-widget elementor-widget-heading\" data-id=\"60a95bc\" data-element_type=\"widget\" data-widget_type=\"heading.default\">\n\t\t\t\t<div class=\"elementor-widget-container\">\n\t\t\t\t\t<h2 class=\"elementor-heading-title elementor-size-default\">Umgang mit urheberrechtlich gesch\u00fctzten Inhalten und Bildern<\/h2>\t\t\t\t<\/div>\n\t\t\t\t<\/div>\n\t\t\t\t<div class=\"elementor-element elementor-element-7116db5 elementor-widget elementor-widget-text-editor\" data-id=\"7116db5\" data-element_type=\"widget\" data-widget_type=\"text-editor.default\">\n\t\t\t\t<div class=\"elementor-widget-container\">\n\t\t\t\t\t\t\t\t\t<p>Einverst\u00e4ndnis des Kunden: Wir ver\u00f6ffentlichen Bilder und Fallstudien auf unserer Website nur nach ausdr\u00fccklicher Zustimmung unserer Kunden. Alle Inhalte werden sorgf\u00e4ltig gepr\u00fcft, um die Einhaltung unserer Vertraulichkeitsvereinbarungen zu gew\u00e4hrleisten.<\/p>\t\t\t\t\t\t\t\t<\/div>\n\t\t\t\t<\/div>\n\t\t\t\t<div class=\"elementor-element elementor-element-f7f7003 elementor-widget elementor-widget-text-editor\" data-id=\"f7f7003\" data-element_type=\"widget\" data-widget_type=\"text-editor.default\">\n\t\t\t\t<div class=\"elementor-widget-container\">\n\t\t\t\t\t\t\t\t\t<p>\u00dcberlegungen zum Datenschutz: Um die Vertraulichkeit unserer Kunden weiter zu sch\u00fctzen, verarbeiten wir alle Kundennamen, die auf den Produkten in unseren Bildern zu sehen sind, als Mosaik. Dadurch wird sichergestellt, dass die Identit\u00e4ten der Kunden gesch\u00fctzt bleiben.<\/p>\t\t\t\t\t\t\t\t<\/div>\n\t\t\t\t<\/div>\n\t\t\t\t<div class=\"elementor-element elementor-element-61978ad elementor-widget elementor-widget-text-editor\" data-id=\"61978ad\" data-element_type=\"widget\" data-widget_type=\"text-editor.default\">\n\t\t\t\t<div class=\"elementor-widget-container\">\n\t\t\t\t\t\t\t\t\t<p>Fokus auf das Erscheinungsbild des Produkts: Unsere Bilder zeigen in erster Linie das Aussehen des Produkts. Wir vermeiden es sorgf\u00e4ltig, bestimmte Designs oder Merkmale zu zeigen, die gesch\u00fctzte oder sensible Informationen enth\u00fcllen k\u00f6nnten, und halten uns an das Prinzip der Minimierung der Offenlegung.<\/p>\t\t\t\t\t\t\t\t<\/div>\n\t\t\t\t<\/div>\n\t\t\t\t<div class=\"elementor-element elementor-element-a8f7b36 elementor-widget elementor-widget-heading\" data-id=\"a8f7b36\" data-element_type=\"widget\" data-widget_type=\"heading.default\">\n\t\t\t\t<div class=\"elementor-widget-container\">\n\t\t\t\t\t<h2 class=\"elementor-heading-title elementor-size-default\">Geistiges Eigentum<\/h2>\t\t\t\t<\/div>\n\t\t\t\t<\/div>\n\t\t\t\t<div class=\"elementor-element elementor-element-11344c9 elementor-widget elementor-widget-text-editor\" data-id=\"11344c9\" data-element_type=\"widget\" data-widget_type=\"text-editor.default\">\n\t\t\t\t<div class=\"elementor-widget-container\">\n\t\t\t\t\t\t\t\t\t<p>Die auf unserer Website dargestellten Inhalte, einschlie\u00dflich Produktabbildungen, sind durch Gesetze zum Schutz des geistigen Eigentums gesch\u00fctzt und d\u00fcrfen ohne unsere ausdr\u00fcckliche Genehmigung nicht vervielf\u00e4ltigt oder verbreitet werden.<\/p>\t\t\t\t\t\t\t\t<\/div>\n\t\t\t\t<\/div>\n\t\t\t\t<div class=\"elementor-element elementor-element-58ce37a elementor-widget elementor-widget-heading\" data-id=\"58ce37a\" data-element_type=\"widget\" data-widget_type=\"heading.default\">\n\t\t\t\t<div class=\"elementor-widget-container\">\n\t\t\t\t\t<h2 class=\"elementor-heading-title elementor-size-default\">\u00c4nderungen an unserer Datenschutzrichtlinie<\/h2>\t\t\t\t<\/div>\n\t\t\t\t<\/div>\n\t\t\t\t<div class=\"elementor-element elementor-element-8d15fd7 elementor-widget elementor-widget-text-editor\" data-id=\"8d15fd7\" data-element_type=\"widget\" data-widget_type=\"text-editor.default\">\n\t\t\t\t<div class=\"elementor-widget-container\">\n\t\t\t\t\t\t\t\t\t<p>FirstMold beh\u00e4lt sich das Recht vor, unsere Datenschutzrichtlinie jederzeit zu aktualisieren oder zu \u00e4ndern. Wir werden Sie \u00fcber alle \u00c4nderungen informieren, indem wir die neue Datenschutzrichtlinie auf dieser Seite ver\u00f6ffentlichen. Wir empfehlen Ihnen, diese Datenschutzrichtlinie regelm\u00e4\u00dfig auf \u00c4nderungen zu \u00fcberpr\u00fcfen.<\/p>\t\t\t\t\t\t\t\t<\/div>\n\t\t\t\t<\/div>\n\t\t\t\t<div class=\"elementor-element elementor-element-8299b56 elementor-widget elementor-widget-heading\" data-id=\"8299b56\" data-element_type=\"widget\" data-widget_type=\"heading.default\">\n\t\t\t\t<div class=\"elementor-widget-container\">\n\t\t\t\t\t<h2 class=\"elementor-heading-title elementor-size-default\">Kontakt<\/h2>\t\t\t\t<\/div>\n\t\t\t\t<\/div>\n\t\t\t\t<div class=\"elementor-element elementor-element-d71ee8e elementor-widget elementor-widget-text-editor\" data-id=\"d71ee8e\" data-element_type=\"widget\" data-widget_type=\"text-editor.default\">\n\t\t\t\t<div class=\"elementor-widget-container\">\n\t\t\t\t\t\t\t\t\t<p>Wenn Sie Fragen oder Anregungen zu unserer Datenschutzpolitik haben, z\u00f6gern Sie nicht, uns zu kontaktieren unter <a href=\"mailto:marketing@firstmold.com\">marketing@firstmold.com<\/a>.<\/p>\t\t\t\t\t\t\t\t<\/div>\n\t\t\t\t<\/div>\n\t\t\t\t<\/div>\n\t\t\t\t<\/div>\n\t\t\t\t<\/div>","protected":false},"excerpt":{"rendered":"<p>In der Datenschutzrichtlinie wird dargelegt, wie wir Ihre pers\u00f6nlichen Daten in \u00dcbereinstimmung mit den geltenden Gesetzen und Vorschriften erfassen, sch\u00fctzen und verwalten.<\/p>","protected":false},"author":5,"featured_media":17894,"parent":0,"menu_order":0,"comment_status":"closed","ping_status":"closed","template":"","meta":{"_acf_changed":false,"inline_featured_image":false,"footnotes":""},"class_list":["post-17017","page","type-page","status-publish","has-post-thumbnail","hentry"],"acf":[],"yoast_head":"<!-- This site is optimized with the Yoast SEO Premium plugin v22.3 (Yoast SEO v27.5) - https:\/\/yoast.com\/product\/yoast-seo-premium-wordpress\/ -->\n<title>Privacy Policy | FirstMold<\/title>\n<meta name=\"description\" content=\"The privacy policy outlines how we collect, protect, and manage your personal information in accordance with applicable laws and regulations.\" \/>\n<meta name=\"robots\" content=\"index, follow, max-snippet:-1, max-image-preview:large, max-video-preview:-1\" \/>\n<link rel=\"canonical\" href=\"https:\/\/firstmold.com\/de\/privacy-policy\/\" \/>\n<meta property=\"og:locale\" content=\"de_DE\" \/>\n<meta property=\"og:type\" content=\"article\" \/>\n<meta property=\"og:title\" content=\"Privacy Policy\" \/>\n<meta property=\"og:description\" content=\"The privacy policy outlines how we collect, protect, and manage your personal information in accordance with applicable laws and regulations.\" \/>\n<meta property=\"og:url\" content=\"https:\/\/firstmold.com\/de\/privacy-policy\/\" \/>\n<meta property=\"og:site_name\" content=\"First Mold\" \/>\n<meta property=\"article:publisher\" content=\"https:\/\/www.youtube.com\/@firstmold\" \/>\n<meta property=\"article:modified_time\" content=\"2025-11-17T03:02:31+00:00\" \/>\n<meta property=\"og:image\" content=\"https:\/\/firstmold.com\/wp-content\/uploads\/2024\/03\/Privacy-Policy-featured-image.jpg\" \/>\n\t<meta property=\"og:image:width\" content=\"1000\" \/>\n\t<meta property=\"og:image:height\" content=\"1000\" \/>\n\t<meta property=\"og:image:type\" content=\"image\/jpeg\" \/>\n<meta name=\"twitter:card\" content=\"summary_large_image\" \/>\n<meta name=\"twitter:site\" content=\"@firstmold2011\" \/>\n<meta name=\"twitter:label1\" content=\"Gesch\u00e4tzte Lesezeit\" \/>\n\t<meta name=\"twitter:data1\" content=\"2\u00a0Minuten\" \/>\n<script type=\"application\/ld+json\" class=\"yoast-schema-graph\">{\"@context\":\"https:\\\/\\\/schema.org\",\"@graph\":[{\"@type\":\"WebPage\",\"@id\":\"https:\\\/\\\/firstmold.com\\\/privacy-policy\\\/\",\"url\":\"https:\\\/\\\/firstmold.com\\\/privacy-policy\\\/\",\"name\":\"Privacy Policy | FirstMold\",\"isPartOf\":{\"@id\":\"https:\\\/\\\/firstmold.com\\\/#website\"},\"primaryImageOfPage\":{\"@id\":\"https:\\\/\\\/firstmold.com\\\/privacy-policy\\\/#primaryimage\"},\"image\":{\"@id\":\"https:\\\/\\\/firstmold.com\\\/privacy-policy\\\/#primaryimage\"},\"thumbnailUrl\":\"https:\\\/\\\/firstmold.com\\\/wp-content\\\/uploads\\\/2024\\\/03\\\/Privacy-Policy-featured-image.jpg\",\"datePublished\":\"2024-03-15T09:16:46+00:00\",\"dateModified\":\"2025-11-17T03:02:31+00:00\",\"description\":\"The privacy policy outlines how we collect, protect, and manage your personal information in accordance with applicable laws and regulations.\",\"breadcrumb\":{\"@id\":\"https:\\\/\\\/firstmold.com\\\/privacy-policy\\\/#breadcrumb\"},\"inLanguage\":\"de\",\"potentialAction\":[{\"@type\":\"ReadAction\",\"target\":[\"https:\\\/\\\/firstmold.com\\\/privacy-policy\\\/\"]}]},{\"@type\":\"ImageObject\",\"inLanguage\":\"de\",\"@id\":\"https:\\\/\\\/firstmold.com\\\/privacy-policy\\\/#primaryimage\",\"url\":\"https:\\\/\\\/firstmold.com\\\/wp-content\\\/uploads\\\/2024\\\/03\\\/Privacy-Policy-featured-image.jpg\",\"contentUrl\":\"https:\\\/\\\/firstmold.com\\\/wp-content\\\/uploads\\\/2024\\\/03\\\/Privacy-Policy-featured-image.jpg\",\"width\":1000,\"height\":1000,\"caption\":\"Privacy Policy featured image\"},{\"@type\":\"BreadcrumbList\",\"@id\":\"https:\\\/\\\/firstmold.com\\\/privacy-policy\\\/#breadcrumb\",\"itemListElement\":[{\"@type\":\"ListItem\",\"position\":1,\"name\":\"Home\",\"item\":\"https:\\\/\\\/firstmold.com\\\/de\\\/\"},{\"@type\":\"ListItem\",\"position\":2,\"name\":\"Privacy Policy\"}]},{\"@type\":\"WebSite\",\"@id\":\"https:\\\/\\\/firstmold.com\\\/#website\",\"url\":\"https:\\\/\\\/firstmold.com\\\/\",\"name\":\"First Mold Manufacturing Limited | MFG\",\"description\":\"First Mold Official Website\",\"publisher\":{\"@id\":\"https:\\\/\\\/firstmold.com\\\/#organization\"},\"alternateName\":\"Parts Manufacturing Company | First Mold\",\"potentialAction\":[{\"@type\":\"SearchAction\",\"target\":{\"@type\":\"EntryPoint\",\"urlTemplate\":\"https:\\\/\\\/firstmold.com\\\/?s={search_term_string}\"},\"query-input\":{\"@type\":\"PropertyValueSpecification\",\"valueRequired\":true,\"valueName\":\"search_term_string\"}}],\"inLanguage\":\"de\"},{\"@type\":\"Organization\",\"@id\":\"https:\\\/\\\/firstmold.com\\\/#organization\",\"name\":\"First Mold Manufacturing Limited\",\"alternateName\":\"First Mold\",\"url\":\"https:\\\/\\\/firstmold.com\\\/\",\"logo\":{\"@type\":\"ImageObject\",\"inLanguage\":\"de\",\"@id\":\"https:\\\/\\\/firstmold.com\\\/#\\\/schema\\\/logo\\\/image\\\/\",\"url\":\"https:\\\/\\\/firstmold.com\\\/wp-content\\\/uploads\\\/2025\\\/06\\\/First-Mold-Manufacturing-Limited-Site-Representation-Logo.png\",\"contentUrl\":\"https:\\\/\\\/firstmold.com\\\/wp-content\\\/uploads\\\/2025\\\/06\\\/First-Mold-Manufacturing-Limited-Site-Representation-Logo.png\",\"width\":696,\"height\":696,\"caption\":\"First Mold Manufacturing Limited\"},\"image\":{\"@id\":\"https:\\\/\\\/firstmold.com\\\/#\\\/schema\\\/logo\\\/image\\\/\"},\"sameAs\":[\"https:\\\/\\\/www.youtube.com\\\/@firstmold\",\"https:\\\/\\\/x.com\\\/firstmold2011\",\"https:\\\/\\\/mastodon.social\\\/@firstmold\"],\"address\":[{\"@type\":\"PostalAddress\",\"name\":\"China Base\",\"streetAddress\":\"88 West Shagang Road, Gangkou Town\",\"addressLocality\":\"Zhongshan City\",\"addressRegion\":\"Guangdong\",\"postalCode\":\"528447\",\"addressCountry\":\"CN\"},{\"@type\":\"PostalAddress\",\"name\":\"Mexico Factory\",\"streetAddress\":\"Nave ISK-8, Parque Industrial y Log\u00edstico Sky Plus, Avenida Mineral de Cinco Se\u00f1ores No.100, del Parque Industrial Santa Fe\",\"addressLocality\":\"Silao de la Victoria\",\"addressRegion\":\"Guanajuato\",\"postalCode\":\"36270\",\"addressCountry\":\"MX\"},{\"@type\":\"PostalAddress\",\"name\":\"France Branch\",\"streetAddress\":\"2 Bis avenue des Cistes\",\"addressLocality\":\"Roquefort -la-Bedoule\",\"postalCode\":\"13830\",\"addressCountry\":\"FR\"},{\"@type\":\"PostalAddress\",\"name\":\"Singapore Branch\",\"streetAddress\":\"60 Paya Lebar Road #08-55\",\"addressLocality\":\"Singapore\",\"postalCode\":\"409051\",\"addressCountry\":\"SG\"}],\"description\":\"First Mold, whose full name is First Mold Manufacturing Limited, is a large-scale manufacturing company specializing in mold manufacturing, injection molding services, CNC machining, and rapid prototyping. With production bases in both China and Mexico, First Mold serves a global clientele.\",\"email\":\"marketing@firstmold.com\",\"telephone\":\"+86 18928160183\",\"legalName\":\"First Mold Manufacturing Limited\",\"foundingDate\":\"2012-02-19\",\"duns\":\"60-139-1218\",\"numberOfEmployees\":{\"@type\":\"QuantitativeValue\",\"minValue\":\"201\",\"maxValue\":\"500\"}}]}<\/script>\n<!-- \/ Yoast SEO Premium plugin. -->","yoast_head_json":{"title":"Datenschutzpolitik | FirstMold","description":"In der Datenschutzrichtlinie wird dargelegt, wie wir Ihre pers\u00f6nlichen Daten in \u00dcbereinstimmung mit den geltenden Gesetzen und Vorschriften erfassen, sch\u00fctzen und verwalten.","robots":{"index":"index","follow":"follow","max-snippet":"max-snippet:-1","max-image-preview":"max-image-preview:large","max-video-preview":"max-video-preview:-1"},"canonical":"https:\/\/firstmold.com\/de\/privacy-policy\/","og_locale":"de_DE","og_type":"article","og_title":"Privacy Policy","og_description":"The privacy policy outlines how we collect, protect, and manage your personal information in accordance with applicable laws and regulations.","og_url":"https:\/\/firstmold.com\/de\/privacy-policy\/","og_site_name":"First Mold","article_publisher":"https:\/\/www.youtube.com\/@firstmold","article_modified_time":"2025-11-17T03:02:31+00:00","og_image":[{"width":1000,"height":1000,"url":"https:\/\/firstmold.com\/wp-content\/uploads\/2024\/03\/Privacy-Policy-featured-image.jpg","type":"image\/jpeg"}],"twitter_card":"summary_large_image","twitter_site":"@firstmold2011","twitter_misc":{"Gesch\u00e4tzte Lesezeit":"2\u00a0Minuten"},"schema":{"@context":"https:\/\/schema.org","@graph":[{"@type":"WebPage","@id":"https:\/\/firstmold.com\/privacy-policy\/","url":"https:\/\/firstmold.com\/privacy-policy\/","name":"Datenschutzpolitik | FirstMold","isPartOf":{"@id":"https:\/\/firstmold.com\/#website"},"primaryImageOfPage":{"@id":"https:\/\/firstmold.com\/privacy-policy\/#primaryimage"},"image":{"@id":"https:\/\/firstmold.com\/privacy-policy\/#primaryimage"},"thumbnailUrl":"https:\/\/firstmold.com\/wp-content\/uploads\/2024\/03\/Privacy-Policy-featured-image.jpg","datePublished":"2024-03-15T09:16:46+00:00","dateModified":"2025-11-17T03:02:31+00:00","description":"In der Datenschutzrichtlinie wird dargelegt, wie wir Ihre pers\u00f6nlichen Daten in \u00dcbereinstimmung mit den geltenden Gesetzen und Vorschriften erfassen, sch\u00fctzen und verwalten.","breadcrumb":{"@id":"https:\/\/firstmold.com\/privacy-policy\/#breadcrumb"},"inLanguage":"de","potentialAction":[{"@type":"ReadAction","target":["https:\/\/firstmold.com\/privacy-policy\/"]}]},{"@type":"ImageObject","inLanguage":"de","@id":"https:\/\/firstmold.com\/privacy-policy\/#primaryimage","url":"https:\/\/firstmold.com\/wp-content\/uploads\/2024\/03\/Privacy-Policy-featured-image.jpg","contentUrl":"https:\/\/firstmold.com\/wp-content\/uploads\/2024\/03\/Privacy-Policy-featured-image.jpg","width":1000,"height":1000,"caption":"Privacy Policy featured image"},{"@type":"BreadcrumbList","@id":"https:\/\/firstmold.com\/privacy-policy\/#breadcrumb","itemListElement":[{"@type":"ListItem","position":1,"name":"Home","item":"https:\/\/firstmold.com\/de\/"},{"@type":"ListItem","position":2,"name":"Privacy Policy"}]},{"@type":"WebSite","@id":"https:\/\/firstmold.com\/#website","url":"https:\/\/firstmold.com\/","name":"First Mold Manufacturing Limited | MFG","description":"Offizielle Website von First Mold","publisher":{"@id":"https:\/\/firstmold.com\/#organization"},"alternateName":"Parts Manufacturing Company | First Mold","potentialAction":[{"@type":"SearchAction","target":{"@type":"EntryPoint","urlTemplate":"https:\/\/firstmold.com\/?s={search_term_string}"},"query-input":{"@type":"PropertyValueSpecification","valueRequired":true,"valueName":"search_term_string"}}],"inLanguage":"de"},{"@type":"Organization","@id":"https:\/\/firstmold.com\/#organization","name":"First Mold Manufacturing Limited","alternateName":"First Mold","url":"https:\/\/firstmold.com\/","logo":{"@type":"ImageObject","inLanguage":"de","@id":"https:\/\/firstmold.com\/#\/schema\/logo\/image\/","url":"https:\/\/firstmold.com\/wp-content\/uploads\/2025\/06\/First-Mold-Manufacturing-Limited-Site-Representation-Logo.png","contentUrl":"https:\/\/firstmold.com\/wp-content\/uploads\/2025\/06\/First-Mold-Manufacturing-Limited-Site-Representation-Logo.png","width":696,"height":696,"caption":"First Mold Manufacturing Limited"},"image":{"@id":"https:\/\/firstmold.com\/#\/schema\/logo\/image\/"},"sameAs":["https:\/\/www.youtube.com\/@firstmold","https:\/\/x.com\/firstmold2011","https:\/\/mastodon.social\/@firstmold"],"address":[{"@type":"PostalAddress","name":"China Base","streetAddress":"88 West Shagang Road, Gangkou Town","addressLocality":"Zhongshan City","addressRegion":"Guangdong","postalCode":"528447","addressCountry":"CN"},{"@type":"PostalAddress","name":"Mexico Factory","streetAddress":"Nave ISK-8, Parque Industrial y Log\u00edstico Sky Plus, Avenida Mineral de Cinco Se\u00f1ores No.100, del Parque Industrial Santa Fe","addressLocality":"Silao de la Victoria","addressRegion":"Guanajuato","postalCode":"36270","addressCountry":"MX"},{"@type":"PostalAddress","name":"France Branch","streetAddress":"2 Bis avenue des Cistes","addressLocality":"Roquefort -la-Bedoule","postalCode":"13830","addressCountry":"FR"},{"@type":"PostalAddress","name":"Singapore Branch","streetAddress":"60 Paya Lebar Road #08-55","addressLocality":"Singapore","postalCode":"409051","addressCountry":"SG"}],"description":"First Mold, dessen vollst\u00e4ndiger Name First Mold Manufacturing Limited lautet, ist ein gro\u00dfes Produktionsunternehmen, das sich auf die Herstellung von Formen, Spritzgussdienstleistungen, CNC-Bearbeitung und Rapid Prototyping spezialisiert hat. Mit Produktionsst\u00e4tten sowohl in China als auch in Mexiko bedient First Mold einen globalen Kundenkreis.","email":"marketing@firstmold.com","telephone":"+86 18928160183","legalName":"First Mold Manufacturing Limited","foundingDate":"2012-02-19","duns":"60-139-1218","numberOfEmployees":{"@type":"QuantitativeValue","minValue":"201","maxValue":"500"}}]}},"_links":{"self":[{"href":"https:\/\/firstmold.com\/de\/wp-json\/wp\/v2\/pages\/17017","targetHints":{"allow":["GET"]}}],"collection":[{"href":"https:\/\/firstmold.com\/de\/wp-json\/wp\/v2\/pages"}],"about":[{"href":"https:\/\/firstmold.com\/de\/wp-json\/wp\/v2\/types\/page"}],"author":[{"embeddable":true,"href":"https:\/\/firstmold.com\/de\/wp-json\/wp\/v2\/users\/5"}],"replies":[{"embeddable":true,"href":"https:\/\/firstmold.com\/de\/wp-json\/wp\/v2\/comments?post=17017"}],"version-history":[{"count":4,"href":"https:\/\/firstmold.com\/de\/wp-json\/wp\/v2\/pages\/17017\/revisions"}],"predecessor-version":[{"id":34448,"href":"https:\/\/firstmold.com\/de\/wp-json\/wp\/v2\/pages\/17017\/revisions\/34448"}],"wp:featuredmedia":[{"embeddable":true,"href":"https:\/\/firstmold.com\/de\/wp-json\/wp\/v2\/media\/17894"}],"wp:attachment":[{"href":"https:\/\/firstmold.com\/de\/wp-json\/wp\/v2\/media?parent=17017"}],"curies":[{"name":"wp","href":"https:\/\/api.w.org\/{rel}","templated":true}]}}